{"id":991,"date":"2017-03-06T14:50:28","date_gmt":"2017-03-06T12:50:28","guid":{"rendered":"http:\/\/rediteq.kajahdus.fi\/palvelut\/integraatiot"},"modified":"2017-04-27T12:57:17","modified_gmt":"2017-04-27T09:57:17","slug":"integrationtjanster","status":"publish","type":"page","link":"https:\/\/rediteq.fi\/sv\/tjanster\/integrationtjanster","title":{"rendered":"Integrationtj\u00e4nster"},"content":{"rendered":"[vc_row type=&#8221;full_width_background&#8221; full_screen_row_position=&#8221;middle&#8221; bg_image=&#8221;544&#8243; bg_position=&#8221;left top&#8221; bg_repeat=&#8221;no-repeat&#8221; scene_position=&#8221;center&#8221; text_color=&#8221;dark&#8221; text_align=&#8221;left&#8221; top_padding=&#8221;50&#8243; bottom_padding=&#8221;50&#8243; overlay_strength=&#8221;0.3&#8243;][vc_column column_padding=&#8221;padding-7-percent&#8221; column_padding_position=&#8221;top-bottom&#8221; background_color_opacity=&#8221;1&#8243; background_hover_color_opacity=&#8221;1&#8243; width=&#8221;1\/2&#8243; tablet_text_alignment=&#8221;default&#8221; phone_text_alignment=&#8221;default&#8221;][nectar_animated_title heading_tag=&#8221;h1&#8243; style=&#8221;color-strip-reveal&#8221; color=&#8221;Accent-Color&#8221; text=&#8221;Integrationtj\u00e4nster&#8221;][vc_row_inner text_align=&#8221;left&#8221;][vc_column_inner column_padding=&#8221;padding-5-percent&#8221; column_padding_position=&#8221;left-right&#8221; background_color=&#8221;#ffffff&#8221; background_color_opacity=&#8221;1&#8243; width=&#8221;1\/1&#8243;][divider line_type=&#8221;No Line&#8221; custom_height=&#8221;30&#8243;][vc_column_text el_class=&#8221;klassi2&#8243;]\n<h3>Ut\u00f6ver v\u00e5ra f\u00e4rdiga programpaket och standardtj\u00e4nster f\u00f6r administration av utbildning och kunskap erbjuder vi ocks\u00e5 skr\u00e4ddarsydda- och integrationstj\u00e4nster. I st\u00f6rre kundmilj\u00f6er \u00e4r det mer regel \u00e4n undantag att programpaketen anpassas och integreras med kundens egna system. Vid behov kan vi ocks\u00e5 utveckla till\u00e4ggsfunktionaliteter enligt kundens behov.<\/h3>\n[\/vc_column_text][divider line_type=&#8221;No Line&#8221; custom_height=&#8221;30&#8243;][nectar_btn size=&#8221;large&#8221; button_style=&#8221;see-through-2&#8243; color_override=&#8221;#c8232a&#8221; hover_text_color_override=&#8221;#ffffff&#8221; icon_family=&#8221;none&#8221; url=&#8221;#lues&#8221; text=&#8221;L\u00e4s mera&#8221;][divider line_type=&#8221;No Line&#8221; custom_height=&#8221;30&#8243;][\/vc_column_inner][\/vc_row_inner][\/vc_column][vc_column column_padding=&#8221;no-extra-padding&#8221; column_padding_position=&#8221;all&#8221; background_color_opacity=&#8221;1&#8243; background_hover_color_opacity=&#8221;1&#8243; width=&#8221;1\/2&#8243; tablet_text_alignment=&#8221;default&#8221; phone_text_alignment=&#8221;default&#8221;][\/vc_column][\/vc_row][vc_row type=&#8221;in_container&#8221; full_screen_row_position=&#8221;middle&#8221; scene_position=&#8221;center&#8221; text_color=&#8221;dark&#8221; text_align=&#8221;left&#8221; top_padding=&#8221;50&#8243; bottom_padding=&#8221;50&#8243; id=&#8221;lues&#8221; overlay_strength=&#8221;0.3&#8243;][vc_column column_padding=&#8221;padding-2-percent&#8221; column_padding_position=&#8221;all&#8221; background_color=&#8221;#f7f7f7&#8243; background_color_opacity=&#8221;1&#8243; background_hover_color_opacity=&#8221;1&#8243; width=&#8221;1\/3&#8243; tablet_text_alignment=&#8221;default&#8221; phone_text_alignment=&#8221;default&#8221;][vc_column_text el_class=&#8221;klassi3&#8243;]\n<h3>Helt\u00e4ckande systemintegration<\/h3>\n<p>Hela v\u00e5r utvecklingsprocess bygger p\u00e5 SOA-principen (Service-oriented architechture) och vi utnyttjar befintliga gr\u00e4nssnitt s\u00e5 l\u00e5ngt det \u00e4r m\u00f6jligt, v\u00e5ra program \u00e4r alla fr\u00e5n b\u00f6rjan designade med integration i \u00e5tanke. Campus Pro och Sopro \u00e4r ett fint integrationsexempel p\u00e5 hur de tillsammans skapar en v\u00e4lfungerande och helt\u00e4ckande l\u00f6sning f\u00f6r utbildningshantering, men de kan ocks\u00e5 erbjudas som skilda produkter med sina egna funktionaliteter.[\/vc_column_text][\/vc_column][vc_column column_padding=&#8221;padding-2-percent&#8221; column_padding_position=&#8221;all&#8221; background_color=&#8221;#f7f7f7&#8243; background_color_opacity=&#8221;1&#8243; background_hover_color_opacity=&#8221;1&#8243; el_class=&#8221;klassi3&#8243; width=&#8221;1\/3&#8243; tablet_text_alignment=&#8221;default&#8221; phone_text_alignment=&#8221;default&#8221;][vc_column_text]\n<h3>Utnyttjande av gr\u00e4nssnitt<\/h3>\n<p>F\u00f6r tillf\u00e4llet har v\u00e5ra program ett flertal gr\u00e4nssnitt till olika akt\u00f6rers vanligaste system, till exempel finansiella system, b\u00e5de f\u00f6r reskontra och bokf\u00f6ring och CRM-system.<\/p>\n<p>Just nu utvecklar vi och testar gr\u00e4nssnittet mellan v\u00e5rt system och KOSKI-tj\u00e4nsten och vi deltar i utvecklingen av de gemensamma gr\u00e4nssnitten. Tack vare gr\u00e4nssnittet till eGrunder kan Utbildningsstyrelsens examensstrukturer laddas till v\u00e5ra program.[\/vc_column_text][\/vc_column][vc_column column_padding=&#8221;padding-2-percent&#8221; column_padding_position=&#8221;all&#8221; background_color=&#8221;#f7f7f7&#8243; background_color_opacity=&#8221;1&#8243; background_hover_color_opacity=&#8221;1&#8243; el_class=&#8221;klassi3&#8243; width=&#8221;1\/3&#8243; tablet_text_alignment=&#8221;default&#8221; phone_text_alignment=&#8221;default&#8221;][vc_column_text]\n<h3>Skr\u00e4ddarsydda l\u00f6sningar<\/h3>\n<p>Med hj\u00e4lp av skr\u00e4ddarsydda l\u00f6sningar anpassar vi v\u00e5rt grundpaket s\u00e5 att det motsvarar Era behov. Om v\u00e5ra l\u00f6sningar passar era behov bra, men inte perfekt kan vi utveckla v\u00e5ra program enligt de behov som preciseras, s\u00e5 att l\u00f6sningen passar just f\u00f6r Er. Vi ger g\u00e4rna en offert p\u00e5 skr\u00e4ddarsydda l\u00f6sningar.<\/p>\n[\/vc_column_text][\/vc_column][\/vc_row]\n","protected":false},"excerpt":{"rendered":"<p>[vc_row type=&#8221;full_width_background&#8221; full_screen_row_position=&#8221;middle&#8221; bg_image=&#8221;544&#8243; bg_position=&#8221;left top&#8221; bg_repeat=&#8221;no-repeat&#8221; scene_position=&#8221;center&#8221; text_color=&#8221;dark&#8221; text_align=&#8221;left&#8221; top_padding=&#8221;50&#8243; bottom_padding=&#8221;50&#8243; overlay_strength=&#8221;0.3&#8243;][vc_column column_padding=&#8221;padding-7-percent&#8221; column_padding_position=&#8221;top-bottom&#8221; background_color_opacity=&#8221;1&#8243; background_hover_color_opacity=&#8221;1&#8243; width=&#8221;1\/2&#8243; tablet_text_alignment=&#8221;default&#8221; phone_text_alignment=&#8221;default&#8221;][nectar_animated_title&#8230;<\/p>\n","protected":false},"author":8,"featured_media":0,"parent":986,"menu_order":0,"comment_status":"closed","ping_status":"closed","template":"","meta":{"sfsi_plus_gutenberg_text_before_share":"","sfsi_plus_gutenberg_show_text_before_share":"","sfsi_plus_gutenberg_icon_type":"","sfsi_plus_gutenberg_icon_alignemt":"","sfsi_plus_gutenburg_max_per_row":"","footnotes":""},"class_list":["post-991","page","type-page","status-publish"],"featured_image_src":null,"yoast_head":"<!-- This site is optimized with the Yoast SEO plugin v26.8 - https:\/\/yoast.com\/product\/yoast-seo-wordpress\/ -->\n<title>Integrationtj\u00e4nster - Rediteq Oy<\/title>\n<meta name=\"robots\" content=\"index, follow, max-snippet:-1, max-image-preview:large, max-video-preview:-1\" \/>\n<link rel=\"canonical\" href=\"https:\/\/rediteq.fi\/sv\/tjanster\/integrationtjanster\" \/>\n<meta property=\"og:locale\" content=\"sv_SE\" \/>\n<meta property=\"og:type\" content=\"article\" \/>\n<meta property=\"og:title\" content=\"Integrationtj\u00e4nster - Rediteq Oy\" \/>\n<meta property=\"og:description\" content=\"[vc_row type=&#8221;full_width_background&#8221; full_screen_row_position=&#8221;middle&#8221; bg_image=&#8221;544&#8243; bg_position=&#8221;left top&#8221; bg_repeat=&#8221;no-repeat&#8221; scene_position=&#8221;center&#8221; text_color=&#8221;dark&#8221; text_align=&#8221;left&#8221; top_padding=&#8221;50&#8243; bottom_padding=&#8221;50&#8243; overlay_strength=&#8221;0.3&#8243;][vc_column column_padding=&#8221;padding-7-percent&#8221; column_padding_position=&#8221;top-bottom&#8221; background_color_opacity=&#8221;1&#8243; background_hover_color_opacity=&#8221;1&#8243; width=&#8221;1\/2&#8243; tablet_text_alignment=&#8221;default&#8221; phone_text_alignment=&#8221;default&#8221;][nectar_animated_title...\" \/>\n<meta property=\"og:url\" content=\"https:\/\/rediteq.fi\/sv\/tjanster\/integrationtjanster\" \/>\n<meta property=\"og:site_name\" content=\"Rediteq Oy\" \/>\n<meta property=\"article:publisher\" content=\"https:\/\/www.facebook.com\/Rediteq\/?fref=ts\" \/>\n<meta property=\"article:modified_time\" content=\"2017-04-27T09:57:17+00:00\" \/>\n<meta name=\"twitter:card\" content=\"summary_large_image\" \/>\n<meta name=\"twitter:label1\" content=\"Ber\u00e4knad l\u00e4stid\" \/>\n\t<meta name=\"twitter:data1\" content=\"3 minuter\" \/>\n<script type=\"application\/ld+json\" class=\"yoast-schema-graph\">{\"@context\":\"https:\/\/schema.org\",\"@graph\":[{\"@type\":\"WebPage\",\"@id\":\"https:\/\/rediteq.fi\/sv\/tjanster\/integrationtjanster\",\"url\":\"https:\/\/rediteq.fi\/sv\/tjanster\/integrationtjanster\",\"name\":\"Integrationtj\u00e4nster - Rediteq Oy\",\"isPartOf\":{\"@id\":\"https:\/\/rediteq.fi\/#website\"},\"datePublished\":\"2017-03-06T12:50:28+00:00\",\"dateModified\":\"2017-04-27T09:57:17+00:00\",\"breadcrumb\":{\"@id\":\"https:\/\/rediteq.fi\/sv\/tjanster\/integrationtjanster#breadcrumb\"},\"inLanguage\":\"sv-SE\",\"potentialAction\":[{\"@type\":\"ReadAction\",\"target\":[\"https:\/\/rediteq.fi\/sv\/tjanster\/integrationtjanster\"]}]},{\"@type\":\"BreadcrumbList\",\"@id\":\"https:\/\/rediteq.fi\/sv\/tjanster\/integrationtjanster#breadcrumb\",\"itemListElement\":[{\"@type\":\"ListItem\",\"position\":1,\"name\":\"Home\",\"item\":\"https:\/\/rediteq.fi\/sv\"},{\"@type\":\"ListItem\",\"position\":2,\"name\":\"Tj\u00e4nster\",\"item\":\"https:\/\/rediteq.fi\/sv\/tjanster\"},{\"@type\":\"ListItem\",\"position\":3,\"name\":\"Integrationtj\u00e4nster\"}]},{\"@type\":\"WebSite\",\"@id\":\"https:\/\/rediteq.fi\/#website\",\"url\":\"https:\/\/rediteq.fi\/\",\"name\":\"Rediteq Oy\",\"description\":\"Koulutusratkaisut yrityksille ja oppilaitoksille\",\"publisher\":{\"@id\":\"https:\/\/rediteq.fi\/#organization\"},\"potentialAction\":[{\"@type\":\"SearchAction\",\"target\":{\"@type\":\"EntryPoint\",\"urlTemplate\":\"https:\/\/rediteq.fi\/?s={search_term_string}\"},\"query-input\":{\"@type\":\"PropertyValueSpecification\",\"valueRequired\":true,\"valueName\":\"search_term_string\"}}],\"inLanguage\":\"sv-SE\"},{\"@type\":\"Organization\",\"@id\":\"https:\/\/rediteq.fi\/#organization\",\"name\":\"Rediteq Oy\",\"url\":\"https:\/\/rediteq.fi\/\",\"logo\":{\"@type\":\"ImageObject\",\"inLanguage\":\"sv-SE\",\"@id\":\"https:\/\/rediteq.fi\/#\/schema\/logo\/image\/\",\"url\":\"https:\/\/rediteq.fi\/wp-content\/uploads\/2017\/02\/rediteq_logo_png_600px.png\",\"contentUrl\":\"https:\/\/rediteq.fi\/wp-content\/uploads\/2017\/02\/rediteq_logo_png_600px.png\",\"width\":600,\"height\":140,\"caption\":\"Rediteq Oy\"},\"image\":{\"@id\":\"https:\/\/rediteq.fi\/#\/schema\/logo\/image\/\"},\"sameAs\":[\"https:\/\/www.facebook.com\/Rediteq\/?fref=ts\",\"https:\/\/www.instagram.com\/rediteqfi\/\",\"https:\/\/www.youtube.com\/channel\/UChdWBDfytwfkNSFYdMv33MA\"]}]}<\/script>\n<!-- \/ Yoast SEO plugin. -->","yoast_head_json":{"title":"Integrationtj\u00e4nster - Rediteq Oy","robots":{"index":"index","follow":"follow","max-snippet":"max-snippet:-1","max-image-preview":"max-image-preview:large","max-video-preview":"max-video-preview:-1"},"canonical":"https:\/\/rediteq.fi\/sv\/tjanster\/integrationtjanster","og_locale":"sv_SE","og_type":"article","og_title":"Integrationtj\u00e4nster - Rediteq Oy","og_description":"[vc_row type=&#8221;full_width_background&#8221; full_screen_row_position=&#8221;middle&#8221; bg_image=&#8221;544&#8243; bg_position=&#8221;left top&#8221; bg_repeat=&#8221;no-repeat&#8221; scene_position=&#8221;center&#8221; text_color=&#8221;dark&#8221; text_align=&#8221;left&#8221; top_padding=&#8221;50&#8243; bottom_padding=&#8221;50&#8243; overlay_strength=&#8221;0.3&#8243;][vc_column column_padding=&#8221;padding-7-percent&#8221; column_padding_position=&#8221;top-bottom&#8221; background_color_opacity=&#8221;1&#8243; background_hover_color_opacity=&#8221;1&#8243; width=&#8221;1\/2&#8243; tablet_text_alignment=&#8221;default&#8221; phone_text_alignment=&#8221;default&#8221;][nectar_animated_title...","og_url":"https:\/\/rediteq.fi\/sv\/tjanster\/integrationtjanster","og_site_name":"Rediteq Oy","article_publisher":"https:\/\/www.facebook.com\/Rediteq\/?fref=ts","article_modified_time":"2017-04-27T09:57:17+00:00","twitter_card":"summary_large_image","twitter_misc":{"Ber\u00e4knad l\u00e4stid":"3 minuter"},"schema":{"@context":"https:\/\/schema.org","@graph":[{"@type":"WebPage","@id":"https:\/\/rediteq.fi\/sv\/tjanster\/integrationtjanster","url":"https:\/\/rediteq.fi\/sv\/tjanster\/integrationtjanster","name":"Integrationtj\u00e4nster - Rediteq Oy","isPartOf":{"@id":"https:\/\/rediteq.fi\/#website"},"datePublished":"2017-03-06T12:50:28+00:00","dateModified":"2017-04-27T09:57:17+00:00","breadcrumb":{"@id":"https:\/\/rediteq.fi\/sv\/tjanster\/integrationtjanster#breadcrumb"},"inLanguage":"sv-SE","potentialAction":[{"@type":"ReadAction","target":["https:\/\/rediteq.fi\/sv\/tjanster\/integrationtjanster"]}]},{"@type":"BreadcrumbList","@id":"https:\/\/rediteq.fi\/sv\/tjanster\/integrationtjanster#breadcrumb","itemListElement":[{"@type":"ListItem","position":1,"name":"Home","item":"https:\/\/rediteq.fi\/sv"},{"@type":"ListItem","position":2,"name":"Tj\u00e4nster","item":"https:\/\/rediteq.fi\/sv\/tjanster"},{"@type":"ListItem","position":3,"name":"Integrationtj\u00e4nster"}]},{"@type":"WebSite","@id":"https:\/\/rediteq.fi\/#website","url":"https:\/\/rediteq.fi\/","name":"Rediteq Oy","description":"Koulutusratkaisut yrityksille ja oppilaitoksille","publisher":{"@id":"https:\/\/rediteq.fi\/#organization"},"potentialAction":[{"@type":"SearchAction","target":{"@type":"EntryPoint","urlTemplate":"https:\/\/rediteq.fi\/?s={search_term_string}"},"query-input":{"@type":"PropertyValueSpecification","valueRequired":true,"valueName":"search_term_string"}}],"inLanguage":"sv-SE"},{"@type":"Organization","@id":"https:\/\/rediteq.fi\/#organization","name":"Rediteq Oy","url":"https:\/\/rediteq.fi\/","logo":{"@type":"ImageObject","inLanguage":"sv-SE","@id":"https:\/\/rediteq.fi\/#\/schema\/logo\/image\/","url":"https:\/\/rediteq.fi\/wp-content\/uploads\/2017\/02\/rediteq_logo_png_600px.png","contentUrl":"https:\/\/rediteq.fi\/wp-content\/uploads\/2017\/02\/rediteq_logo_png_600px.png","width":600,"height":140,"caption":"Rediteq Oy"},"image":{"@id":"https:\/\/rediteq.fi\/#\/schema\/logo\/image\/"},"sameAs":["https:\/\/www.facebook.com\/Rediteq\/?fref=ts","https:\/\/www.instagram.com\/rediteqfi\/","https:\/\/www.youtube.com\/channel\/UChdWBDfytwfkNSFYdMv33MA"]}]}},"_links":{"self":[{"href":"https:\/\/rediteq.fi\/sv\/wp-json\/wp\/v2\/pages\/991","targetHints":{"allow":["GET"]}}],"collection":[{"href":"https:\/\/rediteq.fi\/sv\/wp-json\/wp\/v2\/pages"}],"about":[{"href":"https:\/\/rediteq.fi\/sv\/wp-json\/wp\/v2\/types\/page"}],"author":[{"embeddable":true,"href":"https:\/\/rediteq.fi\/sv\/wp-json\/wp\/v2\/users\/8"}],"replies":[{"embeddable":true,"href":"https:\/\/rediteq.fi\/sv\/wp-json\/wp\/v2\/comments?post=991"}],"version-history":[{"count":0,"href":"https:\/\/rediteq.fi\/sv\/wp-json\/wp\/v2\/pages\/991\/revisions"}],"up":[{"embeddable":true,"href":"https:\/\/rediteq.fi\/sv\/wp-json\/wp\/v2\/pages\/986"}],"wp:attachment":[{"href":"https:\/\/rediteq.fi\/sv\/wp-json\/wp\/v2\/media?parent=991"}],"curies":[{"name":"wp","href":"https:\/\/api.w.org\/{rel}","templated":true}]}}