{"id":977,"date":"2017-03-07T17:48:35","date_gmt":"2017-03-07T15:48:35","guid":{"rendered":"http:\/\/rediteq.kajahdus.fi\/yritys"},"modified":"2023-01-03T15:03:02","modified_gmt":"2023-01-03T13:03:02","slug":"foretaget","status":"publish","type":"page","link":"https:\/\/rediteq.fi\/sv\/foretaget","title":{"rendered":"F\u00f6retaget"},"content":{"rendered":"[vc_row type=&#8221;full_width_background&#8221; full_screen_row_position=&#8221;middle&#8221; column_margin=&#8221;default&#8221; column_direction=&#8221;default&#8221; column_direction_tablet=&#8221;default&#8221; column_direction_phone=&#8221;default&#8221; bg_image=&#8221;294&#8243; bg_position=&#8221;left top&#8221; background_image_loading=&#8221;default&#8221; bg_repeat=&#8221;no-repeat&#8221; scene_position=&#8221;center&#8221; top_padding=&#8221;50&#8243; bottom_padding=&#8221;50&#8243; text_color=&#8221;dark&#8221; text_align=&#8221;left&#8221; row_border_radius=&#8221;none&#8221; row_border_radius_applies=&#8221;bg&#8221; overflow=&#8221;visible&#8221; overlay_strength=&#8221;0.3&#8243; gradient_direction=&#8221;left_to_right&#8221; shape_divider_position=&#8221;bottom&#8221; bg_image_animation=&#8221;none&#8221;][vc_column column_padding=&#8221;padding-7-percent&#8221; column_padding_tablet=&#8221;inherit&#8221; column_padding_phone=&#8221;inherit&#8221; column_padding_position=&#8221;top-bottom&#8221; column_element_direction_desktop=&#8221;default&#8221; column_element_spacing=&#8221;default&#8221; desktop_text_alignment=&#8221;default&#8221; tablet_text_alignment=&#8221;default&#8221; phone_text_alignment=&#8221;default&#8221; background_color_opacity=&#8221;1&#8243; background_hover_color_opacity=&#8221;1&#8243; column_backdrop_filter=&#8221;none&#8221; column_shadow=&#8221;none&#8221; column_border_radius=&#8221;none&#8221; column_link_target=&#8221;_self&#8221; column_position=&#8221;default&#8221; gradient_direction=&#8221;left_to_right&#8221; overlay_strength=&#8221;0.3&#8243; width=&#8221;1\/2&#8243; tablet_width_inherit=&#8221;default&#8221; animation_type=&#8221;default&#8221; bg_image_animation=&#8221;none&#8221; border_type=&#8221;simple&#8221; column_border_width=&#8221;none&#8221; column_border_style=&#8221;solid&#8221;][nectar_animated_title heading_tag=&#8221;h1&#8243; style=&#8221;color-strip-reveal&#8221; color=&#8221;Accent-Color&#8221; text=&#8221;Rediteq Oy&#8221;][divider line_type=&#8221;No Line&#8221; custom_height=&#8221;20&#8243;][vc_column_text el_class=&#8221;klassi2&#8243;]\n<h3>Rediteq Oy, grundat 1991, \u00e4r ett mjukvaruf\u00f6retag inriktat p\u00e5 administration av utbildning. Vi utvecklar program f\u00f6r utbildnings-, studerande- och kunskapshantering.<\/h3>\n[\/vc_column_text][divider line_type=&#8221;No Line&#8221; custom_height=&#8221;50&#8243;][nectar_btn size=&#8221;large&#8221; button_style=&#8221;see-through-2&#8243; color_override=&#8221;#c8232a&#8221; hover_text_color_override=&#8221;#ffffff&#8221; icon_family=&#8221;none&#8221; url=&#8221;\/sv\/foretaget\/kontaktuppgifter&#8221; text=&#8221;Kontakta oss&#8221;][\/vc_column][vc_column column_padding=&#8221;no-extra-padding&#8221; column_padding_tablet=&#8221;inherit&#8221; column_padding_phone=&#8221;inherit&#8221; column_padding_position=&#8221;all&#8221; column_element_direction_desktop=&#8221;default&#8221; column_element_spacing=&#8221;default&#8221; desktop_text_alignment=&#8221;default&#8221; tablet_text_alignment=&#8221;default&#8221; phone_text_alignment=&#8221;default&#8221; background_color_opacity=&#8221;1&#8243; background_hover_color_opacity=&#8221;1&#8243; column_backdrop_filter=&#8221;none&#8221; column_shadow=&#8221;none&#8221; column_border_radius=&#8221;none&#8221; column_link_target=&#8221;_self&#8221; column_position=&#8221;default&#8221; gradient_direction=&#8221;left_to_right&#8221; overlay_strength=&#8221;0.3&#8243; width=&#8221;1\/2&#8243; tablet_width_inherit=&#8221;default&#8221; animation_type=&#8221;default&#8221; bg_image_animation=&#8221;none&#8221; border_type=&#8221;simple&#8221; column_border_width=&#8221;none&#8221; column_border_style=&#8221;solid&#8221;][\/vc_column][\/vc_row][vc_row type=&#8221;in_container&#8221; full_screen_row_position=&#8221;middle&#8221; column_margin=&#8221;default&#8221; column_direction=&#8221;default&#8221; column_direction_tablet=&#8221;default&#8221; column_direction_phone=&#8221;default&#8221; scene_position=&#8221;center&#8221; top_padding=&#8221;50&#8243; bottom_padding=&#8221;50&#8243; text_color=&#8221;dark&#8221; text_align=&#8221;left&#8221; row_border_radius=&#8221;none&#8221; row_border_radius_applies=&#8221;bg&#8221; overflow=&#8221;visible&#8221; overlay_strength=&#8221;0.3&#8243; gradient_direction=&#8221;left_to_right&#8221; shape_divider_position=&#8221;bottom&#8221; bg_image_animation=&#8221;none&#8221;][vc_column column_padding=&#8221;padding-2-percent&#8221; column_padding_tablet=&#8221;inherit&#8221; column_padding_phone=&#8221;inherit&#8221; column_padding_position=&#8221;all&#8221; column_element_direction_desktop=&#8221;default&#8221; column_element_spacing=&#8221;default&#8221; desktop_text_alignment=&#8221;default&#8221; tablet_text_alignment=&#8221;default&#8221; phone_text_alignment=&#8221;default&#8221; background_color=&#8221;#f7f7f7&#8243; background_color_opacity=&#8221;1&#8243; background_hover_color_opacity=&#8221;1&#8243; column_backdrop_filter=&#8221;none&#8221; column_shadow=&#8221;none&#8221; column_border_radius=&#8221;none&#8221; column_link_target=&#8221;_self&#8221; column_position=&#8221;default&#8221; el_class=&#8221;klassi3&#8243; gradient_direction=&#8221;left_to_right&#8221; overlay_strength=&#8221;0.3&#8243; width=&#8221;2\/3&#8243; tablet_width_inherit=&#8221;default&#8221; animation_type=&#8221;default&#8221; bg_image_animation=&#8221;none&#8221; border_type=&#8221;simple&#8221; column_border_width=&#8221;none&#8221; column_border_style=&#8221;solid&#8221;][vc_column_text el_class=&#8221;klassi3&#8243;]\n<h3>Marknadledare i Finland<\/h3>\n<p>Rediteq Oy, grundat 1991, \u00e4r ett mjukvaruf\u00f6retag inriktat p\u00e5 administration av utbildning. Vi utvecklar program f\u00f6r utbildnings-, studerande- och kunskapshantering. V\u00e5ra utbildningsprodukter l\u00e4mpar sig f\u00f6r administration av m\u00e5nga former av utbildning. D\u00e5 st\u00f6rsta delen av Finlands l\u00e4roavtal administreras med v\u00e5ra program har vi ocks\u00e5 en mycket god kunskap och erfarenhet av kompetensbaserad utbildning och hantering av inl\u00e4rning i arbetet.<\/p>\n<p>Ett l\u00e5ngt utvecklingsarbete och t\u00e4tt samarbete med utbildningsannordnare har resulterat i att v\u00e5ra program till stor del bygger p\u00e5 b\u00e4sta praxis fr\u00e5n f\u00e4ltet. Med hj\u00e4lp av v\u00e5ra program administreras st\u00f6rsta delen av Finlands l\u00e4roavtal. V\u00e5r breda kundkrets garanterar att programvarans utvecklingsarbete kommer att forts\u00e4tta \u00e4ven i framtiden.[\/vc_column_text][divider line_type=&#8221;No Line&#8221; custom_height=&#8221;30&#8243;][divider line_type=&#8221;No Line&#8221; custom_height=&#8221;30&#8243;][toggles style=&#8221;default&#8221; border_radius=&#8221;none&#8221;][toggle color=&#8221;Default&#8221; heading_tag=&#8221;default&#8221; heading_tag_functionality=&#8221;default&#8221; title=&#8221;PARTNERSKAP&#8221;][vc_column_text]<img loading=\"lazy\" decoding=\"async\" class=\"alignnone wp-image-915 size-full\" src=\"https:\/\/rediteq.fi\/wp-content\/uploads\/2017\/03\/MicrosoftPartnerLogo_250pxjpg.jpg\" alt=\"\" width=\"250\" height=\"70\" \/><\/p>\n<p>Vi \u00e4r samarbetspartner med Microsoft, via samarbetet har vi f\u00e5tt \u201cApplication Development\u201d-kompetens. Detta inneb\u00e4r att vi har en p\u00e5visad kunskap och erfarenhet om Microsofts produkter, teknik och l\u00f6sningar samt att v\u00e5ra program utnyttjar dessa innovativa l\u00f6sningar. V\u00e5ra kunskaper inom Microsoft-teknologi har vi ocks\u00e5 bevisat i v\u00e5ra kundl\u00f6sningar.<\/p>\n<p>&nbsp;<\/p>\n<p><img loading=\"lazy\" decoding=\"async\" class=\"alignnone wp-image-1052 size-full\" src=\"https:\/\/rediteq.fi\/wp-content\/uploads\/2017\/03\/sy_jasenyritys_2017_200x100px.png\" alt=\"\" width=\"200\" height=\"100\" \/><\/p>\n<p>Rediteq Oy \u00e4r en medlem i F\u00f6retagarna i Finland, som \u00e4r n\u00e4ringslivets st\u00f6rsta f\u00f6retagarorganisation med \u00f6ver 116 000 medlemmar. Organisationen jobbar f\u00f6r att f\u00f6rb\u00e4ttra verksamhetsf\u00f6ruts\u00e4ttningarna f\u00f6r sm\u00e5- och medelstora f\u00f6retag.<\/p>\n<p>&nbsp;<\/p>\n<p><img loading=\"lazy\" decoding=\"async\" class=\"alignnone size-full wp-image-1038\" src=\"https:\/\/rediteq.fi\/wp-content\/uploads\/2017\/03\/Ohjelmistoyrittajat_logoFI-web.jpg\" alt=\"\" width=\"250\" height=\"61\" \/><\/p>\n<p><img loading=\"lazy\" decoding=\"async\" class=\"alignnone size-full wp-image-1606\" src=\"https:\/\/rediteq.fi\/wp-content\/uploads\/2017\/03\/SFF-positive-web.jpg_edited.jpg\" alt=\"\" width=\"250\" height=\"64\" \/><\/p>\n<p>Rediteq Oy \u00e4r en medlem medi Suomen Ohjelmistoyritt\u00e4j\u00e4t ry (Finlands mjukvaruf\u00f6retagare). Suomen Ohjelmistoyritt\u00e4j\u00e4t \u00e4r en sammanslutning av alliansfria, innovativa, yrkeskunniga, tillv\u00e4xtorienterade och f\u00f6retagsamma mjukvaruf\u00f6retag. V\u00e5ra mjukvara \u00e4r finl\u00e4ndsk och via Ohjelmistoyritt\u00e4j\u00e4t kan vi anv\u00e4nda \u201cSoftware from Finland\u201d emblemet.<\/p>\n<p>&nbsp;<\/p>\n<p><img loading=\"lazy\" decoding=\"async\" class=\"alignnone wp-image-919 size-full\" src=\"https:\/\/rediteq.fi\/wp-content\/uploads\/2017\/03\/Jasenlogo_Turun-kauppakamari_162px.jpg\" alt=\"\" width=\"162\" height=\"100\" \/><\/p>\n<p>Rediteq Oy \u00e4r en medlem i \u00c5bo handelskammare. \u00c5bo handelskammare \u00e4r en betydande opinionsbildare och intressebevakare i regionen. En av handelskammarens viktigaste uppgifter \u00e4r att fr\u00e4mja f\u00f6retagens verksamhet och tillv\u00e4xt i regionen.[\/vc_column_text][\/toggle][\/toggles][\/vc_column][vc_column column_padding=&#8221;padding-2-percent&#8221; column_padding_tablet=&#8221;inherit&#8221; column_padding_phone=&#8221;inherit&#8221; column_padding_position=&#8221;all&#8221; column_element_direction_desktop=&#8221;default&#8221; column_element_spacing=&#8221;default&#8221; desktop_text_alignment=&#8221;default&#8221; tablet_text_alignment=&#8221;default&#8221; phone_text_alignment=&#8221;default&#8221; background_color=&#8221;#f7f7f7&#8243; background_color_opacity=&#8221;1&#8243; background_hover_color_opacity=&#8221;1&#8243; column_backdrop_filter=&#8221;none&#8221; column_shadow=&#8221;none&#8221; column_border_radius=&#8221;none&#8221; column_link_target=&#8221;_self&#8221; column_position=&#8221;default&#8221; gradient_direction=&#8221;left_to_right&#8221; overlay_strength=&#8221;0.3&#8243; width=&#8221;1\/3&#8243; tablet_width_inherit=&#8221;default&#8221; animation_type=&#8221;default&#8221; bg_image_animation=&#8221;none&#8221; border_type=&#8221;simple&#8221; column_border_width=&#8221;none&#8221; column_border_style=&#8221;solid&#8221;][vc_column_text el_class=&#8221;klassi3&#8243;]\n<h3>Ekonomin i skick<\/h3>\n<p>V\u00e5rt f\u00f6retag har uppn\u00e5tt den h\u00f6ga klassificeringen Rating Alfa, utdelat av Suomen Asiakastieto.[\/vc_column_text][vc_row_inner equal_height=&#8221;yes&#8221; content_placement=&#8221;middle&#8221; column_margin=&#8221;default&#8221; column_direction=&#8221;default&#8221; column_direction_tablet=&#8221;default&#8221; column_direction_phone=&#8221;default&#8221; top_padding=&#8221;30&#8243; text_align=&#8221;left&#8221; row_position=&#8221;default&#8221; row_position_tablet=&#8221;inherit&#8221; row_position_phone=&#8221;inherit&#8221; overflow=&#8221;visible&#8221; pointer_events=&#8221;all&#8221;][vc_column_inner column_padding=&#8221;no-extra-padding&#8221; column_padding_tablet=&#8221;inherit&#8221; column_padding_phone=&#8221;inherit&#8221; column_padding_position=&#8221;all&#8221; column_element_direction_desktop=&#8221;default&#8221; column_element_spacing=&#8221;default&#8221; desktop_text_alignment=&#8221;default&#8221; tablet_text_alignment=&#8221;default&#8221; phone_text_alignment=&#8221;default&#8221; background_color_opacity=&#8221;1&#8243; background_hover_color_opacity=&#8221;1&#8243; column_backdrop_filter=&#8221;none&#8221; column_shadow=&#8221;none&#8221; column_border_radius=&#8221;none&#8221; column_link_target=&#8221;_self&#8221; overflow=&#8221;visible&#8221; gradient_direction=&#8221;left_to_right&#8221; overlay_strength=&#8221;0.3&#8243; width=&#8221;1\/2&#8243; tablet_width_inherit=&#8221;default&#8221; animation_type=&#8221;default&#8221; bg_image_animation=&#8221;none&#8221; border_type=&#8221;simple&#8221; column_border_width=&#8221;none&#8221; column_border_style=&#8221;solid&#8221;][image_with_animation image_url=&#8221;8166&#8243; image_size=&#8221;full&#8221; animation_type=&#8221;entrance&#8221; animation=&#8221;None&#8221; animation_movement_type=&#8221;transform_y&#8221; hover_animation=&#8221;none&#8221; alignment=&#8221;&#8221; img_link_target=&#8221;_blank&#8221; border_radius=&#8221;none&#8221; box_shadow=&#8221;none&#8221; image_loading=&#8221;default&#8221; max_width=&#8221;100%&#8221; max_width_mobile=&#8221;default&#8221; img_link=&#8221;http:\/\/www.asiakastieto.fi\/sert\/SV_Rediteq_Oy_FI_222800.pdf&#8221;][\/vc_column_inner][vc_column_inner column_padding=&#8221;no-extra-padding&#8221; column_padding_tablet=&#8221;inherit&#8221; column_padding_phone=&#8221;inherit&#8221; column_padding_position=&#8221;all&#8221; column_element_direction_desktop=&#8221;default&#8221; column_element_spacing=&#8221;default&#8221; desktop_text_alignment=&#8221;default&#8221; tablet_text_alignment=&#8221;default&#8221; phone_text_alignment=&#8221;default&#8221; background_color_opacity=&#8221;1&#8243; background_hover_color_opacity=&#8221;1&#8243; column_backdrop_filter=&#8221;none&#8221; column_shadow=&#8221;none&#8221; column_border_radius=&#8221;none&#8221; column_link_target=&#8221;_self&#8221; overflow=&#8221;visible&#8221; gradient_direction=&#8221;left_to_right&#8221; overlay_strength=&#8221;0.3&#8243; width=&#8221;1\/2&#8243; tablet_width_inherit=&#8221;default&#8221; animation_type=&#8221;default&#8221; bg_image_animation=&#8221;none&#8221; border_type=&#8221;simple&#8221; column_border_width=&#8221;none&#8221; column_border_style=&#8221;solid&#8221;][image_with_animation image_url=&#8221;415&#8243; image_size=&#8221;full&#8221; animation_type=&#8221;entrance&#8221; animation=&#8221;None&#8221; animation_movement_type=&#8221;transform_y&#8221; hover_animation=&#8221;none&#8221; alignment=&#8221;&#8221; img_link_target=&#8221;_blank&#8221; border_radius=&#8221;none&#8221; box_shadow=&#8221;none&#8221; image_loading=&#8221;default&#8221; max_width=&#8221;100%&#8221; max_width_mobile=&#8221;default&#8221; img_link=&#8221;https:\/\/www.tilaajavastuu.fi\/fi\/pikatarkistus\/?yt=0832052-7&#8243;][\/vc_column_inner][\/vc_row_inner][\/vc_column][\/vc_row]\n","protected":false},"excerpt":{"rendered":"<p>[vc_row type=&#8221;full_width_background&#8221; full_screen_row_position=&#8221;middle&#8221; column_margin=&#8221;default&#8221; column_direction=&#8221;default&#8221; column_direction_tablet=&#8221;default&#8221; column_direction_phone=&#8221;default&#8221; bg_image=&#8221;294&#8243; bg_position=&#8221;left top&#8221; background_image_loading=&#8221;default&#8221; bg_repeat=&#8221;no-repeat&#8221; scene_position=&#8221;center&#8221; top_padding=&#8221;50&#8243; bottom_padding=&#8221;50&#8243; text_color=&#8221;dark&#8221; text_align=&#8221;left&#8221; row_border_radius=&#8221;none&#8221; row_border_radius_applies=&#8221;bg&#8221; overflow=&#8221;visible&#8221;&#8230;<\/p>\n","protected":false},"author":8,"featured_media":2749,"parent":0,"menu_order":0,"comment_status":"closed","ping_status":"closed","template":"","meta":{"sfsi_plus_gutenberg_text_before_share":"","sfsi_plus_gutenberg_show_text_before_share":"","sfsi_plus_gutenberg_icon_type":"","sfsi_plus_gutenberg_icon_alignemt":"","sfsi_plus_gutenburg_max_per_row":"","footnotes":""},"class_list":["post-977","page","type-page","status-publish","has-post-thumbnail"],"featured_image_src":"https:\/\/rediteq.fi\/wp-content\/uploads\/2017\/03\/teippaukset1.jpg","yoast_head":"<!-- This site is optimized with the Yoast SEO plugin v26.8 - https:\/\/yoast.com\/product\/yoast-seo-wordpress\/ -->\n<title>F\u00f6retaget - Rediteq Oy<\/title>\n<meta name=\"robots\" content=\"index, follow, max-snippet:-1, max-image-preview:large, max-video-preview:-1\" \/>\n<link rel=\"canonical\" href=\"https:\/\/rediteq.fi\/sv\/foretaget\" \/>\n<meta property=\"og:locale\" content=\"sv_SE\" \/>\n<meta property=\"og:type\" content=\"article\" \/>\n<meta property=\"og:title\" content=\"F\u00f6retaget - Rediteq Oy\" \/>\n<meta property=\"og:description\" content=\"[vc_row type=&#8221;full_width_background&#8221; full_screen_row_position=&#8221;middle&#8221; column_margin=&#8221;default&#8221; column_direction=&#8221;default&#8221; column_direction_tablet=&#8221;default&#8221; column_direction_phone=&#8221;default&#8221; bg_image=&#8221;294&#8243; bg_position=&#8221;left top&#8221; background_image_loading=&#8221;default&#8221; bg_repeat=&#8221;no-repeat&#8221; scene_position=&#8221;center&#8221; top_padding=&#8221;50&#8243; bottom_padding=&#8221;50&#8243; text_color=&#8221;dark&#8221; text_align=&#8221;left&#8221; row_border_radius=&#8221;none&#8221; row_border_radius_applies=&#8221;bg&#8221; overflow=&#8221;visible&#8221;...\" \/>\n<meta property=\"og:url\" content=\"https:\/\/rediteq.fi\/sv\/foretaget\" \/>\n<meta property=\"og:site_name\" content=\"Rediteq Oy\" \/>\n<meta property=\"article:publisher\" content=\"https:\/\/www.facebook.com\/Rediteq\/?fref=ts\" \/>\n<meta property=\"article:modified_time\" content=\"2023-01-03T13:03:02+00:00\" \/>\n<meta property=\"og:image\" content=\"https:\/\/rediteq.fi\/wp-content\/uploads\/2017\/03\/MicrosoftPartnerLogo_250pxjpg.jpg\" \/>\n<meta name=\"twitter:card\" content=\"summary_large_image\" \/>\n<meta name=\"twitter:label1\" content=\"Ber\u00e4knad l\u00e4stid\" \/>\n\t<meta name=\"twitter:data1\" content=\"7 minuter\" \/>\n<script type=\"application\/ld+json\" class=\"yoast-schema-graph\">{\"@context\":\"https:\/\/schema.org\",\"@graph\":[{\"@type\":\"WebPage\",\"@id\":\"https:\/\/rediteq.fi\/sv\/foretaget\",\"url\":\"https:\/\/rediteq.fi\/sv\/foretaget\",\"name\":\"F\u00f6retaget - Rediteq Oy\",\"isPartOf\":{\"@id\":\"https:\/\/rediteq.fi\/#website\"},\"primaryImageOfPage\":{\"@id\":\"https:\/\/rediteq.fi\/sv\/foretaget#primaryimage\"},\"image\":{\"@id\":\"https:\/\/rediteq.fi\/sv\/foretaget#primaryimage\"},\"thumbnailUrl\":\"https:\/\/rediteq.fi\/wp-content\/uploads\/2017\/03\/teippaukset1.jpg\",\"datePublished\":\"2017-03-07T15:48:35+00:00\",\"dateModified\":\"2023-01-03T13:03:02+00:00\",\"breadcrumb\":{\"@id\":\"https:\/\/rediteq.fi\/sv\/foretaget#breadcrumb\"},\"inLanguage\":\"sv-SE\",\"potentialAction\":[{\"@type\":\"ReadAction\",\"target\":[\"https:\/\/rediteq.fi\/sv\/foretaget\"]}]},{\"@type\":\"ImageObject\",\"inLanguage\":\"sv-SE\",\"@id\":\"https:\/\/rediteq.fi\/sv\/foretaget#primaryimage\",\"url\":\"https:\/\/rediteq.fi\/wp-content\/uploads\/2017\/03\/teippaukset1.jpg\",\"contentUrl\":\"https:\/\/rediteq.fi\/wp-content\/uploads\/2017\/03\/teippaukset1.jpg\",\"width\":2048,\"height\":655},{\"@type\":\"BreadcrumbList\",\"@id\":\"https:\/\/rediteq.fi\/sv\/foretaget#breadcrumb\",\"itemListElement\":[{\"@type\":\"ListItem\",\"position\":1,\"name\":\"Home\",\"item\":\"https:\/\/rediteq.fi\/sv\"},{\"@type\":\"ListItem\",\"position\":2,\"name\":\"F\u00f6retaget\"}]},{\"@type\":\"WebSite\",\"@id\":\"https:\/\/rediteq.fi\/#website\",\"url\":\"https:\/\/rediteq.fi\/\",\"name\":\"Rediteq Oy\",\"description\":\"Koulutusratkaisut yrityksille ja oppilaitoksille\",\"publisher\":{\"@id\":\"https:\/\/rediteq.fi\/#organization\"},\"potentialAction\":[{\"@type\":\"SearchAction\",\"target\":{\"@type\":\"EntryPoint\",\"urlTemplate\":\"https:\/\/rediteq.fi\/?s={search_term_string}\"},\"query-input\":{\"@type\":\"PropertyValueSpecification\",\"valueRequired\":true,\"valueName\":\"search_term_string\"}}],\"inLanguage\":\"sv-SE\"},{\"@type\":\"Organization\",\"@id\":\"https:\/\/rediteq.fi\/#organization\",\"name\":\"Rediteq Oy\",\"url\":\"https:\/\/rediteq.fi\/\",\"logo\":{\"@type\":\"ImageObject\",\"inLanguage\":\"sv-SE\",\"@id\":\"https:\/\/rediteq.fi\/#\/schema\/logo\/image\/\",\"url\":\"https:\/\/rediteq.fi\/wp-content\/uploads\/2017\/02\/rediteq_logo_png_600px.png\",\"contentUrl\":\"https:\/\/rediteq.fi\/wp-content\/uploads\/2017\/02\/rediteq_logo_png_600px.png\",\"width\":600,\"height\":140,\"caption\":\"Rediteq Oy\"},\"image\":{\"@id\":\"https:\/\/rediteq.fi\/#\/schema\/logo\/image\/\"},\"sameAs\":[\"https:\/\/www.facebook.com\/Rediteq\/?fref=ts\",\"https:\/\/www.instagram.com\/rediteqfi\/\",\"https:\/\/www.youtube.com\/channel\/UChdWBDfytwfkNSFYdMv33MA\"]}]}<\/script>\n<!-- \/ Yoast SEO plugin. -->","yoast_head_json":{"title":"F\u00f6retaget - Rediteq Oy","robots":{"index":"index","follow":"follow","max-snippet":"max-snippet:-1","max-image-preview":"max-image-preview:large","max-video-preview":"max-video-preview:-1"},"canonical":"https:\/\/rediteq.fi\/sv\/foretaget","og_locale":"sv_SE","og_type":"article","og_title":"F\u00f6retaget - Rediteq Oy","og_description":"[vc_row type=&#8221;full_width_background&#8221; full_screen_row_position=&#8221;middle&#8221; column_margin=&#8221;default&#8221; column_direction=&#8221;default&#8221; column_direction_tablet=&#8221;default&#8221; column_direction_phone=&#8221;default&#8221; bg_image=&#8221;294&#8243; bg_position=&#8221;left top&#8221; background_image_loading=&#8221;default&#8221; bg_repeat=&#8221;no-repeat&#8221; scene_position=&#8221;center&#8221; top_padding=&#8221;50&#8243; bottom_padding=&#8221;50&#8243; text_color=&#8221;dark&#8221; text_align=&#8221;left&#8221; row_border_radius=&#8221;none&#8221; row_border_radius_applies=&#8221;bg&#8221; overflow=&#8221;visible&#8221;...","og_url":"https:\/\/rediteq.fi\/sv\/foretaget","og_site_name":"Rediteq Oy","article_publisher":"https:\/\/www.facebook.com\/Rediteq\/?fref=ts","article_modified_time":"2023-01-03T13:03:02+00:00","og_image":[{"url":"https:\/\/rediteq.fi\/wp-content\/uploads\/2017\/03\/MicrosoftPartnerLogo_250pxjpg.jpg","type":"","width":"","height":""}],"twitter_card":"summary_large_image","twitter_misc":{"Ber\u00e4knad l\u00e4stid":"7 minuter"},"schema":{"@context":"https:\/\/schema.org","@graph":[{"@type":"WebPage","@id":"https:\/\/rediteq.fi\/sv\/foretaget","url":"https:\/\/rediteq.fi\/sv\/foretaget","name":"F\u00f6retaget - Rediteq Oy","isPartOf":{"@id":"https:\/\/rediteq.fi\/#website"},"primaryImageOfPage":{"@id":"https:\/\/rediteq.fi\/sv\/foretaget#primaryimage"},"image":{"@id":"https:\/\/rediteq.fi\/sv\/foretaget#primaryimage"},"thumbnailUrl":"https:\/\/rediteq.fi\/wp-content\/uploads\/2017\/03\/teippaukset1.jpg","datePublished":"2017-03-07T15:48:35+00:00","dateModified":"2023-01-03T13:03:02+00:00","breadcrumb":{"@id":"https:\/\/rediteq.fi\/sv\/foretaget#breadcrumb"},"inLanguage":"sv-SE","potentialAction":[{"@type":"ReadAction","target":["https:\/\/rediteq.fi\/sv\/foretaget"]}]},{"@type":"ImageObject","inLanguage":"sv-SE","@id":"https:\/\/rediteq.fi\/sv\/foretaget#primaryimage","url":"https:\/\/rediteq.fi\/wp-content\/uploads\/2017\/03\/teippaukset1.jpg","contentUrl":"https:\/\/rediteq.fi\/wp-content\/uploads\/2017\/03\/teippaukset1.jpg","width":2048,"height":655},{"@type":"BreadcrumbList","@id":"https:\/\/rediteq.fi\/sv\/foretaget#breadcrumb","itemListElement":[{"@type":"ListItem","position":1,"name":"Home","item":"https:\/\/rediteq.fi\/sv"},{"@type":"ListItem","position":2,"name":"F\u00f6retaget"}]},{"@type":"WebSite","@id":"https:\/\/rediteq.fi\/#website","url":"https:\/\/rediteq.fi\/","name":"Rediteq Oy","description":"Koulutusratkaisut yrityksille ja oppilaitoksille","publisher":{"@id":"https:\/\/rediteq.fi\/#organization"},"potentialAction":[{"@type":"SearchAction","target":{"@type":"EntryPoint","urlTemplate":"https:\/\/rediteq.fi\/?s={search_term_string}"},"query-input":{"@type":"PropertyValueSpecification","valueRequired":true,"valueName":"search_term_string"}}],"inLanguage":"sv-SE"},{"@type":"Organization","@id":"https:\/\/rediteq.fi\/#organization","name":"Rediteq Oy","url":"https:\/\/rediteq.fi\/","logo":{"@type":"ImageObject","inLanguage":"sv-SE","@id":"https:\/\/rediteq.fi\/#\/schema\/logo\/image\/","url":"https:\/\/rediteq.fi\/wp-content\/uploads\/2017\/02\/rediteq_logo_png_600px.png","contentUrl":"https:\/\/rediteq.fi\/wp-content\/uploads\/2017\/02\/rediteq_logo_png_600px.png","width":600,"height":140,"caption":"Rediteq Oy"},"image":{"@id":"https:\/\/rediteq.fi\/#\/schema\/logo\/image\/"},"sameAs":["https:\/\/www.facebook.com\/Rediteq\/?fref=ts","https:\/\/www.instagram.com\/rediteqfi\/","https:\/\/www.youtube.com\/channel\/UChdWBDfytwfkNSFYdMv33MA"]}]}},"_links":{"self":[{"href":"https:\/\/rediteq.fi\/sv\/wp-json\/wp\/v2\/pages\/977","targetHints":{"allow":["GET"]}}],"collection":[{"href":"https:\/\/rediteq.fi\/sv\/wp-json\/wp\/v2\/pages"}],"about":[{"href":"https:\/\/rediteq.fi\/sv\/wp-json\/wp\/v2\/types\/page"}],"author":[{"embeddable":true,"href":"https:\/\/rediteq.fi\/sv\/wp-json\/wp\/v2\/users\/8"}],"replies":[{"embeddable":true,"href":"https:\/\/rediteq.fi\/sv\/wp-json\/wp\/v2\/comments?post=977"}],"version-history":[{"count":3,"href":"https:\/\/rediteq.fi\/sv\/wp-json\/wp\/v2\/pages\/977\/revisions"}],"predecessor-version":[{"id":12941,"href":"https:\/\/rediteq.fi\/sv\/wp-json\/wp\/v2\/pages\/977\/revisions\/12941"}],"wp:featuredmedia":[{"embeddable":true,"href":"https:\/\/rediteq.fi\/sv\/wp-json\/wp\/v2\/media\/2749"}],"wp:attachment":[{"href":"https:\/\/rediteq.fi\/sv\/wp-json\/wp\/v2\/media?parent=977"}],"curies":[{"name":"wp","href":"https:\/\/api.w.org\/{rel}","templated":true}]}}