{"id":974,"date":"2017-03-08T14:08:55","date_gmt":"2017-03-08T12:08:55","guid":{"rendered":"http:\/\/rediteq.kajahdus.fi\/avoimet-tyopaikat"},"modified":"2023-01-03T15:03:37","modified_gmt":"2023-01-03T13:03:37","slug":"lediga-arbetsplatser","status":"publish","type":"page","link":"https:\/\/rediteq.fi\/sv\/foretaget\/lediga-arbetsplatser","title":{"rendered":"Lediga arbetsplatser"},"content":{"rendered":"[vc_row type=&#8221;full_width_background&#8221; full_screen_row_position=&#8221;middle&#8221; column_margin=&#8221;default&#8221; column_direction=&#8221;default&#8221; column_direction_tablet=&#8221;default&#8221; column_direction_phone=&#8221;default&#8221; bg_image=&#8221;294&#8243; bg_position=&#8221;left top&#8221; background_image_loading=&#8221;default&#8221; bg_repeat=&#8221;no-repeat&#8221; scene_position=&#8221;center&#8221; top_padding=&#8221;50&#8243; bottom_padding=&#8221;50&#8243; text_color=&#8221;dark&#8221; text_align=&#8221;left&#8221; row_border_radius=&#8221;none&#8221; row_border_radius_applies=&#8221;bg&#8221; overflow=&#8221;visible&#8221; overlay_strength=&#8221;0.3&#8243; gradient_direction=&#8221;left_to_right&#8221; shape_divider_position=&#8221;bottom&#8221; bg_image_animation=&#8221;none&#8221;][vc_column column_padding=&#8221;padding-7-percent&#8221; column_padding_tablet=&#8221;inherit&#8221; column_padding_phone=&#8221;inherit&#8221; column_padding_position=&#8221;top-bottom&#8221; column_element_direction_desktop=&#8221;default&#8221; column_element_spacing=&#8221;default&#8221; desktop_text_alignment=&#8221;default&#8221; tablet_text_alignment=&#8221;default&#8221; phone_text_alignment=&#8221;default&#8221; background_color_opacity=&#8221;1&#8243; background_hover_color_opacity=&#8221;1&#8243; column_backdrop_filter=&#8221;none&#8221; column_shadow=&#8221;none&#8221; column_border_radius=&#8221;none&#8221; column_link_target=&#8221;_self&#8221; column_position=&#8221;default&#8221; gradient_direction=&#8221;left_to_right&#8221; overlay_strength=&#8221;0.3&#8243; width=&#8221;1\/2&#8243; tablet_width_inherit=&#8221;default&#8221; animation_type=&#8221;default&#8221; bg_image_animation=&#8221;none&#8221; border_type=&#8221;simple&#8221; column_border_width=&#8221;none&#8221; column_border_style=&#8221;solid&#8221;][nectar_animated_title heading_tag=&#8221;h1&#8243; style=&#8221;color-strip-reveal&#8221; color=&#8221;Accent-Color&#8221; text=&#8221;Lediga arbetsplatser\/praktik&#8221;][divider line_type=&#8221;No Line&#8221; custom_height=&#8221;20&#8243;][vc_column_text el_class=&#8221;klassi2&#8243;]\n<h3>V\u00e5rt f\u00f6retag har experter inom mjukvarubranschen och f\u00f6rs\u00e4ljning. Vill du vara en av oss?<\/h3>\n[\/vc_column_text][divider line_type=&#8221;No Line&#8221; custom_height=&#8221;20&#8243;][nectar_btn size=&#8221;medium&#8221; open_new_tab=&#8221;true&#8221; button_style=&#8221;regular&#8221; button_color_2=&#8221;Accent-Color&#8221; color_override=&#8221;#c8232a&#8221; icon_family=&#8221;none&#8221; text=&#8221;Lediga arbetsplatser&#8221; url=&#8221;https:\/\/hakeudu.sopro.online\/fi\/t007\/home\/rekry&#8221;][\/vc_column][vc_column column_padding=&#8221;no-extra-padding&#8221; column_padding_tablet=&#8221;inherit&#8221; column_padding_phone=&#8221;inherit&#8221; column_padding_position=&#8221;all&#8221; column_element_direction_desktop=&#8221;default&#8221; column_element_spacing=&#8221;default&#8221; desktop_text_alignment=&#8221;default&#8221; tablet_text_alignment=&#8221;default&#8221; phone_text_alignment=&#8221;default&#8221; background_color_opacity=&#8221;1&#8243; background_hover_color_opacity=&#8221;1&#8243; column_backdrop_filter=&#8221;none&#8221; column_shadow=&#8221;none&#8221; column_border_radius=&#8221;none&#8221; column_link_target=&#8221;_self&#8221; column_position=&#8221;default&#8221; gradient_direction=&#8221;left_to_right&#8221; overlay_strength=&#8221;0.3&#8243; width=&#8221;1\/2&#8243; tablet_width_inherit=&#8221;default&#8221; animation_type=&#8221;default&#8221; bg_image_animation=&#8221;none&#8221; border_type=&#8221;simple&#8221; column_border_width=&#8221;none&#8221; column_border_style=&#8221;solid&#8221;][\/vc_column][\/vc_row][vc_row type=&#8221;in_container&#8221; full_screen_row_position=&#8221;middle&#8221; column_margin=&#8221;default&#8221; column_direction=&#8221;default&#8221; column_direction_tablet=&#8221;default&#8221; column_direction_phone=&#8221;default&#8221; scene_position=&#8221;center&#8221; top_padding=&#8221;50&#8243; bottom_padding=&#8221;50&#8243; text_color=&#8221;dark&#8221; text_align=&#8221;left&#8221; row_border_radius=&#8221;none&#8221; row_border_radius_applies=&#8221;bg&#8221; overflow=&#8221;visible&#8221; overlay_strength=&#8221;0.3&#8243; gradient_direction=&#8221;left_to_right&#8221; shape_divider_position=&#8221;bottom&#8221; bg_image_animation=&#8221;none&#8221;][vc_column column_padding=&#8221;padding-2-percent&#8221; column_padding_tablet=&#8221;inherit&#8221; column_padding_phone=&#8221;inherit&#8221; column_padding_position=&#8221;all&#8221; column_element_direction_desktop=&#8221;default&#8221; column_element_spacing=&#8221;default&#8221; desktop_text_alignment=&#8221;default&#8221; tablet_text_alignment=&#8221;default&#8221; phone_text_alignment=&#8221;default&#8221; background_color=&#8221;#f7f7f7&#8243; background_color_opacity=&#8221;1&#8243; background_hover_color_opacity=&#8221;1&#8243; column_backdrop_filter=&#8221;none&#8221; column_shadow=&#8221;none&#8221; column_border_radius=&#8221;none&#8221; column_link_target=&#8221;_self&#8221; column_position=&#8221;default&#8221; el_class=&#8221;klassi3&#8243; gradient_direction=&#8221;left_to_right&#8221; overlay_strength=&#8221;0.3&#8243; width=&#8221;2\/3&#8243; tablet_width_inherit=&#8221;default&#8221; animation_type=&#8221;default&#8221; bg_image_animation=&#8221;none&#8221; border_type=&#8221;simple&#8221; column_border_width=&#8221;none&#8221; column_border_style=&#8221;solid&#8221;][vc_column_text el_class=&#8221;klassi3&#8243;]Rediteq Oy, grundat 1991, \u00e4r ett mjukvaruf\u00f6retag inriktat p\u00e5 administration av utbildning. Vi utvecklar program f\u00f6r utbildnings-, studerande- och kunskapshantering. V\u00e5ra utbildningsprodukter l\u00e4mpar sig f\u00f6r administration av m\u00e5nga former av utbildning. D\u00e5 st\u00f6rsta delen av Finlands l\u00e4roavtal administreras med v\u00e5ra program har vi ocks\u00e5 en mycket god kunskap och erfarenhet av kompetensbaserad utbildning och hantering av inl\u00e4rning i arbetet.<\/p>\n<p>Ett l\u00e5ngt utvecklingsarbete och t\u00e4tt samarbete med utbildningsannordnare har resulterat i att v\u00e5ra program till stor del bygger p\u00e5 b\u00e4sta praxis fr\u00e5n f\u00e4ltet. Med hj\u00e4lp av v\u00e5ra program administreras st\u00f6rsta delen av Finlands l\u00e4roavtal. V\u00e5r breda kundkrets garanterar att programvarans utvecklingsarbete kommer att forts\u00e4tta \u00e4ven i framtiden.[\/vc_column_text][divider line_type=&#8221;No Line&#8221;][nectar_btn size=&#8221;medium&#8221; open_new_tab=&#8221;true&#8221; button_style=&#8221;regular&#8221; button_color_2=&#8221;Accent-Color&#8221; color_override=&#8221;#c8232a&#8221; icon_family=&#8221;none&#8221; text=&#8221;Lediga arbetsplatser&#8221; url=&#8221;https:\/\/hakeudu.sopro.online\/fi\/t007\/home\/rekry&#8221;][divider line_type=&#8221;No Line&#8221;][vc_column_text el_class=&#8221;klassi3&#8243;]\n<h3><\/h3>\n<h3>EXAMENSARBETE\/PRAKTIK<\/h3>\n[\/vc_column_text][divider line_type=&#8221;No Line&#8221;][vc_column_text el_class=&#8221;klassi3&#8243;]Om m\u00f6jligt erbjuder vi program-\/databehandlingsstudenter som \u00e4r i slutskedet av sina studier, m\u00f6jlighet till examensarbete\/praktik. Enligt v\u00e5r bransch kan \u00e4mnet relateras till kompetensutveckling, l\u00e4randeanalys och artificiell intelligens. Ut\u00f6ver k\u00e4nnedom om \u00e4mnet kr\u00e4ver tj\u00e4nsten grundl\u00e4ggande Visual Studio- och C#-spr\u00e5k och SQL-databaskunskaper.[\/vc_column_text][divider line_type=&#8221;No Line&#8221;][\/vc_column][vc_column column_padding=&#8221;padding-2-percent&#8221; column_padding_tablet=&#8221;inherit&#8221; column_padding_phone=&#8221;inherit&#8221; column_padding_position=&#8221;all&#8221; column_element_direction_desktop=&#8221;default&#8221; column_element_spacing=&#8221;default&#8221; desktop_text_alignment=&#8221;default&#8221; tablet_text_alignment=&#8221;default&#8221; phone_text_alignment=&#8221;default&#8221; background_color=&#8221;#f7f7f7&#8243; background_color_opacity=&#8221;1&#8243; background_hover_color_opacity=&#8221;1&#8243; column_backdrop_filter=&#8221;none&#8221; column_shadow=&#8221;none&#8221; column_border_radius=&#8221;none&#8221; column_link_target=&#8221;_self&#8221; column_position=&#8221;default&#8221; gradient_direction=&#8221;left_to_right&#8221; overlay_strength=&#8221;0.3&#8243; width=&#8221;1\/3&#8243; tablet_width_inherit=&#8221;default&#8221; animation_type=&#8221;default&#8221; bg_image_animation=&#8221;none&#8221; border_type=&#8221;simple&#8221; column_border_width=&#8221;none&#8221; column_border_style=&#8221;solid&#8221;][vc_column_text el_class=&#8221;klassi3&#8243;]\n<h3>Mer information<\/h3>\n<p>F\u00f6rfr\u00e5gningar om lediga jobb via mejl fr\u00e5n Petri Huttunen (<a href=\"mailto:petri.huttunen@rediteq.fi\">petri.huttunen@rediteq.fi<\/a>).<\/p>\n<p>Om du vill diskutera arbetsuppgifterna per telefon, boka g\u00e4rna en telefontid i f\u00f6rv\u00e4g via mejl.[\/vc_column_text][\/vc_column][\/vc_row]\n","protected":false},"excerpt":{"rendered":"<p>[vc_row type=&#8221;full_width_background&#8221; full_screen_row_position=&#8221;middle&#8221; column_margin=&#8221;default&#8221; column_direction=&#8221;default&#8221; column_direction_tablet=&#8221;default&#8221; column_direction_phone=&#8221;default&#8221; bg_image=&#8221;294&#8243; bg_position=&#8221;left top&#8221; background_image_loading=&#8221;default&#8221; bg_repeat=&#8221;no-repeat&#8221; scene_position=&#8221;center&#8221; top_padding=&#8221;50&#8243; bottom_padding=&#8221;50&#8243; text_color=&#8221;dark&#8221; text_align=&#8221;left&#8221; row_border_radius=&#8221;none&#8221; row_border_radius_applies=&#8221;bg&#8221; overflow=&#8221;visible&#8221;&#8230;<\/p>\n","protected":false},"author":8,"featured_media":0,"parent":977,"menu_order":0,"comment_status":"closed","ping_status":"closed","template":"","meta":{"sfsi_plus_gutenberg_text_before_share":"","sfsi_plus_gutenberg_show_text_before_share":"","sfsi_plus_gutenberg_icon_type":"","sfsi_plus_gutenberg_icon_alignemt":"","sfsi_plus_gutenburg_max_per_row":"","footnotes":""},"class_list":["post-974","page","type-page","status-publish"],"featured_image_src":null,"yoast_head":"<!-- This site is optimized with the Yoast SEO plugin v26.8 - https:\/\/yoast.com\/product\/yoast-seo-wordpress\/ -->\n<title>Lediga arbetsplatser - Rediteq Oy<\/title>\n<meta name=\"description\" content=\"V\u00e5rt f\u00f6retag har experter inom mjukvarubranschen och f\u00f6rs\u00e4ljning. Vill du vara en av oss? Kontakta oss och skicka en jobbans\u00f6kan.\" \/>\n<meta name=\"robots\" content=\"index, follow, max-snippet:-1, max-image-preview:large, max-video-preview:-1\" \/>\n<link rel=\"canonical\" href=\"https:\/\/rediteq.fi\/sv\/foretaget\/lediga-arbetsplatser\" \/>\n<meta property=\"og:locale\" content=\"sv_SE\" \/>\n<meta property=\"og:type\" content=\"article\" \/>\n<meta property=\"og:title\" content=\"Lediga arbetsplatser - Rediteq Oy\" \/>\n<meta property=\"og:description\" content=\"V\u00e5rt f\u00f6retag har experter inom mjukvarubranschen och f\u00f6rs\u00e4ljning. Vill du vara en av oss? Kontakta oss och skicka en jobbans\u00f6kan.\" \/>\n<meta property=\"og:url\" content=\"https:\/\/rediteq.fi\/sv\/foretaget\/lediga-arbetsplatser\" \/>\n<meta property=\"og:site_name\" content=\"Rediteq Oy\" \/>\n<meta property=\"article:publisher\" content=\"https:\/\/www.facebook.com\/Rediteq\/?fref=ts\" \/>\n<meta property=\"article:modified_time\" content=\"2023-01-03T13:03:37+00:00\" \/>\n<meta name=\"twitter:card\" content=\"summary_large_image\" \/>\n<meta name=\"twitter:label1\" content=\"Ber\u00e4knad l\u00e4stid\" \/>\n\t<meta name=\"twitter:data1\" content=\"5 minuter\" \/>\n<script type=\"application\/ld+json\" class=\"yoast-schema-graph\">{\"@context\":\"https:\/\/schema.org\",\"@graph\":[{\"@type\":\"WebPage\",\"@id\":\"https:\/\/rediteq.fi\/sv\/foretaget\/lediga-arbetsplatser\",\"url\":\"https:\/\/rediteq.fi\/sv\/foretaget\/lediga-arbetsplatser\",\"name\":\"Lediga arbetsplatser - Rediteq Oy\",\"isPartOf\":{\"@id\":\"https:\/\/rediteq.fi\/#website\"},\"datePublished\":\"2017-03-08T12:08:55+00:00\",\"dateModified\":\"2023-01-03T13:03:37+00:00\",\"description\":\"V\u00e5rt f\u00f6retag har experter inom mjukvarubranschen och f\u00f6rs\u00e4ljning. Vill du vara en av oss? Kontakta oss och skicka en jobbans\u00f6kan.\",\"breadcrumb\":{\"@id\":\"https:\/\/rediteq.fi\/sv\/foretaget\/lediga-arbetsplatser#breadcrumb\"},\"inLanguage\":\"sv-SE\",\"potentialAction\":[{\"@type\":\"ReadAction\",\"target\":[\"https:\/\/rediteq.fi\/sv\/foretaget\/lediga-arbetsplatser\"]}]},{\"@type\":\"BreadcrumbList\",\"@id\":\"https:\/\/rediteq.fi\/sv\/foretaget\/lediga-arbetsplatser#breadcrumb\",\"itemListElement\":[{\"@type\":\"ListItem\",\"position\":1,\"name\":\"Home\",\"item\":\"https:\/\/rediteq.fi\/sv\"},{\"@type\":\"ListItem\",\"position\":2,\"name\":\"F\u00f6retaget\",\"item\":\"https:\/\/rediteq.fi\/sv\/foretaget\"},{\"@type\":\"ListItem\",\"position\":3,\"name\":\"Lediga arbetsplatser\"}]},{\"@type\":\"WebSite\",\"@id\":\"https:\/\/rediteq.fi\/#website\",\"url\":\"https:\/\/rediteq.fi\/\",\"name\":\"Rediteq Oy\",\"description\":\"Koulutusratkaisut yrityksille ja oppilaitoksille\",\"publisher\":{\"@id\":\"https:\/\/rediteq.fi\/#organization\"},\"potentialAction\":[{\"@type\":\"SearchAction\",\"target\":{\"@type\":\"EntryPoint\",\"urlTemplate\":\"https:\/\/rediteq.fi\/?s={search_term_string}\"},\"query-input\":{\"@type\":\"PropertyValueSpecification\",\"valueRequired\":true,\"valueName\":\"search_term_string\"}}],\"inLanguage\":\"sv-SE\"},{\"@type\":\"Organization\",\"@id\":\"https:\/\/rediteq.fi\/#organization\",\"name\":\"Rediteq Oy\",\"url\":\"https:\/\/rediteq.fi\/\",\"logo\":{\"@type\":\"ImageObject\",\"inLanguage\":\"sv-SE\",\"@id\":\"https:\/\/rediteq.fi\/#\/schema\/logo\/image\/\",\"url\":\"https:\/\/rediteq.fi\/wp-content\/uploads\/2017\/02\/rediteq_logo_png_600px.png\",\"contentUrl\":\"https:\/\/rediteq.fi\/wp-content\/uploads\/2017\/02\/rediteq_logo_png_600px.png\",\"width\":600,\"height\":140,\"caption\":\"Rediteq Oy\"},\"image\":{\"@id\":\"https:\/\/rediteq.fi\/#\/schema\/logo\/image\/\"},\"sameAs\":[\"https:\/\/www.facebook.com\/Rediteq\/?fref=ts\",\"https:\/\/www.instagram.com\/rediteqfi\/\",\"https:\/\/www.youtube.com\/channel\/UChdWBDfytwfkNSFYdMv33MA\"]}]}<\/script>\n<!-- \/ Yoast SEO plugin. -->","yoast_head_json":{"title":"Lediga arbetsplatser - Rediteq Oy","description":"V\u00e5rt f\u00f6retag har experter inom mjukvarubranschen och f\u00f6rs\u00e4ljning. Vill du vara en av oss? Kontakta oss och skicka en jobbans\u00f6kan.","robots":{"index":"index","follow":"follow","max-snippet":"max-snippet:-1","max-image-preview":"max-image-preview:large","max-video-preview":"max-video-preview:-1"},"canonical":"https:\/\/rediteq.fi\/sv\/foretaget\/lediga-arbetsplatser","og_locale":"sv_SE","og_type":"article","og_title":"Lediga arbetsplatser - Rediteq Oy","og_description":"V\u00e5rt f\u00f6retag har experter inom mjukvarubranschen och f\u00f6rs\u00e4ljning. Vill du vara en av oss? Kontakta oss och skicka en jobbans\u00f6kan.","og_url":"https:\/\/rediteq.fi\/sv\/foretaget\/lediga-arbetsplatser","og_site_name":"Rediteq Oy","article_publisher":"https:\/\/www.facebook.com\/Rediteq\/?fref=ts","article_modified_time":"2023-01-03T13:03:37+00:00","twitter_card":"summary_large_image","twitter_misc":{"Ber\u00e4knad l\u00e4stid":"5 minuter"},"schema":{"@context":"https:\/\/schema.org","@graph":[{"@type":"WebPage","@id":"https:\/\/rediteq.fi\/sv\/foretaget\/lediga-arbetsplatser","url":"https:\/\/rediteq.fi\/sv\/foretaget\/lediga-arbetsplatser","name":"Lediga arbetsplatser - Rediteq Oy","isPartOf":{"@id":"https:\/\/rediteq.fi\/#website"},"datePublished":"2017-03-08T12:08:55+00:00","dateModified":"2023-01-03T13:03:37+00:00","description":"V\u00e5rt f\u00f6retag har experter inom mjukvarubranschen och f\u00f6rs\u00e4ljning. Vill du vara en av oss? Kontakta oss och skicka en jobbans\u00f6kan.","breadcrumb":{"@id":"https:\/\/rediteq.fi\/sv\/foretaget\/lediga-arbetsplatser#breadcrumb"},"inLanguage":"sv-SE","potentialAction":[{"@type":"ReadAction","target":["https:\/\/rediteq.fi\/sv\/foretaget\/lediga-arbetsplatser"]}]},{"@type":"BreadcrumbList","@id":"https:\/\/rediteq.fi\/sv\/foretaget\/lediga-arbetsplatser#breadcrumb","itemListElement":[{"@type":"ListItem","position":1,"name":"Home","item":"https:\/\/rediteq.fi\/sv"},{"@type":"ListItem","position":2,"name":"F\u00f6retaget","item":"https:\/\/rediteq.fi\/sv\/foretaget"},{"@type":"ListItem","position":3,"name":"Lediga arbetsplatser"}]},{"@type":"WebSite","@id":"https:\/\/rediteq.fi\/#website","url":"https:\/\/rediteq.fi\/","name":"Rediteq Oy","description":"Koulutusratkaisut yrityksille ja oppilaitoksille","publisher":{"@id":"https:\/\/rediteq.fi\/#organization"},"potentialAction":[{"@type":"SearchAction","target":{"@type":"EntryPoint","urlTemplate":"https:\/\/rediteq.fi\/?s={search_term_string}"},"query-input":{"@type":"PropertyValueSpecification","valueRequired":true,"valueName":"search_term_string"}}],"inLanguage":"sv-SE"},{"@type":"Organization","@id":"https:\/\/rediteq.fi\/#organization","name":"Rediteq Oy","url":"https:\/\/rediteq.fi\/","logo":{"@type":"ImageObject","inLanguage":"sv-SE","@id":"https:\/\/rediteq.fi\/#\/schema\/logo\/image\/","url":"https:\/\/rediteq.fi\/wp-content\/uploads\/2017\/02\/rediteq_logo_png_600px.png","contentUrl":"https:\/\/rediteq.fi\/wp-content\/uploads\/2017\/02\/rediteq_logo_png_600px.png","width":600,"height":140,"caption":"Rediteq Oy"},"image":{"@id":"https:\/\/rediteq.fi\/#\/schema\/logo\/image\/"},"sameAs":["https:\/\/www.facebook.com\/Rediteq\/?fref=ts","https:\/\/www.instagram.com\/rediteqfi\/","https:\/\/www.youtube.com\/channel\/UChdWBDfytwfkNSFYdMv33MA"]}]}},"_links":{"self":[{"href":"https:\/\/rediteq.fi\/sv\/wp-json\/wp\/v2\/pages\/974","targetHints":{"allow":["GET"]}}],"collection":[{"href":"https:\/\/rediteq.fi\/sv\/wp-json\/wp\/v2\/pages"}],"about":[{"href":"https:\/\/rediteq.fi\/sv\/wp-json\/wp\/v2\/types\/page"}],"author":[{"embeddable":true,"href":"https:\/\/rediteq.fi\/sv\/wp-json\/wp\/v2\/users\/8"}],"replies":[{"embeddable":true,"href":"https:\/\/rediteq.fi\/sv\/wp-json\/wp\/v2\/comments?post=974"}],"version-history":[{"count":5,"href":"https:\/\/rediteq.fi\/sv\/wp-json\/wp\/v2\/pages\/974\/revisions"}],"predecessor-version":[{"id":12937,"href":"https:\/\/rediteq.fi\/sv\/wp-json\/wp\/v2\/pages\/974\/revisions\/12937"}],"up":[{"embeddable":true,"href":"https:\/\/rediteq.fi\/sv\/wp-json\/wp\/v2\/pages\/977"}],"wp:attachment":[{"href":"https:\/\/rediteq.fi\/sv\/wp-json\/wp\/v2\/media?parent=974"}],"curies":[{"name":"wp","href":"https:\/\/api.w.org\/{rel}","templated":true}]}}