{"id":967,"date":"2017-03-08T15:29:40","date_gmt":"2017-03-08T13:29:40","guid":{"rendered":"http:\/\/rediteq.kajahdus.fi\/yhteystiedot"},"modified":"2019-10-16T16:20:40","modified_gmt":"2019-10-16T13:20:40","slug":"kontaktuppgifter","status":"publish","type":"page","link":"https:\/\/rediteq.fi\/sv\/foretaget\/kontaktuppgifter","title":{"rendered":"Kontaktuppgifter"},"content":{"rendered":"[vc_row type=&#8221;full_width_background&#8221; full_screen_row_position=&#8221;middle&#8221; bg_image=&#8221;294&#8243; bg_position=&#8221;left top&#8221; bg_repeat=&#8221;no-repeat&#8221; scene_position=&#8221;center&#8221; text_color=&#8221;dark&#8221; text_align=&#8221;left&#8221; top_padding=&#8221;50&#8243; bottom_padding=&#8221;50&#8243; overlay_strength=&#8221;0.3&#8243;][vc_column column_padding=&#8221;padding-7-percent&#8221; column_padding_position=&#8221;top-bottom&#8221; background_color_opacity=&#8221;1&#8243; background_hover_color_opacity=&#8221;1&#8243; width=&#8221;1\/2&#8243; tablet_text_alignment=&#8221;default&#8221; phone_text_alignment=&#8221;default&#8221;][nectar_animated_title heading_tag=&#8221;h1&#8243; style=&#8221;color-strip-reveal&#8221; color=&#8221;Accent-Color&#8221; text=&#8221;Kontaktuppgifter&#8221;][\/vc_column][vc_column column_padding=&#8221;no-extra-padding&#8221; column_padding_position=&#8221;all&#8221; background_color_opacity=&#8221;1&#8243; background_hover_color_opacity=&#8221;1&#8243; width=&#8221;1\/2&#8243; tablet_text_alignment=&#8221;default&#8221; phone_text_alignment=&#8221;default&#8221;][\/vc_column][\/vc_row][vc_row type=&#8221;in_container&#8221; full_screen_row_position=&#8221;middle&#8221; scene_position=&#8221;center&#8221; text_color=&#8221;dark&#8221; text_align=&#8221;left&#8221; top_padding=&#8221;50&#8243; bottom_padding=&#8221;50&#8243; overlay_strength=&#8221;0.3&#8243;][vc_column column_padding=&#8221;padding-2-percent&#8221; column_padding_position=&#8221;all&#8221; background_color=&#8221;#f7f7f7&#8243; background_color_opacity=&#8221;1&#8243; background_hover_color_opacity=&#8221;1&#8243; el_class=&#8221;klassi3&#8243; width=&#8221;1\/2&#8243; tablet_text_alignment=&#8221;default&#8221; phone_text_alignment=&#8221;default&#8221;][vc_column_text el_class=&#8221;klassi3&#8243;]<span style=\"font-size: 18pt;\"><strong>Rediteq\u00a0Ab<\/strong><\/span><\/p>\n<p><strong>FO-nummer:<\/strong> 0832052-7<\/p>\n<p><strong>Postaddres:<\/strong><br \/>\n<a href=\"https:\/\/goo.gl\/maps\/2w1gnWsWgRm\" target=\"_blank\" rel=\"noopener noreferrer\">Joukahainengatan 1<br \/>\n20520 \u00c5bo<br \/>\nFinland<\/a><\/p>\n<p>Ing\u00e5ng via d\u00f6rren h\u00f6ger om A-ing\u00e5ngen.<\/p>\n<p><strong>Telefonv\u00e4xel<\/strong>: <a href=\"tel:+35822828990\">(02) 282 8990<\/a><\/p>\n<p><strong>F\u00f6rs\u00e4ljning:<\/strong> <a href=\"tel:+358445628991\">044 562 8991<\/a><\/p>\n<p><strong>F\u00f6rs\u00e4ljning och administration: <\/strong>Petri Huttunen, tel. <a href=\"tel:+358405077798\">040 507 7798<\/a><\/p>\n<p><strong>Supportnummer:<\/strong> <a href=\"tel:+358445628990\">044\u00a0562 8990<\/a> (mobilv\u00e4xel)<br \/>\nP\u00e5 svenska betj\u00e4nar vi p\u00e5 numret <a href=\"tel:+358445628992\">044\u00a0562 8992<\/a> eller <a href=\"tel:+358445628994\">044 562 8994<\/a><\/p>\n<p>Supportnumret \u00e4r avsett t.ex. f\u00f6r support f\u00f6r Sopro. Vi anv\u00e4nder en mobilv\u00e4xel s\u00e5 att samtalen effektivt kan styras i svarskedjan till en ledig person. S\u00e5 att v\u00e5r support skall fungera s\u00e5 smidigt som m\u00f6jligt \u00f6nskar vi att kunder i f\u00f6rsta hand anv\u00e4nder supportnumret s\u00e5 att samtalen styrs smidigt och j\u00e4mt till r\u00e4tta personer. Vi kan sedan internt f\u00f6rmedla samtalet vidare till den l\u00e4mpligaste experten, om s\u00e5 beh\u00f6vs.<\/p>\n<p><strong>E-post adresser<\/strong><\/p>\n<p>Personliga adresser: f\u00f6rnamn.efternamn(at)rediteq.fi<\/p>\n<p>Offerter och dylikt: <a href=\"mailto:myynti@rediteq.fi\">myynti(at)rediteq.fi<\/a><\/p>\n<p>Support mm: <a href=\"mailto:tuki@rediteq.fi\">tuki(at)rediteq.fi<\/a>[\/vc_column_text][divider line_type=&#8221;No Line&#8221; custom_height=&#8221;50&#8243;][vc_column_text]<iframe loading=\"lazy\" style=\"border: 0;\" src=\"https:\/\/www.google.com\/maps\/embed?pb=!1m14!1m8!1m3!1d7870.936894060553!2d22.294585000000005!3d60.449603!3m2!1i1024!2i768!4f13.1!3m3!1m2!1s0x0%3A0xdcf039022c35a209!2sRediteq!5e0!3m2!1sfi!2sfi!4v1488979826535\" width=\"600\" height=\"450\" frameborder=\"0\" allowfullscreen=\"allowfullscreen\"><\/iframe>[\/vc_column_text][\/vc_column][vc_column column_padding=&#8221;padding-2-percent&#8221; column_padding_position=&#8221;all&#8221; background_color=&#8221;#f7f7f7&#8243; background_color_opacity=&#8221;1&#8243; background_hover_color_opacity=&#8221;1&#8243; width=&#8221;1\/2&#8243; tablet_text_alignment=&#8221;default&#8221; phone_text_alignment=&#8221;default&#8221;][vc_column_text]\n<h2>Kontakta oss<\/h2>\n<p>Vi ber\u00e4ttar g\u00e4rna mera om v\u00e5ra produkter och tj\u00e4nster! Fyll i formul\u00e4ret nedan s\u00e5 tar vi kontakt med er. Observera att i supportfr\u00e5gor anv\u00e4nda v\u00e5rt supportsystem.[\/vc_column_text][divider line_type=&#8221;No Line&#8221; custom_height=&#8221;30&#8243;]\n<div class=\"wpcf7 no-js\" id=\"wpcf7-f1311-o1\" lang=\"fi\" dir=\"ltr\" data-wpcf7-id=\"1311\">\n<div class=\"screen-reader-response\"><p role=\"status\" aria-live=\"polite\" aria-atomic=\"true\"><\/p> <ul><\/ul><\/div>\n<form action=\"\/sv\/wp-json\/wp\/v2\/pages\/967#wpcf7-f1311-o1\" method=\"post\" class=\"wpcf7-form init\" aria-label=\"Yhteydenottolomake\" novalidate=\"novalidate\" data-status=\"init\">\n<fieldset class=\"hidden-fields-container\"><input type=\"hidden\" name=\"_wpcf7\" value=\"1311\" \/><input type=\"hidden\" name=\"_wpcf7_version\" value=\"6.1.4\" \/><input type=\"hidden\" name=\"_wpcf7_locale\" value=\"fi\" \/><input type=\"hidden\" name=\"_wpcf7_unit_tag\" value=\"wpcf7-f1311-o1\" \/><input type=\"hidden\" name=\"_wpcf7_container_post\" value=\"0\" \/><input type=\"hidden\" name=\"_wpcf7_posted_data_hash\" value=\"\" \/>\n<\/fieldset>\n<p>\u00c4rende:\n<\/p>\n<p><span class=\"wpcf7-form-control-wrap\" data-name=\"checkbox-694\"><span class=\"wpcf7-form-control wpcf7-checkbox wpcf7-validates-as-required\"><span class=\"wpcf7-list-item first last\"><input type=\"checkbox\" name=\"checkbox-694[]\" value=\"Anbud\" \/><span class=\"wpcf7-list-item-label\">Anbud<\/span><\/span><\/span><\/span><br \/>\n<span class=\"wpcf7-form-control-wrap\" data-name=\"checkbox-694\"><span class=\"wpcf7-form-control wpcf7-checkbox wpcf7-validates-as-required\"><span class=\"wpcf7-list-item first last\"><input type=\"checkbox\" name=\"checkbox-694[]\" value=\"Kontaktbeg\u00e4ran\" \/><span class=\"wpcf7-list-item-label\">Kontaktbeg\u00e4ran<\/span><\/span><\/span><\/span><br \/>\n<span class=\"wpcf7-form-control-wrap\" data-name=\"checkbox-694\"><span class=\"wpcf7-form-control wpcf7-checkbox wpcf7-validates-as-required\"><span class=\"wpcf7-list-item first last\"><input type=\"checkbox\" name=\"checkbox-694[]\" value=\"Beg\u00e4ran av till\u00e4ggsinformation\" \/><span class=\"wpcf7-list-item-label\">Beg\u00e4ran av till\u00e4ggsinformation<\/span><\/span><\/span><\/span><br \/>\n<span class=\"wpcf7-form-control-wrap\" data-name=\"checkbox-694\"><span class=\"wpcf7-form-control wpcf7-checkbox wpcf7-validates-as-required\"><span class=\"wpcf7-list-item first last\"><input type=\"checkbox\" name=\"checkbox-694[]\" value=\"Respons\" \/><span class=\"wpcf7-list-item-label\">Respons<\/span><\/span><\/span><\/span><br \/>\n<span class=\"wpcf7-form-control-wrap\" data-name=\"checkbox-694\"><span class=\"wpcf7-form-control wpcf7-checkbox wpcf7-validates-as-required\"><span class=\"wpcf7-list-item first last\"><input type=\"checkbox\" name=\"checkbox-694[]\" value=\"\u00d6vrigt\" \/><span class=\"wpcf7-list-item-label\">\u00d6vrigt<\/span><\/span><\/span><\/span>\n<\/p>\n<p><span class=\"wpcf7-form-control-wrap\" data-name=\"yritys\"><input size=\"40\" maxlength=\"400\" class=\"wpcf7-form-control wpcf7-text wpcf7-validates-as-required\" aria-required=\"true\" aria-invalid=\"false\" placeholder=\"F\u00f6retag\/Organisation\" value=\"\" type=\"text\" name=\"yritys\" \/><\/span><br \/>\n<span class=\"wpcf7-form-control-wrap\" data-name=\"yhteyshenkilo\"><input size=\"40\" maxlength=\"400\" class=\"wpcf7-form-control wpcf7-text wpcf7-validates-as-required\" aria-required=\"true\" aria-invalid=\"false\" placeholder=\"Kontaktperson\" value=\"\" type=\"text\" name=\"yhteyshenkilo\" \/><\/span><br \/>\n<span class=\"wpcf7-form-control-wrap\" data-name=\"titteli\"><input size=\"40\" maxlength=\"400\" class=\"wpcf7-form-control wpcf7-text\" aria-invalid=\"false\" placeholder=\"Titel\" value=\"\" type=\"text\" name=\"titteli\" \/><\/span><br \/>\n<span class=\"wpcf7-form-control-wrap\" data-name=\"sposti\"><input size=\"40\" maxlength=\"400\" class=\"wpcf7-form-control wpcf7-email wpcf7-validates-as-required wpcf7-text wpcf7-validates-as-email\" aria-required=\"true\" aria-invalid=\"false\" placeholder=\"E-post\" value=\"\" type=\"email\" name=\"sposti\" \/><\/span><br \/>\n<span class=\"wpcf7-form-control-wrap\" data-name=\"puh\"><input size=\"40\" maxlength=\"400\" class=\"wpcf7-form-control wpcf7-text\" aria-invalid=\"false\" placeholder=\"Telefon\" value=\"\" type=\"text\" name=\"puh\" \/><\/span>\n<\/p>\n<p><span class=\"wpcf7-form-control-wrap\" data-name=\"viesti\"><textarea cols=\"40\" rows=\"10\" maxlength=\"2000\" class=\"wpcf7-form-control wpcf7-textarea\" aria-invalid=\"false\" placeholder=\"Meddelande\" name=\"viesti\"><\/textarea><\/span>\n<\/p>\n<p>Jag \u00f6nskar bli kontaktad via:\n<\/p>\n<p><span class=\"wpcf7-form-control-wrap\" data-name=\"yhteys\"><span class=\"wpcf7-form-control wpcf7-checkbox\"><span class=\"wpcf7-list-item first last\"><input type=\"checkbox\" name=\"yhteys[]\" value=\"E-post\" \/><span class=\"wpcf7-list-item-label\">E-post<\/span><\/span><\/span><\/span><br \/>\n<span class=\"wpcf7-form-control-wrap\" data-name=\"yhteys\"><span class=\"wpcf7-form-control wpcf7-checkbox\"><span class=\"wpcf7-list-item first last\"><input type=\"checkbox\" name=\"yhteys[]\" value=\"Telefon\" \/><span class=\"wpcf7-list-item-label\">Telefon<\/span><\/span><\/span><\/span><br \/>\n<span class=\"wpcf7-form-control-wrap\" data-name=\"yhteys\"><span class=\"wpcf7-form-control wpcf7-checkbox\"><span class=\"wpcf7-list-item first last\"><input type=\"checkbox\" name=\"yhteys[]\" value=\"Jag vill inte bli kontaktad\" \/><span class=\"wpcf7-list-item-label\">Jag vill inte bli kontaktad<\/span><\/span><\/span><\/span>\n<\/p>\n<p><input class=\"wpcf7-form-control wpcf7-submit has-spinner\" type=\"submit\" value=\"Skicka!\" \/>\n<\/p><div class=\"wpcf7-response-output\" aria-hidden=\"true\"><\/div>\n<\/form>\n<\/div>\n[\/vc_column][\/vc_row]\n","protected":false},"excerpt":{"rendered":"<p>[vc_row type=&#8221;full_width_background&#8221; full_screen_row_position=&#8221;middle&#8221; bg_image=&#8221;294&#8243; bg_position=&#8221;left top&#8221; bg_repeat=&#8221;no-repeat&#8221; scene_position=&#8221;center&#8221; text_color=&#8221;dark&#8221; text_align=&#8221;left&#8221; top_padding=&#8221;50&#8243; bottom_padding=&#8221;50&#8243; overlay_strength=&#8221;0.3&#8243;][vc_column column_padding=&#8221;padding-7-percent&#8221; column_padding_position=&#8221;top-bottom&#8221; background_color_opacity=&#8221;1&#8243; background_hover_color_opacity=&#8221;1&#8243; width=&#8221;1\/2&#8243; tablet_text_alignment=&#8221;default&#8221; phone_text_alignment=&#8221;default&#8221;][nectar_animated_title&#8230;<\/p>\n","protected":false},"author":8,"featured_media":16666,"parent":977,"menu_order":0,"comment_status":"closed","ping_status":"closed","template":"","meta":{"sfsi_plus_gutenberg_text_before_share":"","sfsi_plus_gutenberg_show_text_before_share":"","sfsi_plus_gutenberg_icon_type":"","sfsi_plus_gutenberg_icon_alignemt":"","sfsi_plus_gutenburg_max_per_row":"","footnotes":""},"class_list":["post-967","page","type-page","status-publish","has-post-thumbnail"],"featured_image_src":"https:\/\/rediteq.fi\/wp-content\/uploads\/2025\/02\/logo-laatikkomallinen-valktausta.png","yoast_head":"<!-- This site is optimized with the Yoast SEO plugin v26.8 - https:\/\/yoast.com\/product\/yoast-seo-wordpress\/ -->\n<title>Kontaktuppgifter - Rediteq Oy<\/title>\n<meta name=\"robots\" content=\"index, follow, max-snippet:-1, max-image-preview:large, max-video-preview:-1\" \/>\n<link rel=\"canonical\" href=\"https:\/\/rediteq.fi\/sv\/foretaget\/kontaktuppgifter\" \/>\n<meta property=\"og:locale\" content=\"sv_SE\" \/>\n<meta property=\"og:type\" content=\"article\" \/>\n<meta property=\"og:title\" content=\"Kontaktuppgifter - Rediteq Oy\" \/>\n<meta property=\"og:description\" content=\"[vc_row type=&#8221;full_width_background&#8221; full_screen_row_position=&#8221;middle&#8221; bg_image=&#8221;294&#8243; bg_position=&#8221;left top&#8221; bg_repeat=&#8221;no-repeat&#8221; scene_position=&#8221;center&#8221; text_color=&#8221;dark&#8221; text_align=&#8221;left&#8221; top_padding=&#8221;50&#8243; bottom_padding=&#8221;50&#8243; overlay_strength=&#8221;0.3&#8243;][vc_column column_padding=&#8221;padding-7-percent&#8221; column_padding_position=&#8221;top-bottom&#8221; background_color_opacity=&#8221;1&#8243; background_hover_color_opacity=&#8221;1&#8243; width=&#8221;1\/2&#8243; tablet_text_alignment=&#8221;default&#8221; phone_text_alignment=&#8221;default&#8221;][nectar_animated_title...\" \/>\n<meta property=\"og:url\" content=\"https:\/\/rediteq.fi\/sv\/foretaget\/kontaktuppgifter\" \/>\n<meta property=\"og:site_name\" content=\"Rediteq Oy\" \/>\n<meta property=\"article:publisher\" content=\"https:\/\/www.facebook.com\/Rediteq\/?fref=ts\" \/>\n<meta property=\"article:modified_time\" content=\"2019-10-16T13:20:40+00:00\" \/>\n<meta name=\"twitter:card\" content=\"summary_large_image\" \/>\n<meta name=\"twitter:label1\" content=\"Ber\u00e4knad l\u00e4stid\" \/>\n\t<meta name=\"twitter:data1\" content=\"2 minuter\" \/>\n<script type=\"application\/ld+json\" class=\"yoast-schema-graph\">{\"@context\":\"https:\/\/schema.org\",\"@graph\":[{\"@type\":\"WebPage\",\"@id\":\"https:\/\/rediteq.fi\/sv\/foretaget\/kontaktuppgifter\",\"url\":\"https:\/\/rediteq.fi\/sv\/foretaget\/kontaktuppgifter\",\"name\":\"Kontaktuppgifter - Rediteq Oy\",\"isPartOf\":{\"@id\":\"https:\/\/rediteq.fi\/#website\"},\"primaryImageOfPage\":{\"@id\":\"https:\/\/rediteq.fi\/sv\/foretaget\/kontaktuppgifter#primaryimage\"},\"image\":{\"@id\":\"https:\/\/rediteq.fi\/sv\/foretaget\/kontaktuppgifter#primaryimage\"},\"thumbnailUrl\":\"https:\/\/rediteq.fi\/wp-content\/uploads\/2025\/02\/logo-laatikkomallinen-valktausta.png\",\"datePublished\":\"2017-03-08T13:29:40+00:00\",\"dateModified\":\"2019-10-16T13:20:40+00:00\",\"breadcrumb\":{\"@id\":\"https:\/\/rediteq.fi\/sv\/foretaget\/kontaktuppgifter#breadcrumb\"},\"inLanguage\":\"sv-SE\",\"potentialAction\":[{\"@type\":\"ReadAction\",\"target\":[\"https:\/\/rediteq.fi\/sv\/foretaget\/kontaktuppgifter\"]}]},{\"@type\":\"ImageObject\",\"inLanguage\":\"sv-SE\",\"@id\":\"https:\/\/rediteq.fi\/sv\/foretaget\/kontaktuppgifter#primaryimage\",\"url\":\"https:\/\/rediteq.fi\/wp-content\/uploads\/2025\/02\/logo-laatikkomallinen-valktausta.png\",\"contentUrl\":\"https:\/\/rediteq.fi\/wp-content\/uploads\/2025\/02\/logo-laatikkomallinen-valktausta.png\",\"width\":500,\"height\":500},{\"@type\":\"BreadcrumbList\",\"@id\":\"https:\/\/rediteq.fi\/sv\/foretaget\/kontaktuppgifter#breadcrumb\",\"itemListElement\":[{\"@type\":\"ListItem\",\"position\":1,\"name\":\"Home\",\"item\":\"https:\/\/rediteq.fi\/sv\"},{\"@type\":\"ListItem\",\"position\":2,\"name\":\"F\u00f6retaget\",\"item\":\"https:\/\/rediteq.fi\/sv\/foretaget\"},{\"@type\":\"ListItem\",\"position\":3,\"name\":\"Kontaktuppgifter\"}]},{\"@type\":\"WebSite\",\"@id\":\"https:\/\/rediteq.fi\/#website\",\"url\":\"https:\/\/rediteq.fi\/\",\"name\":\"Rediteq Oy\",\"description\":\"Koulutusratkaisut yrityksille ja oppilaitoksille\",\"publisher\":{\"@id\":\"https:\/\/rediteq.fi\/#organization\"},\"potentialAction\":[{\"@type\":\"SearchAction\",\"target\":{\"@type\":\"EntryPoint\",\"urlTemplate\":\"https:\/\/rediteq.fi\/?s={search_term_string}\"},\"query-input\":{\"@type\":\"PropertyValueSpecification\",\"valueRequired\":true,\"valueName\":\"search_term_string\"}}],\"inLanguage\":\"sv-SE\"},{\"@type\":\"Organization\",\"@id\":\"https:\/\/rediteq.fi\/#organization\",\"name\":\"Rediteq Oy\",\"url\":\"https:\/\/rediteq.fi\/\",\"logo\":{\"@type\":\"ImageObject\",\"inLanguage\":\"sv-SE\",\"@id\":\"https:\/\/rediteq.fi\/#\/schema\/logo\/image\/\",\"url\":\"https:\/\/rediteq.fi\/wp-content\/uploads\/2017\/02\/rediteq_logo_png_600px.png\",\"contentUrl\":\"https:\/\/rediteq.fi\/wp-content\/uploads\/2017\/02\/rediteq_logo_png_600px.png\",\"width\":600,\"height\":140,\"caption\":\"Rediteq Oy\"},\"image\":{\"@id\":\"https:\/\/rediteq.fi\/#\/schema\/logo\/image\/\"},\"sameAs\":[\"https:\/\/www.facebook.com\/Rediteq\/?fref=ts\",\"https:\/\/www.instagram.com\/rediteqfi\/\",\"https:\/\/www.youtube.com\/channel\/UChdWBDfytwfkNSFYdMv33MA\"]}]}<\/script>\n<!-- \/ Yoast SEO plugin. -->","yoast_head_json":{"title":"Kontaktuppgifter - Rediteq Oy","robots":{"index":"index","follow":"follow","max-snippet":"max-snippet:-1","max-image-preview":"max-image-preview:large","max-video-preview":"max-video-preview:-1"},"canonical":"https:\/\/rediteq.fi\/sv\/foretaget\/kontaktuppgifter","og_locale":"sv_SE","og_type":"article","og_title":"Kontaktuppgifter - Rediteq Oy","og_description":"[vc_row type=&#8221;full_width_background&#8221; full_screen_row_position=&#8221;middle&#8221; bg_image=&#8221;294&#8243; bg_position=&#8221;left top&#8221; bg_repeat=&#8221;no-repeat&#8221; scene_position=&#8221;center&#8221; text_color=&#8221;dark&#8221; text_align=&#8221;left&#8221; top_padding=&#8221;50&#8243; bottom_padding=&#8221;50&#8243; overlay_strength=&#8221;0.3&#8243;][vc_column column_padding=&#8221;padding-7-percent&#8221; column_padding_position=&#8221;top-bottom&#8221; background_color_opacity=&#8221;1&#8243; background_hover_color_opacity=&#8221;1&#8243; width=&#8221;1\/2&#8243; tablet_text_alignment=&#8221;default&#8221; phone_text_alignment=&#8221;default&#8221;][nectar_animated_title...","og_url":"https:\/\/rediteq.fi\/sv\/foretaget\/kontaktuppgifter","og_site_name":"Rediteq Oy","article_publisher":"https:\/\/www.facebook.com\/Rediteq\/?fref=ts","article_modified_time":"2019-10-16T13:20:40+00:00","twitter_card":"summary_large_image","twitter_misc":{"Ber\u00e4knad l\u00e4stid":"2 minuter"},"schema":{"@context":"https:\/\/schema.org","@graph":[{"@type":"WebPage","@id":"https:\/\/rediteq.fi\/sv\/foretaget\/kontaktuppgifter","url":"https:\/\/rediteq.fi\/sv\/foretaget\/kontaktuppgifter","name":"Kontaktuppgifter - Rediteq Oy","isPartOf":{"@id":"https:\/\/rediteq.fi\/#website"},"primaryImageOfPage":{"@id":"https:\/\/rediteq.fi\/sv\/foretaget\/kontaktuppgifter#primaryimage"},"image":{"@id":"https:\/\/rediteq.fi\/sv\/foretaget\/kontaktuppgifter#primaryimage"},"thumbnailUrl":"https:\/\/rediteq.fi\/wp-content\/uploads\/2025\/02\/logo-laatikkomallinen-valktausta.png","datePublished":"2017-03-08T13:29:40+00:00","dateModified":"2019-10-16T13:20:40+00:00","breadcrumb":{"@id":"https:\/\/rediteq.fi\/sv\/foretaget\/kontaktuppgifter#breadcrumb"},"inLanguage":"sv-SE","potentialAction":[{"@type":"ReadAction","target":["https:\/\/rediteq.fi\/sv\/foretaget\/kontaktuppgifter"]}]},{"@type":"ImageObject","inLanguage":"sv-SE","@id":"https:\/\/rediteq.fi\/sv\/foretaget\/kontaktuppgifter#primaryimage","url":"https:\/\/rediteq.fi\/wp-content\/uploads\/2025\/02\/logo-laatikkomallinen-valktausta.png","contentUrl":"https:\/\/rediteq.fi\/wp-content\/uploads\/2025\/02\/logo-laatikkomallinen-valktausta.png","width":500,"height":500},{"@type":"BreadcrumbList","@id":"https:\/\/rediteq.fi\/sv\/foretaget\/kontaktuppgifter#breadcrumb","itemListElement":[{"@type":"ListItem","position":1,"name":"Home","item":"https:\/\/rediteq.fi\/sv"},{"@type":"ListItem","position":2,"name":"F\u00f6retaget","item":"https:\/\/rediteq.fi\/sv\/foretaget"},{"@type":"ListItem","position":3,"name":"Kontaktuppgifter"}]},{"@type":"WebSite","@id":"https:\/\/rediteq.fi\/#website","url":"https:\/\/rediteq.fi\/","name":"Rediteq Oy","description":"Koulutusratkaisut yrityksille ja oppilaitoksille","publisher":{"@id":"https:\/\/rediteq.fi\/#organization"},"potentialAction":[{"@type":"SearchAction","target":{"@type":"EntryPoint","urlTemplate":"https:\/\/rediteq.fi\/?s={search_term_string}"},"query-input":{"@type":"PropertyValueSpecification","valueRequired":true,"valueName":"search_term_string"}}],"inLanguage":"sv-SE"},{"@type":"Organization","@id":"https:\/\/rediteq.fi\/#organization","name":"Rediteq Oy","url":"https:\/\/rediteq.fi\/","logo":{"@type":"ImageObject","inLanguage":"sv-SE","@id":"https:\/\/rediteq.fi\/#\/schema\/logo\/image\/","url":"https:\/\/rediteq.fi\/wp-content\/uploads\/2017\/02\/rediteq_logo_png_600px.png","contentUrl":"https:\/\/rediteq.fi\/wp-content\/uploads\/2017\/02\/rediteq_logo_png_600px.png","width":600,"height":140,"caption":"Rediteq Oy"},"image":{"@id":"https:\/\/rediteq.fi\/#\/schema\/logo\/image\/"},"sameAs":["https:\/\/www.facebook.com\/Rediteq\/?fref=ts","https:\/\/www.instagram.com\/rediteqfi\/","https:\/\/www.youtube.com\/channel\/UChdWBDfytwfkNSFYdMv33MA"]}]}},"_links":{"self":[{"href":"https:\/\/rediteq.fi\/sv\/wp-json\/wp\/v2\/pages\/967","targetHints":{"allow":["GET"]}}],"collection":[{"href":"https:\/\/rediteq.fi\/sv\/wp-json\/wp\/v2\/pages"}],"about":[{"href":"https:\/\/rediteq.fi\/sv\/wp-json\/wp\/v2\/types\/page"}],"author":[{"embeddable":true,"href":"https:\/\/rediteq.fi\/sv\/wp-json\/wp\/v2\/users\/8"}],"replies":[{"embeddable":true,"href":"https:\/\/rediteq.fi\/sv\/wp-json\/wp\/v2\/comments?post=967"}],"version-history":[{"count":0,"href":"https:\/\/rediteq.fi\/sv\/wp-json\/wp\/v2\/pages\/967\/revisions"}],"up":[{"embeddable":true,"href":"https:\/\/rediteq.fi\/sv\/wp-json\/wp\/v2\/pages\/977"}],"wp:featuredmedia":[{"embeddable":true,"href":"https:\/\/rediteq.fi\/sv\/wp-json\/wp\/v2\/media\/16666"}],"wp:attachment":[{"href":"https:\/\/rediteq.fi\/sv\/wp-json\/wp\/v2\/media?parent=967"}],"curies":[{"name":"wp","href":"https:\/\/api.w.org\/{rel}","templated":true}]}}