{"id":962,"date":"2017-03-09T13:42:30","date_gmt":"2017-03-09T11:42:30","guid":{"rendered":"http:\/\/rediteq.kajahdus.fi\/yrityksille"},"modified":"2017-05-08T15:07:03","modified_gmt":"2017-05-08T12:07:03","slug":"for-foretag","status":"publish","type":"page","link":"https:\/\/rediteq.fi\/sv\/losningar\/for-foretag","title":{"rendered":"L\u00f6sningar f\u00f6r f\u00f6retag"},"content":{"rendered":"[vc_row type=&#8221;full_width_background&#8221; full_screen_row_position=&#8221;middle&#8221; bg_image=&#8221;294&#8243; bg_position=&#8221;left top&#8221; bg_repeat=&#8221;no-repeat&#8221; scene_position=&#8221;center&#8221; text_color=&#8221;dark&#8221; text_align=&#8221;left&#8221; top_padding=&#8221;50&#8243; bottom_padding=&#8221;50&#8243; overlay_strength=&#8221;0.3&#8243;][vc_column column_padding=&#8221;padding-7-percent&#8221; column_padding_position=&#8221;top-bottom&#8221; background_color_opacity=&#8221;1&#8243; background_hover_color_opacity=&#8221;1&#8243; width=&#8221;1\/2&#8243; tablet_text_alignment=&#8221;default&#8221; phone_text_alignment=&#8221;default&#8221;][nectar_animated_title heading_tag=&#8221;h1&#8243; style=&#8221;color-strip-reveal&#8221; color=&#8221;Accent-Color&#8221; text=&#8221;L\u00f6sningar f\u00f6r f\u00f6retag&#8221;][vc_row_inner text_align=&#8221;left&#8221;][vc_column_inner column_padding=&#8221;padding-5-percent&#8221; column_padding_position=&#8221;left-right&#8221; background_color=&#8221;#ffffff&#8221; background_color_opacity=&#8221;1&#8243; width=&#8221;1\/1&#8243;][divider line_type=&#8221;No Line&#8221; custom_height=&#8221;30&#8243;][vc_column_text el_class=&#8221;klassi2&#8243;]Vi erbjuder ett helt\u00e4ckande Campus Pro programpaket f\u00f6r f\u00f6retag och deras utbildningsbehov. Med v\u00e5rt programpaket kan f\u00f6retaget administrera den m\u00e5linriktade inl\u00e4rningen och hela utbildningsprocessen. Paketet erbjuder utm\u00e4rkta verktyg f\u00f6r att utbilda personalen och f\u00f6r att sprida kunskapen inom stora organisationer p\u00e5 ett kostnadseffektivt s\u00e4tt med hj\u00e4lp av v\u00e5ra digitala tj\u00e4nster.[\/vc_column_text][divider line_type=&#8221;No Line&#8221; custom_height=&#8221;30&#8243;][nectar_btn size=&#8221;large&#8221; button_style=&#8221;see-through-2&#8243; color_override=&#8221;#c8232a&#8221; hover_text_color_override=&#8221;#ffffff&#8221; icon_family=&#8221;none&#8221; url=&#8221;#lues&#8221; text=&#8221;L\u00e4s mera&#8221;][divider line_type=&#8221;No Line&#8221; custom_height=&#8221;30&#8243;][\/vc_column_inner][\/vc_row_inner][\/vc_column][vc_column column_padding=&#8221;no-extra-padding&#8221; column_padding_position=&#8221;all&#8221; background_color_opacity=&#8221;1&#8243; background_hover_color_opacity=&#8221;1&#8243; width=&#8221;1\/2&#8243; tablet_text_alignment=&#8221;default&#8221; phone_text_alignment=&#8221;default&#8221;][\/vc_column][\/vc_row][vc_row type=&#8221;in_container&#8221; full_screen_row_position=&#8221;middle&#8221; scene_position=&#8221;center&#8221; text_color=&#8221;dark&#8221; text_align=&#8221;left&#8221; top_padding=&#8221;50&#8243; bottom_padding=&#8221;50&#8243; id=&#8221;lues&#8221; overlay_strength=&#8221;0.3&#8243;][vc_column column_padding=&#8221;padding-2-percent&#8221; column_padding_position=&#8221;all&#8221; background_color=&#8221;#f7f7f7&#8243; background_color_opacity=&#8221;1&#8243; background_hover_color_opacity=&#8221;1&#8243; width=&#8221;2\/3&#8243; tablet_text_alignment=&#8221;default&#8221; phone_text_alignment=&#8221;default&#8221;][vc_row_inner text_align=&#8221;left&#8221;][vc_column_inner column_padding=&#8221;no-extra-padding&#8221; column_padding_position=&#8221;all&#8221; background_color_opacity=&#8221;1&#8243; width=&#8221;2\/3&#8243;][vc_column_text el_class=&#8221;klassi3&#8243;]\n<h3>Best\u00e4mning kunskapsniv\u00e5n och upps\u00e4ttande av m\u00e5l<\/h3>\n<p>V\u00e5rt program inneh\u00e5ller ett avancerat verktyg f\u00f6r att best\u00e4mma kunskapsniv\u00e5n. P\u00e5 basen av kunskapskartl\u00e4ggningen framg\u00e5r eventuella luckor i arbetstagarens kunskaper och klara m\u00e5l kan s\u00e4ttas f\u00f6r att h\u00f6ja kunskapsniv\u00e5n. D\u00e5 arbetstagarens kunskapsniv\u00e5 och m\u00e5ls\u00e4ttningar \u00e4r kartlagda kan utbildningen systematiskt koncentreras till just det omr\u00e5de d\u00e4r kunskapen beh\u00f6ver h\u00f6jas.[\/vc_column_text][\/vc_column_inner][vc_column_inner column_padding=&#8221;no-extra-padding&#8221; column_padding_position=&#8221;all&#8221; background_color_opacity=&#8221;1&#8243; width=&#8221;1\/3&#8243;][image_with_animation image_url=&#8221;484&#8243; alignment=&#8221;&#8221; animation=&#8221;None&#8221; img_link_large=&#8221;yes&#8221; box_shadow=&#8221;none&#8221; max_width=&#8221;100%&#8221;][\/vc_column_inner][\/vc_row_inner][divider line_type=&#8221;No Line&#8221; custom_height=&#8221;30&#8243;][vc_row_inner text_align=&#8221;left&#8221;][vc_column_inner column_padding=&#8221;no-extra-padding&#8221; column_padding_position=&#8221;all&#8221; background_color_opacity=&#8221;1&#8243; width=&#8221;2\/3&#8243;][vc_column_text el_class=&#8221;klassi3&#8243;]\n<h3>F\u00f6rb\u00e4ttra kunskaperna med hj\u00e4lp av en online inl\u00e4rningsmilj\u00f6<\/h3>\n<p>Tack vare Study@Campus<sup>Pro<\/sup> e-inl\u00e4rningsmilj\u00f6n kan personalens utbildningsbehov hanteras smidigt och kostnadseffektivt genom att kombinera olika utbildningsstilar. Milj\u00f6n erbjuder m\u00f6jligheter till utbildning via n\u00e4tet, sj\u00e4lvstudier och bland annat effektiv delning av information och material, \u00e4ven utanf\u00f6r organisationens gr\u00e4nser. Allt oberoende av tid eller plats. Dessutom fungerar milj\u00f6n som ett kommunikationssystem i realtid.[\/vc_column_text][\/vc_column_inner][vc_column_inner column_padding=&#8221;no-extra-padding&#8221; column_padding_position=&#8221;all&#8221; background_color_opacity=&#8221;1&#8243; width=&#8221;1\/3&#8243;][image_with_animation image_url=&#8221;478&#8243; alignment=&#8221;&#8221; animation=&#8221;None&#8221; img_link_large=&#8221;yes&#8221; box_shadow=&#8221;none&#8221; max_width=&#8221;100%&#8221;][\/vc_column_inner][\/vc_row_inner][divider line_type=&#8221;No Line&#8221; custom_height=&#8221;30&#8243;][vc_row_inner text_align=&#8221;left&#8221;][vc_column_inner column_padding=&#8221;no-extra-padding&#8221; column_padding_position=&#8221;all&#8221; background_color_opacity=&#8221;1&#8243; width=&#8221;2\/3&#8243;][vc_column_text el_class=&#8221;klassi3&#8243;]\n<h3>Effektiv kommunikation<\/h3>\n<p>F\u00f6r att f\u00f6rb\u00e4ttra kommunikationen mellan inl\u00e4rningsprocessens olika parter och akt\u00f6rerna inom n\u00e4tverket, har systemet en integrerad meddelandecentral. Tack vare den kan kommunikation mellan de olika intressentgrupperna h\u00f6jas till en helt ny niv\u00e5.[\/vc_column_text][\/vc_column_inner][vc_column_inner column_padding=&#8221;no-extra-padding&#8221; column_padding_position=&#8221;all&#8221; background_color_opacity=&#8221;1&#8243; width=&#8221;1\/3&#8243;][image_with_animation image_url=&#8221;487&#8243; alignment=&#8221;&#8221; animation=&#8221;None&#8221; img_link_large=&#8221;yes&#8221; box_shadow=&#8221;none&#8221; max_width=&#8221;100%&#8221;][\/vc_column_inner][\/vc_row_inner][divider line_type=&#8221;No Line&#8221; custom_height=&#8221;30&#8243;][vc_row_inner text_align=&#8221;left&#8221;][vc_column_inner column_padding=&#8221;no-extra-padding&#8221; column_padding_position=&#8221;all&#8221; background_color_opacity=&#8221;1&#8243; width=&#8221;2\/3&#8243;][vc_column_text el_class=&#8221;klassi3&#8243;]\n<h3>Kunskapsuppf\u00f6ljning och att n\u00e5 sina m\u00e5l<\/h3>\n<p>Med de m\u00e5ngsidiga respons- och uppf\u00f6ljningsverktygen kan utbildaren enkelt f\u00f6lja med arbetstagarens framsteg och vid behov styra studierna \u00e5t r\u00e4tt h\u00e5ll. Ett brett utbud av grafer och en studiedagbok illustrerar hur kunskaperna och f\u00e4rdigheterna har utvecklats fr\u00e5n utg\u00e5ngsl\u00e4get fram tills m\u00e5ls\u00e4ttningarna \u00e4r uppn\u00e5dda.[\/vc_column_text][\/vc_column_inner][vc_column_inner column_padding=&#8221;no-extra-padding&#8221; column_padding_position=&#8221;all&#8221; background_color_opacity=&#8221;1&#8243; width=&#8221;1\/3&#8243;][image_with_animation image_url=&#8221;507&#8243; alignment=&#8221;&#8221; animation=&#8221;None&#8221; img_link_large=&#8221;yes&#8221; box_shadow=&#8221;none&#8221; max_width=&#8221;100%&#8221;][\/vc_column_inner][\/vc_row_inner][\/vc_column][vc_column column_padding=&#8221;padding-2-percent&#8221; column_padding_position=&#8221;all&#8221; background_color=&#8221;#f7f7f7&#8243; background_color_opacity=&#8221;1&#8243; background_hover_color_opacity=&#8221;1&#8243; el_class=&#8221;klassi3&#8243; width=&#8221;1\/3&#8243; tablet_text_alignment=&#8221;default&#8221; phone_text_alignment=&#8221;default&#8221;][vc_column_text]\n<h3>Leveransalternativ<\/h3>\n<p>V\u00e5ra program kan levereras som en uthyrd SaaS-tj\u00e4nst (Software-as-a-service), installerad p\u00e5 kundens egen server, eller som en hybridl\u00f6sning av dessa alternativ. Spr\u00e5kalternativen \u00e4r finska, svenska och engelska.[\/vc_column_text][divider line_type=&#8221;No Line&#8221; custom_height=&#8221;30&#8243;][nectar_btn size=&#8221;large&#8221; button_style=&#8221;see-through-2&#8243; color_override=&#8221;#c8232a&#8221; hover_text_color_override=&#8221;#ffffff&#8221; icon_family=&#8221;none&#8221; url=&#8221;\/sv\/produkter\/&#8221; text=&#8221;L\u00e4s mera&#8221;][\/vc_column][\/vc_row]\n","protected":false},"excerpt":{"rendered":"<p>[vc_row type=&#8221;full_width_background&#8221; full_screen_row_position=&#8221;middle&#8221; bg_image=&#8221;294&#8243; bg_position=&#8221;left top&#8221; bg_repeat=&#8221;no-repeat&#8221; scene_position=&#8221;center&#8221; text_color=&#8221;dark&#8221; text_align=&#8221;left&#8221; top_padding=&#8221;50&#8243; bottom_padding=&#8221;50&#8243; overlay_strength=&#8221;0.3&#8243;][vc_column column_padding=&#8221;padding-7-percent&#8221; column_padding_position=&#8221;top-bottom&#8221; background_color_opacity=&#8221;1&#8243; background_hover_color_opacity=&#8221;1&#8243; width=&#8221;1\/2&#8243; tablet_text_alignment=&#8221;default&#8221; phone_text_alignment=&#8221;default&#8221;][nectar_animated_title&#8230;<\/p>\n","protected":false},"author":8,"featured_media":12562,"parent":989,"menu_order":0,"comment_status":"closed","ping_status":"closed","template":"","meta":{"sfsi_plus_gutenberg_text_before_share":"","sfsi_plus_gutenberg_show_text_before_share":"","sfsi_plus_gutenberg_icon_type":"","sfsi_plus_gutenberg_icon_alignemt":"","sfsi_plus_gutenburg_max_per_row":"","footnotes":""},"class_list":["post-962","page","type-page","status-publish","has-post-thumbnail"],"featured_image_src":"https:\/\/rediteq.fi\/wp-content\/uploads\/2022\/08\/Kannykkakuva-21.png","yoast_head":"<!-- This site is optimized with the Yoast SEO plugin v26.8 - https:\/\/yoast.com\/product\/yoast-seo-wordpress\/ -->\n<title>L\u00f6sningar f\u00f6r f\u00f6retag - Rediteq Oy<\/title>\n<meta name=\"robots\" content=\"index, follow, max-snippet:-1, max-image-preview:large, max-video-preview:-1\" \/>\n<link rel=\"canonical\" href=\"https:\/\/rediteq.fi\/sv\/losningar\/for-foretag\" \/>\n<meta property=\"og:locale\" content=\"sv_SE\" \/>\n<meta property=\"og:type\" content=\"article\" \/>\n<meta property=\"og:title\" content=\"L\u00f6sningar f\u00f6r f\u00f6retag - Rediteq Oy\" \/>\n<meta property=\"og:description\" content=\"[vc_row type=&#8221;full_width_background&#8221; full_screen_row_position=&#8221;middle&#8221; bg_image=&#8221;294&#8243; bg_position=&#8221;left top&#8221; bg_repeat=&#8221;no-repeat&#8221; scene_position=&#8221;center&#8221; text_color=&#8221;dark&#8221; text_align=&#8221;left&#8221; top_padding=&#8221;50&#8243; bottom_padding=&#8221;50&#8243; overlay_strength=&#8221;0.3&#8243;][vc_column column_padding=&#8221;padding-7-percent&#8221; column_padding_position=&#8221;top-bottom&#8221; background_color_opacity=&#8221;1&#8243; background_hover_color_opacity=&#8221;1&#8243; width=&#8221;1\/2&#8243; tablet_text_alignment=&#8221;default&#8221; phone_text_alignment=&#8221;default&#8221;][nectar_animated_title...\" \/>\n<meta property=\"og:url\" content=\"https:\/\/rediteq.fi\/sv\/losningar\/for-foretag\" \/>\n<meta property=\"og:site_name\" content=\"Rediteq Oy\" \/>\n<meta property=\"article:publisher\" content=\"https:\/\/www.facebook.com\/Rediteq\/?fref=ts\" \/>\n<meta property=\"article:modified_time\" content=\"2017-05-08T12:07:03+00:00\" \/>\n<meta name=\"twitter:card\" content=\"summary_large_image\" \/>\n<meta name=\"twitter:label1\" content=\"Ber\u00e4knad l\u00e4stid\" \/>\n\t<meta name=\"twitter:data1\" content=\"5 minuter\" \/>\n<script type=\"application\/ld+json\" class=\"yoast-schema-graph\">{\"@context\":\"https:\/\/schema.org\",\"@graph\":[{\"@type\":\"WebPage\",\"@id\":\"https:\/\/rediteq.fi\/sv\/losningar\/for-foretag\",\"url\":\"https:\/\/rediteq.fi\/sv\/losningar\/for-foretag\",\"name\":\"L\u00f6sningar f\u00f6r f\u00f6retag - Rediteq Oy\",\"isPartOf\":{\"@id\":\"https:\/\/rediteq.fi\/#website\"},\"primaryImageOfPage\":{\"@id\":\"https:\/\/rediteq.fi\/sv\/losningar\/for-foretag#primaryimage\"},\"image\":{\"@id\":\"https:\/\/rediteq.fi\/sv\/losningar\/for-foretag#primaryimage\"},\"thumbnailUrl\":\"https:\/\/rediteq.fi\/wp-content\/uploads\/2022\/08\/Kannykkakuva-21.png\",\"datePublished\":\"2017-03-09T11:42:30+00:00\",\"dateModified\":\"2017-05-08T12:07:03+00:00\",\"breadcrumb\":{\"@id\":\"https:\/\/rediteq.fi\/sv\/losningar\/for-foretag#breadcrumb\"},\"inLanguage\":\"sv-SE\",\"potentialAction\":[{\"@type\":\"ReadAction\",\"target\":[\"https:\/\/rediteq.fi\/sv\/losningar\/for-foretag\"]}]},{\"@type\":\"ImageObject\",\"inLanguage\":\"sv-SE\",\"@id\":\"https:\/\/rediteq.fi\/sv\/losningar\/for-foretag#primaryimage\",\"url\":\"https:\/\/rediteq.fi\/wp-content\/uploads\/2022\/08\/Kannykkakuva-21.png\",\"contentUrl\":\"https:\/\/rediteq.fi\/wp-content\/uploads\/2022\/08\/Kannykkakuva-21.png\",\"width\":500,\"height\":990,\"caption\":\"Rekrytointisovellus\"},{\"@type\":\"BreadcrumbList\",\"@id\":\"https:\/\/rediteq.fi\/sv\/losningar\/for-foretag#breadcrumb\",\"itemListElement\":[{\"@type\":\"ListItem\",\"position\":1,\"name\":\"Home\",\"item\":\"https:\/\/rediteq.fi\/sv\"},{\"@type\":\"ListItem\",\"position\":2,\"name\":\"L\u00f6sningar\",\"item\":\"https:\/\/rediteq.fi\/sv\/losningar\"},{\"@type\":\"ListItem\",\"position\":3,\"name\":\"L\u00f6sningar f\u00f6r f\u00f6retag\"}]},{\"@type\":\"WebSite\",\"@id\":\"https:\/\/rediteq.fi\/#website\",\"url\":\"https:\/\/rediteq.fi\/\",\"name\":\"Rediteq Oy\",\"description\":\"Koulutusratkaisut yrityksille ja oppilaitoksille\",\"publisher\":{\"@id\":\"https:\/\/rediteq.fi\/#organization\"},\"potentialAction\":[{\"@type\":\"SearchAction\",\"target\":{\"@type\":\"EntryPoint\",\"urlTemplate\":\"https:\/\/rediteq.fi\/?s={search_term_string}\"},\"query-input\":{\"@type\":\"PropertyValueSpecification\",\"valueRequired\":true,\"valueName\":\"search_term_string\"}}],\"inLanguage\":\"sv-SE\"},{\"@type\":\"Organization\",\"@id\":\"https:\/\/rediteq.fi\/#organization\",\"name\":\"Rediteq Oy\",\"url\":\"https:\/\/rediteq.fi\/\",\"logo\":{\"@type\":\"ImageObject\",\"inLanguage\":\"sv-SE\",\"@id\":\"https:\/\/rediteq.fi\/#\/schema\/logo\/image\/\",\"url\":\"https:\/\/rediteq.fi\/wp-content\/uploads\/2017\/02\/rediteq_logo_png_600px.png\",\"contentUrl\":\"https:\/\/rediteq.fi\/wp-content\/uploads\/2017\/02\/rediteq_logo_png_600px.png\",\"width\":600,\"height\":140,\"caption\":\"Rediteq Oy\"},\"image\":{\"@id\":\"https:\/\/rediteq.fi\/#\/schema\/logo\/image\/\"},\"sameAs\":[\"https:\/\/www.facebook.com\/Rediteq\/?fref=ts\",\"https:\/\/www.instagram.com\/rediteqfi\/\",\"https:\/\/www.youtube.com\/channel\/UChdWBDfytwfkNSFYdMv33MA\"]}]}<\/script>\n<!-- \/ Yoast SEO plugin. -->","yoast_head_json":{"title":"L\u00f6sningar f\u00f6r f\u00f6retag - Rediteq Oy","robots":{"index":"index","follow":"follow","max-snippet":"max-snippet:-1","max-image-preview":"max-image-preview:large","max-video-preview":"max-video-preview:-1"},"canonical":"https:\/\/rediteq.fi\/sv\/losningar\/for-foretag","og_locale":"sv_SE","og_type":"article","og_title":"L\u00f6sningar f\u00f6r f\u00f6retag - Rediteq Oy","og_description":"[vc_row type=&#8221;full_width_background&#8221; full_screen_row_position=&#8221;middle&#8221; bg_image=&#8221;294&#8243; bg_position=&#8221;left top&#8221; bg_repeat=&#8221;no-repeat&#8221; scene_position=&#8221;center&#8221; text_color=&#8221;dark&#8221; text_align=&#8221;left&#8221; top_padding=&#8221;50&#8243; bottom_padding=&#8221;50&#8243; overlay_strength=&#8221;0.3&#8243;][vc_column column_padding=&#8221;padding-7-percent&#8221; column_padding_position=&#8221;top-bottom&#8221; background_color_opacity=&#8221;1&#8243; background_hover_color_opacity=&#8221;1&#8243; width=&#8221;1\/2&#8243; tablet_text_alignment=&#8221;default&#8221; phone_text_alignment=&#8221;default&#8221;][nectar_animated_title...","og_url":"https:\/\/rediteq.fi\/sv\/losningar\/for-foretag","og_site_name":"Rediteq Oy","article_publisher":"https:\/\/www.facebook.com\/Rediteq\/?fref=ts","article_modified_time":"2017-05-08T12:07:03+00:00","twitter_card":"summary_large_image","twitter_misc":{"Ber\u00e4knad l\u00e4stid":"5 minuter"},"schema":{"@context":"https:\/\/schema.org","@graph":[{"@type":"WebPage","@id":"https:\/\/rediteq.fi\/sv\/losningar\/for-foretag","url":"https:\/\/rediteq.fi\/sv\/losningar\/for-foretag","name":"L\u00f6sningar f\u00f6r f\u00f6retag - Rediteq Oy","isPartOf":{"@id":"https:\/\/rediteq.fi\/#website"},"primaryImageOfPage":{"@id":"https:\/\/rediteq.fi\/sv\/losningar\/for-foretag#primaryimage"},"image":{"@id":"https:\/\/rediteq.fi\/sv\/losningar\/for-foretag#primaryimage"},"thumbnailUrl":"https:\/\/rediteq.fi\/wp-content\/uploads\/2022\/08\/Kannykkakuva-21.png","datePublished":"2017-03-09T11:42:30+00:00","dateModified":"2017-05-08T12:07:03+00:00","breadcrumb":{"@id":"https:\/\/rediteq.fi\/sv\/losningar\/for-foretag#breadcrumb"},"inLanguage":"sv-SE","potentialAction":[{"@type":"ReadAction","target":["https:\/\/rediteq.fi\/sv\/losningar\/for-foretag"]}]},{"@type":"ImageObject","inLanguage":"sv-SE","@id":"https:\/\/rediteq.fi\/sv\/losningar\/for-foretag#primaryimage","url":"https:\/\/rediteq.fi\/wp-content\/uploads\/2022\/08\/Kannykkakuva-21.png","contentUrl":"https:\/\/rediteq.fi\/wp-content\/uploads\/2022\/08\/Kannykkakuva-21.png","width":500,"height":990,"caption":"Rekrytointisovellus"},{"@type":"BreadcrumbList","@id":"https:\/\/rediteq.fi\/sv\/losningar\/for-foretag#breadcrumb","itemListElement":[{"@type":"ListItem","position":1,"name":"Home","item":"https:\/\/rediteq.fi\/sv"},{"@type":"ListItem","position":2,"name":"L\u00f6sningar","item":"https:\/\/rediteq.fi\/sv\/losningar"},{"@type":"ListItem","position":3,"name":"L\u00f6sningar f\u00f6r f\u00f6retag"}]},{"@type":"WebSite","@id":"https:\/\/rediteq.fi\/#website","url":"https:\/\/rediteq.fi\/","name":"Rediteq Oy","description":"Koulutusratkaisut yrityksille ja oppilaitoksille","publisher":{"@id":"https:\/\/rediteq.fi\/#organization"},"potentialAction":[{"@type":"SearchAction","target":{"@type":"EntryPoint","urlTemplate":"https:\/\/rediteq.fi\/?s={search_term_string}"},"query-input":{"@type":"PropertyValueSpecification","valueRequired":true,"valueName":"search_term_string"}}],"inLanguage":"sv-SE"},{"@type":"Organization","@id":"https:\/\/rediteq.fi\/#organization","name":"Rediteq Oy","url":"https:\/\/rediteq.fi\/","logo":{"@type":"ImageObject","inLanguage":"sv-SE","@id":"https:\/\/rediteq.fi\/#\/schema\/logo\/image\/","url":"https:\/\/rediteq.fi\/wp-content\/uploads\/2017\/02\/rediteq_logo_png_600px.png","contentUrl":"https:\/\/rediteq.fi\/wp-content\/uploads\/2017\/02\/rediteq_logo_png_600px.png","width":600,"height":140,"caption":"Rediteq Oy"},"image":{"@id":"https:\/\/rediteq.fi\/#\/schema\/logo\/image\/"},"sameAs":["https:\/\/www.facebook.com\/Rediteq\/?fref=ts","https:\/\/www.instagram.com\/rediteqfi\/","https:\/\/www.youtube.com\/channel\/UChdWBDfytwfkNSFYdMv33MA"]}]}},"_links":{"self":[{"href":"https:\/\/rediteq.fi\/sv\/wp-json\/wp\/v2\/pages\/962","targetHints":{"allow":["GET"]}}],"collection":[{"href":"https:\/\/rediteq.fi\/sv\/wp-json\/wp\/v2\/pages"}],"about":[{"href":"https:\/\/rediteq.fi\/sv\/wp-json\/wp\/v2\/types\/page"}],"author":[{"embeddable":true,"href":"https:\/\/rediteq.fi\/sv\/wp-json\/wp\/v2\/users\/8"}],"replies":[{"embeddable":true,"href":"https:\/\/rediteq.fi\/sv\/wp-json\/wp\/v2\/comments?post=962"}],"version-history":[{"count":0,"href":"https:\/\/rediteq.fi\/sv\/wp-json\/wp\/v2\/pages\/962\/revisions"}],"up":[{"embeddable":true,"href":"https:\/\/rediteq.fi\/sv\/wp-json\/wp\/v2\/pages\/989"}],"wp:featuredmedia":[{"embeddable":true,"href":"https:\/\/rediteq.fi\/sv\/wp-json\/wp\/v2\/media\/12562"}],"wp:attachment":[{"href":"https:\/\/rediteq.fi\/sv\/wp-json\/wp\/v2\/media?parent=962"}],"curies":[{"name":"wp","href":"https:\/\/api.w.org\/{rel}","templated":true}]}}