{"id":960,"date":"2017-03-09T14:20:34","date_gmt":"2017-03-09T12:20:34","guid":{"rendered":"http:\/\/rediteq.kajahdus.fi\/tuotteet"},"modified":"2017-09-08T16:12:45","modified_gmt":"2017-09-08T13:12:45","slug":"produkter","status":"publish","type":"page","link":"https:\/\/rediteq.fi\/sv\/produkter","title":{"rendered":"Produkter"},"content":{"rendered":"[vc_row type=&#8221;full_width_content&#8221; full_screen_row_position=&#8221;middle&#8221; scene_position=&#8221;center&#8221; text_color=&#8221;dark&#8221; text_align=&#8221;left&#8221; top_padding=&#8221;50&#8243; bottom_padding=&#8221;50&#8243; overlay_strength=&#8221;0.3&#8243;][vc_column centered_text=&#8221;true&#8221; column_padding=&#8221;padding-5-percent&#8221; column_padding_position=&#8221;left-right&#8221; background_color_opacity=&#8221;1&#8243; background_hover_color_opacity=&#8221;1&#8243; el_class=&#8221;ratkaisut&#8221; width=&#8221;1\/3&#8243; tablet_text_alignment=&#8221;default&#8221; phone_text_alignment=&#8221;default&#8221;][divider line_type=&#8221;No Line&#8221; custom_height=&#8221;30&#8243;][image_with_animation image_url=&#8221;817&#8243; alignment=&#8221;&#8221; animation=&#8221;None&#8221; box_shadow=&#8221;none&#8221; max_width=&#8221;100%&#8221; delay=&#8221;150&#8243;][vc_column_text el_class=&#8221;ratkaisut&#8221;]\n<h3>Campus Pro<\/h3>\n<p><span style=\"color: #3e98d8;\"><strong>Utbildningshantering<\/strong><\/span><\/p>\n<p>Campus Pro \u00e4r l\u00f6sningen till administration av n\u00e4tverkande utbildning. Den har utvecklats f\u00f6rutbildningsarrang\u00f6rer, l\u00e4roanstalter och organisationer med omfattande anskaffning av utbildning f\u00f6r speciellt l\u00e4roavtalsarrang\u00f6rer, arbetskraftsstyrelser och stora f\u00f6retag.[\/vc_column_text][divider line_type=&#8221;No Line&#8221; custom_height=&#8221;50&#8243;][nectar_btn size=&#8221;large&#8221; button_style=&#8221;see-through-2&#8243; color_override=&#8221;#3e98d8&#8243; hover_color_override=&#8221;#3e98d8&#8243; hover_text_color_override=&#8221;#ffffff&#8221; icon_family=&#8221;fontawesome&#8221; url=&#8221;\/sv\/produkter\/campus-pro&#8221; text=&#8221;L\u00e4s mera&#8221; icon_fontawesome=&#8221;fa fa-angle-double-right&#8221;][\/vc_column][vc_column centered_text=&#8221;true&#8221; column_padding=&#8221;padding-5-percent&#8221; column_padding_position=&#8221;left-right&#8221; background_color_opacity=&#8221;1&#8243; background_hover_color_opacity=&#8221;1&#8243; width=&#8221;1\/3&#8243; tablet_text_alignment=&#8221;default&#8221; phone_text_alignment=&#8221;default&#8221;][divider line_type=&#8221;No Line&#8221; custom_height=&#8221;30&#8243;][image_with_animation image_url=&#8221;622&#8243; alignment=&#8221;&#8221; animation=&#8221;None&#8221; box_shadow=&#8221;none&#8221; max_width=&#8221;100%&#8221; delay=&#8221;150&#8243;][vc_column_text el_class=&#8221;ratkaisut&#8221;]\n<h3>Sopro<\/h3>\n<p><span style=\"color: #3e98d8;\"><strong>Studerandehangering<\/strong><\/span><\/p>\n<p>Sopro \u00e4r ett modul\u00e4rt system f\u00f6r att administrera studerande. Sopro anpassas l\u00e4tt till s\u00e5v\u00e4l sm\u00e5 som stora arrang\u00f6rer med hj\u00e4lp av till\u00e4ggsmoduler. Tillsammans med Campus Pro \u00e4r det en l\u00f6sning som administrerar all utbildningsinformation.<\/p>\n[\/vc_column_text][divider line_type=&#8221;No Line&#8221; custom_height=&#8221;50&#8243;][nectar_btn size=&#8221;large&#8221; button_style=&#8221;see-through-2&#8243; color_override=&#8221;#3e98d8&#8243; hover_color_override=&#8221;#3e98d8&#8243; hover_text_color_override=&#8221;#ffffff&#8221; icon_family=&#8221;fontawesome&#8221; url=&#8221;\/sv\/produkter\/sopro&#8221; text=&#8221;L\u00e4s mera&#8221; icon_fontawesome=&#8221;fa fa-angle-double-right&#8221;][\/vc_column][vc_column centered_text=&#8221;true&#8221; column_padding=&#8221;padding-5-percent&#8221; column_padding_position=&#8221;left-right&#8221; background_color_opacity=&#8221;1&#8243; background_hover_color_opacity=&#8221;1&#8243; width=&#8221;1\/3&#8243; tablet_text_alignment=&#8221;default&#8221; phone_text_alignment=&#8221;default&#8221;][divider line_type=&#8221;No Line&#8221; custom_height=&#8221;30&#8243;][image_with_animation image_url=&#8221;623&#8243; alignment=&#8221;&#8221; animation=&#8221;None&#8221; box_shadow=&#8221;none&#8221; max_width=&#8221;100%&#8221; delay=&#8221;150&#8243;][vc_column_text el_class=&#8221;ratkaisut&#8221;]\n<h3>Study@Campus<sup>Pro<\/sup><\/h3>\n<p><span style=\"color: #3e98d8;\"><strong>Gr\u00e4nssnitt f\u00f6r l\u00e4raren och studeranden <\/strong><\/span><\/p>\n<p>Study@CampusPro \u00e4r ett innovativt anv\u00e4ndargr\u00e4nssnitt f\u00f6r studerande, handledare och l\u00e4rare, som st\u00f6der inl\u00e4rning och undervisning och f\u00f6rb\u00e4ttrar interaktionen mellan inl\u00e4rningsprocessens olika partner, oberoende av tid och plats.<\/p>\n[\/vc_column_text][divider line_type=&#8221;No Line&#8221; custom_height=&#8221;50&#8243;][nectar_btn size=&#8221;large&#8221; button_style=&#8221;see-through-2&#8243; color_override=&#8221;#3e98d8&#8243; hover_color_override=&#8221;#3e98d8&#8243; hover_text_color_override=&#8221;#ffffff&#8221; icon_family=&#8221;fontawesome&#8221; url=&#8221;\/sv\/produkter\/studycampuspro&#8221; text=&#8221;L\u00e4s mera&#8221; icon_fontawesome=&#8221;fa fa-angle-double-right&#8221;][\/vc_column][\/vc_row]\n","protected":false},"excerpt":{"rendered":"<p>[vc_row type=&#8221;full_width_content&#8221; full_screen_row_position=&#8221;middle&#8221; scene_position=&#8221;center&#8221; text_color=&#8221;dark&#8221; text_align=&#8221;left&#8221; top_padding=&#8221;50&#8243; bottom_padding=&#8221;50&#8243; overlay_strength=&#8221;0.3&#8243;][vc_column centered_text=&#8221;true&#8221; column_padding=&#8221;padding-5-percent&#8221; column_padding_position=&#8221;left-right&#8221; background_color_opacity=&#8221;1&#8243; background_hover_color_opacity=&#8221;1&#8243; el_class=&#8221;ratkaisut&#8221; width=&#8221;1\/3&#8243; tablet_text_alignment=&#8221;default&#8221; phone_text_alignment=&#8221;default&#8221;][divider line_type=&#8221;No Line&#8221;&#8230;<\/p>\n","protected":false},"author":8,"featured_media":0,"parent":0,"menu_order":0,"comment_status":"closed","ping_status":"closed","template":"","meta":{"sfsi_plus_gutenberg_text_before_share":"","sfsi_plus_gutenberg_show_text_before_share":"","sfsi_plus_gutenberg_icon_type":"","sfsi_plus_gutenberg_icon_alignemt":"","sfsi_plus_gutenburg_max_per_row":"","footnotes":""},"class_list":["post-960","page","type-page","status-publish"],"featured_image_src":null,"yoast_head":"<!-- This site is optimized with the Yoast SEO plugin v26.8 - https:\/\/yoast.com\/product\/yoast-seo-wordpress\/ -->\n<title>Produkter - Rediteq Oy<\/title>\n<meta name=\"robots\" content=\"index, follow, max-snippet:-1, max-image-preview:large, max-video-preview:-1\" \/>\n<link rel=\"canonical\" href=\"https:\/\/rediteq.fi\/sv\/produkter\" \/>\n<meta property=\"og:locale\" content=\"sv_SE\" \/>\n<meta property=\"og:type\" content=\"article\" \/>\n<meta property=\"og:title\" content=\"Produkter - Rediteq Oy\" \/>\n<meta property=\"og:description\" content=\"[vc_row type=&#8221;full_width_content&#8221; full_screen_row_position=&#8221;middle&#8221; scene_position=&#8221;center&#8221; text_color=&#8221;dark&#8221; text_align=&#8221;left&#8221; top_padding=&#8221;50&#8243; bottom_padding=&#8221;50&#8243; overlay_strength=&#8221;0.3&#8243;][vc_column centered_text=&#8221;true&#8221; column_padding=&#8221;padding-5-percent&#8221; column_padding_position=&#8221;left-right&#8221; background_color_opacity=&#8221;1&#8243; background_hover_color_opacity=&#8221;1&#8243; el_class=&#8221;ratkaisut&#8221; width=&#8221;1\/3&#8243; tablet_text_alignment=&#8221;default&#8221; phone_text_alignment=&#8221;default&#8221;][divider line_type=&#8221;No Line&#8221;...\" \/>\n<meta property=\"og:url\" content=\"https:\/\/rediteq.fi\/sv\/produkter\" \/>\n<meta property=\"og:site_name\" content=\"Rediteq Oy\" \/>\n<meta property=\"article:publisher\" content=\"https:\/\/www.facebook.com\/Rediteq\/?fref=ts\" \/>\n<meta property=\"article:modified_time\" content=\"2017-09-08T13:12:45+00:00\" \/>\n<meta name=\"twitter:card\" content=\"summary_large_image\" \/>\n<meta name=\"twitter:label1\" content=\"Ber\u00e4knad l\u00e4stid\" \/>\n\t<meta name=\"twitter:data1\" content=\"2 minuter\" \/>\n<script type=\"application\/ld+json\" class=\"yoast-schema-graph\">{\"@context\":\"https:\/\/schema.org\",\"@graph\":[{\"@type\":\"WebPage\",\"@id\":\"https:\/\/rediteq.fi\/sv\/produkter\",\"url\":\"https:\/\/rediteq.fi\/sv\/produkter\",\"name\":\"Produkter - Rediteq Oy\",\"isPartOf\":{\"@id\":\"https:\/\/rediteq.fi\/#website\"},\"datePublished\":\"2017-03-09T12:20:34+00:00\",\"dateModified\":\"2017-09-08T13:12:45+00:00\",\"breadcrumb\":{\"@id\":\"https:\/\/rediteq.fi\/sv\/produkter#breadcrumb\"},\"inLanguage\":\"sv-SE\",\"potentialAction\":[{\"@type\":\"ReadAction\",\"target\":[\"https:\/\/rediteq.fi\/sv\/produkter\"]}]},{\"@type\":\"BreadcrumbList\",\"@id\":\"https:\/\/rediteq.fi\/sv\/produkter#breadcrumb\",\"itemListElement\":[{\"@type\":\"ListItem\",\"position\":1,\"name\":\"Home\",\"item\":\"https:\/\/rediteq.fi\/sv\"},{\"@type\":\"ListItem\",\"position\":2,\"name\":\"Produkter\"}]},{\"@type\":\"WebSite\",\"@id\":\"https:\/\/rediteq.fi\/#website\",\"url\":\"https:\/\/rediteq.fi\/\",\"name\":\"Rediteq Oy\",\"description\":\"Koulutusratkaisut yrityksille ja oppilaitoksille\",\"publisher\":{\"@id\":\"https:\/\/rediteq.fi\/#organization\"},\"potentialAction\":[{\"@type\":\"SearchAction\",\"target\":{\"@type\":\"EntryPoint\",\"urlTemplate\":\"https:\/\/rediteq.fi\/?s={search_term_string}\"},\"query-input\":{\"@type\":\"PropertyValueSpecification\",\"valueRequired\":true,\"valueName\":\"search_term_string\"}}],\"inLanguage\":\"sv-SE\"},{\"@type\":\"Organization\",\"@id\":\"https:\/\/rediteq.fi\/#organization\",\"name\":\"Rediteq Oy\",\"url\":\"https:\/\/rediteq.fi\/\",\"logo\":{\"@type\":\"ImageObject\",\"inLanguage\":\"sv-SE\",\"@id\":\"https:\/\/rediteq.fi\/#\/schema\/logo\/image\/\",\"url\":\"https:\/\/rediteq.fi\/wp-content\/uploads\/2017\/02\/rediteq_logo_png_600px.png\",\"contentUrl\":\"https:\/\/rediteq.fi\/wp-content\/uploads\/2017\/02\/rediteq_logo_png_600px.png\",\"width\":600,\"height\":140,\"caption\":\"Rediteq Oy\"},\"image\":{\"@id\":\"https:\/\/rediteq.fi\/#\/schema\/logo\/image\/\"},\"sameAs\":[\"https:\/\/www.facebook.com\/Rediteq\/?fref=ts\",\"https:\/\/www.instagram.com\/rediteqfi\/\",\"https:\/\/www.youtube.com\/channel\/UChdWBDfytwfkNSFYdMv33MA\"]}]}<\/script>\n<!-- \/ Yoast SEO plugin. -->","yoast_head_json":{"title":"Produkter - Rediteq Oy","robots":{"index":"index","follow":"follow","max-snippet":"max-snippet:-1","max-image-preview":"max-image-preview:large","max-video-preview":"max-video-preview:-1"},"canonical":"https:\/\/rediteq.fi\/sv\/produkter","og_locale":"sv_SE","og_type":"article","og_title":"Produkter - Rediteq Oy","og_description":"[vc_row type=&#8221;full_width_content&#8221; full_screen_row_position=&#8221;middle&#8221; scene_position=&#8221;center&#8221; text_color=&#8221;dark&#8221; text_align=&#8221;left&#8221; top_padding=&#8221;50&#8243; bottom_padding=&#8221;50&#8243; overlay_strength=&#8221;0.3&#8243;][vc_column centered_text=&#8221;true&#8221; column_padding=&#8221;padding-5-percent&#8221; column_padding_position=&#8221;left-right&#8221; background_color_opacity=&#8221;1&#8243; background_hover_color_opacity=&#8221;1&#8243; el_class=&#8221;ratkaisut&#8221; width=&#8221;1\/3&#8243; tablet_text_alignment=&#8221;default&#8221; phone_text_alignment=&#8221;default&#8221;][divider line_type=&#8221;No Line&#8221;...","og_url":"https:\/\/rediteq.fi\/sv\/produkter","og_site_name":"Rediteq Oy","article_publisher":"https:\/\/www.facebook.com\/Rediteq\/?fref=ts","article_modified_time":"2017-09-08T13:12:45+00:00","twitter_card":"summary_large_image","twitter_misc":{"Ber\u00e4knad l\u00e4stid":"2 minuter"},"schema":{"@context":"https:\/\/schema.org","@graph":[{"@type":"WebPage","@id":"https:\/\/rediteq.fi\/sv\/produkter","url":"https:\/\/rediteq.fi\/sv\/produkter","name":"Produkter - Rediteq Oy","isPartOf":{"@id":"https:\/\/rediteq.fi\/#website"},"datePublished":"2017-03-09T12:20:34+00:00","dateModified":"2017-09-08T13:12:45+00:00","breadcrumb":{"@id":"https:\/\/rediteq.fi\/sv\/produkter#breadcrumb"},"inLanguage":"sv-SE","potentialAction":[{"@type":"ReadAction","target":["https:\/\/rediteq.fi\/sv\/produkter"]}]},{"@type":"BreadcrumbList","@id":"https:\/\/rediteq.fi\/sv\/produkter#breadcrumb","itemListElement":[{"@type":"ListItem","position":1,"name":"Home","item":"https:\/\/rediteq.fi\/sv"},{"@type":"ListItem","position":2,"name":"Produkter"}]},{"@type":"WebSite","@id":"https:\/\/rediteq.fi\/#website","url":"https:\/\/rediteq.fi\/","name":"Rediteq Oy","description":"Koulutusratkaisut yrityksille ja oppilaitoksille","publisher":{"@id":"https:\/\/rediteq.fi\/#organization"},"potentialAction":[{"@type":"SearchAction","target":{"@type":"EntryPoint","urlTemplate":"https:\/\/rediteq.fi\/?s={search_term_string}"},"query-input":{"@type":"PropertyValueSpecification","valueRequired":true,"valueName":"search_term_string"}}],"inLanguage":"sv-SE"},{"@type":"Organization","@id":"https:\/\/rediteq.fi\/#organization","name":"Rediteq Oy","url":"https:\/\/rediteq.fi\/","logo":{"@type":"ImageObject","inLanguage":"sv-SE","@id":"https:\/\/rediteq.fi\/#\/schema\/logo\/image\/","url":"https:\/\/rediteq.fi\/wp-content\/uploads\/2017\/02\/rediteq_logo_png_600px.png","contentUrl":"https:\/\/rediteq.fi\/wp-content\/uploads\/2017\/02\/rediteq_logo_png_600px.png","width":600,"height":140,"caption":"Rediteq Oy"},"image":{"@id":"https:\/\/rediteq.fi\/#\/schema\/logo\/image\/"},"sameAs":["https:\/\/www.facebook.com\/Rediteq\/?fref=ts","https:\/\/www.instagram.com\/rediteqfi\/","https:\/\/www.youtube.com\/channel\/UChdWBDfytwfkNSFYdMv33MA"]}]}},"_links":{"self":[{"href":"https:\/\/rediteq.fi\/sv\/wp-json\/wp\/v2\/pages\/960","targetHints":{"allow":["GET"]}}],"collection":[{"href":"https:\/\/rediteq.fi\/sv\/wp-json\/wp\/v2\/pages"}],"about":[{"href":"https:\/\/rediteq.fi\/sv\/wp-json\/wp\/v2\/types\/page"}],"author":[{"embeddable":true,"href":"https:\/\/rediteq.fi\/sv\/wp-json\/wp\/v2\/users\/8"}],"replies":[{"embeddable":true,"href":"https:\/\/rediteq.fi\/sv\/wp-json\/wp\/v2\/comments?post=960"}],"version-history":[{"count":0,"href":"https:\/\/rediteq.fi\/sv\/wp-json\/wp\/v2\/pages\/960\/revisions"}],"wp:attachment":[{"href":"https:\/\/rediteq.fi\/sv\/wp-json\/wp\/v2\/media?parent=960"}],"curies":[{"name":"wp","href":"https:\/\/api.w.org\/{rel}","templated":true}]}}