{"id":1026,"date":"2017-01-31T13:42:55","date_gmt":"2017-01-31T11:42:55","guid":{"rendered":"http:\/\/rediteq.kajahdus.fi\/koulutusratkaisut-yrityksille-ja-oppilaitoksille"},"modified":"2017-05-09T16:50:18","modified_gmt":"2017-05-09T13:50:18","slug":"koulutusratkaisut-yrityksille-ja-oppilaitoksille","status":"publish","type":"page","link":"https:\/\/rediteq.fi\/sv","title":{"rendered":"Hem"},"content":{"rendered":"[vc_row type=&#8221;full_width_background&#8221; full_screen_row_position=&#8221;middle&#8221; bg_image=&#8221;837&#8243; background_image_mobile_hidden=&#8221;true&#8221; bg_position=&#8221;left top&#8221; bg_repeat=&#8221;no-repeat&#8221; scene_position=&#8221;center&#8221; text_color=&#8221;dark&#8221; text_align=&#8221;left&#8221; top_padding=&#8221;100&#8243; bottom_padding=&#8221;100&#8243; overlay_strength=&#8221;0.3&#8243;][vc_column enable_animation=&#8221;true&#8221; animation=&#8221;fade-in-from-left&#8221; column_padding=&#8221;padding-6-percent&#8221; column_padding_position=&#8221;top-bottom&#8221; background_color_opacity=&#8221;1&#8243; background_hover_color_opacity=&#8221;1&#8243; width=&#8221;1\/2&#8243; tablet_text_alignment=&#8221;default&#8221; phone_text_alignment=&#8221;default&#8221; delay=&#8221;100&#8243;][nectar_animated_title heading_tag=&#8221;h1&#8243; style=&#8221;color-strip-reveal&#8221; color=&#8221;Accent-Color&#8221; text=&#8221;Utbildningssystem&#8221;][vc_column_text]\n<h3>f\u00f6r l\u00e4roavtalsarrang\u00f6rer,<br \/>\nl\u00e4roanstalter och f\u00f6retag<\/h3>\n[\/vc_column_text][\/vc_column][vc_column column_padding=&#8221;no-extra-padding&#8221; column_padding_position=&#8221;all&#8221; background_color_opacity=&#8221;1&#8243; background_hover_color_opacity=&#8221;1&#8243; width=&#8221;1\/2&#8243; tablet_text_alignment=&#8221;default&#8221; phone_text_alignment=&#8221;default&#8221;][\/vc_column][\/vc_row][vc_row type=&#8221;full_width_content&#8221; full_screen_row_position=&#8221;middle&#8221; equal_height=&#8221;yes&#8221; content_placement=&#8221;middle&#8221; bg_color=&#8221;#c8232a&#8221; scene_position=&#8221;center&#8221; text_color=&#8221;light&#8221; text_align=&#8221;left&#8221; top_padding=&#8221;50&#8243; bottom_padding=&#8221;50&#8243; overlay_strength=&#8221;0.3&#8243;][vc_column centered_text=&#8221;true&#8221; column_padding=&#8221;padding-7-percent&#8221; column_padding_position=&#8221;left-right&#8221; background_color_opacity=&#8221;1&#8243; background_hover_color_opacity=&#8221;1&#8243; el_class=&#8221;ratkaisut&#8221; width=&#8221;1\/2&#8243; tablet_text_alignment=&#8221;default&#8221; phone_text_alignment=&#8221;default&#8221;][image_with_animation image_url=&#8221;669&#8243; alignment=&#8221;center&#8221; animation=&#8221;None&#8221; box_shadow=&#8221;none&#8221; max_width=&#8221;100%&#8221; delay=&#8221;200&#8243;][vc_column_text el_class=&#8221;ratkaisut&#8221;]\n<h3>Programl\u00f6sningar f\u00f6r<br \/>\nl\u00e4roavtalsarrang\u00f6rer och l\u00e4roanstalter<\/h3>\n<p>Campus Pro inneh\u00e5ller verktygen f\u00f6r hantering av b\u00e5de studerande och utbildning. Campus Pro \u00e4r ett modernt informationssystem som tar i beaktande utbildningens m\u00e5ngformighet. Campus Pro anv\u00e4nds med webbl\u00e4sare.[\/vc_column_text][divider line_type=&#8221;No Line&#8221; custom_height=&#8221;50&#8243;][nectar_btn size=&#8221;large&#8221; button_style=&#8221;see-through-2&#8243; hover_color_override=&#8221;#ffffff&#8221; hover_text_color_override=&#8221;#000000&#8243; icon_family=&#8221;fontawesome&#8221; url=&#8221;\/sv\/losningar\/for-laroavtalsarrangorer-och-laroanstalter&#8221; text=&#8221;L\u00e4s mera&#8221; icon_fontawesome=&#8221;fa fa-angle-double-right&#8221;][\/vc_column][vc_column centered_text=&#8221;true&#8221; column_padding=&#8221;padding-7-percent&#8221; column_padding_position=&#8221;left-right&#8221; background_color_opacity=&#8221;1&#8243; background_hover_color_opacity=&#8221;1&#8243; width=&#8221;1\/2&#8243; tablet_text_alignment=&#8221;default&#8221; phone_text_alignment=&#8221;default&#8221;][image_with_animation image_url=&#8221;670&#8243; alignment=&#8221;center&#8221; animation=&#8221;None&#8221; box_shadow=&#8221;none&#8221; max_width=&#8221;100%&#8221; delay=&#8221;150&#8243;][vc_column_text el_class=&#8221;ratkaisut&#8221;]\n<h3>Programl\u00f6sningar f\u00f6r<br \/>\nadministration av f\u00f6retagsutbildning<\/h3>\n<p>Vi har l\u00f6sningen f\u00f6r administration av f\u00f6retagsutbildningar och kunnande. Med hj\u00e4lp av en webbaserad Campus -helhetsl\u00f6sning kan hela utbildningsprocessen administreras omfattande och kostnadseffektivt.[\/vc_column_text][divider line_type=&#8221;No Line&#8221; custom_height=&#8221;50&#8243;][nectar_btn size=&#8221;large&#8221; button_style=&#8221;see-through-2&#8243; hover_color_override=&#8221;#ffffff&#8221; hover_text_color_override=&#8221;#000000&#8243; icon_family=&#8221;fontawesome&#8221; url=&#8221;\/sv\/helhetslosningar\/for-foretag&#8221; text=&#8221;L\u00e4s mera&#8221; icon_fontawesome=&#8221;fa fa-angle-double-right&#8221;][\/vc_column][\/vc_row][vc_row type=&#8221;full_width_background&#8221; full_screen_row_position=&#8221;middle&#8221; bg_color=&#8221;#f7f7f7&#8243; scene_position=&#8221;center&#8221; text_color=&#8221;dark&#8221; text_align=&#8221;left&#8221; top_padding=&#8221;50&#8243; bottom_padding=&#8221;50&#8243; overlay_strength=&#8221;0.3&#8243;][vc_column centered_text=&#8221;true&#8221; column_padding=&#8221;padding-3-percent&#8221; column_padding_position=&#8221;top-bottom&#8221; background_color=&#8221;#f7f7f7&#8243; background_color_opacity=&#8221;1&#8243; background_hover_color_opacity=&#8221;1&#8243; width=&#8221;1\/1&#8243; tablet_text_alignment=&#8221;default&#8221; phone_text_alignment=&#8221;default&#8221;][testimonial_slider style=&#8221;default&#8221; autorotate=&#8221;8000&#8243;][testimonial title=&#8221;Testimonial&#8221; id=&#8221;1485940203-2-37&#8243; tab_id=&#8221;1485940324829-5&#8243; name=&#8221;Chef f\u00f6r l\u00e4roavtalsutbildningar Kari Plosila&#8221; subtitle=&#8221;Lapin oppisopimuskeskus&#8221; quote=&#8221;\u201dVi har varit mycket n\u00f6jda med programmets online-tj\u00e4nster. S\u00e5v\u00e4l studerande anm\u00e4lningar som elektronisk hantering av utbildnings rapporter och -ers\u00e4ttningar har f\u00f6rb\u00e4ttrat v\u00e5r verksamhet och besparat oss b\u00e5de tid och anstr\u00e4ngningar. N\u00e4rmare 90 % av v\u00e5ra kunder \u00e4r redan i kontakt med oss elektroniskt. Ocks\u00e5 anm\u00e4lningar och annan kommunikation via internet som Sopro erbjuder sparar in mycket tid d\u00e5 avst\u00e5nden till de studerande \u00e4r v\u00e4ldigt l\u00e5nga.\u201d&#8221;] Click the edit button to add your testimonial. [\/testimonial][testimonial title=&#8221;Testimonial&#8221; id=&#8221;1488891753052-0-2&#8243; tab_id=&#8221;1488891753055-4&#8243; name=&#8221;Vuxenutbildningssamordnare Jennika Kullman&#8221; subtitle=&#8221;\u00c5lands yrkesgymnasium&#8221; quote=&#8221;&#8221;Dagens vuxenutbildning och verksamheten inom frist\u00e5ende examen st\u00e4ller h\u00f6ga krav p\u00e5 s\u00e5 v\u00e4l administrationen, pedagogiken och handledningen. Vi har valt Rediteqs system f\u00f6r att kunna f\u00f6lja g\u00e4llande lag, f\u00f6rordning och f\u00f6reskrift. I Rediteqs anv\u00e4ndarv\u00e4nliga system sker dokumentationen och kommunikationen flexibelt och transparent med en s\u00e4ker identifiering och rollf\u00f6rdelning av anv\u00e4ndarna. En stor f\u00f6rdel f\u00f6r oss \u00e4r att systemen \u00e4ven handleder anv\u00e4ndaren i sitt arbete och p\u00e5minner om viktiga saker, det \u00e4r en del av v\u00e5r kvalitetss\u00e4kring.&#8221;<br \/>\n&#8221;][\/testimonial][\/testimonial_slider][\/vc_column][\/vc_row][vc_row type=&#8221;full_width_background&#8221; full_screen_row_position=&#8221;middle&#8221; scene_position=&#8221;center&#8221; text_color=&#8221;dark&#8221; text_align=&#8221;left&#8221; top_padding=&#8221;50&#8243; bottom_padding=&#8221;50&#8243; overlay_strength=&#8221;0.3&#8243;][vc_column column_padding=&#8221;padding-7-percent&#8221; column_padding_position=&#8221;all&#8221; background_color_opacity=&#8221;1&#8243; background_hover_color_opacity=&#8221;1&#8243; width=&#8221;1\/2&#8243; tablet_text_alignment=&#8221;default&#8221; phone_text_alignment=&#8221;default&#8221;][vc_column_text]\n<h3>V\u00e5ra kunder<\/h3>\n<p>V\u00e5ra program anv\u00e4nds av \u00f6ver 50 utbildningsanordnare i Finland.[\/vc_column_text][divider line_type=&#8221;No Line&#8221; custom_height=&#8221;50&#8243;][nectar_btn size=&#8221;large&#8221; button_style=&#8221;see-through-2&#8243; hover_text_color_override=&#8221;#ffffff&#8221; icon_family=&#8221;fontawesome&#8221; url=&#8221;\/sv\/referenser&#8221; text=&#8221;Alla referenser&#8221; icon_fontawesome=&#8221;fa fa-angle-double-right&#8221;][\/vc_column][vc_column column_padding=&#8221;no-extra-padding&#8221; column_padding_position=&#8221;all&#8221; background_color_opacity=&#8221;1&#8243; background_hover_color_opacity=&#8221;1&#8243; width=&#8221;1\/2&#8243; tablet_text_alignment=&#8221;default&#8221; phone_text_alignment=&#8221;default&#8221;][vc_gallery type=&#8221;nectarslider_style&#8221; images=&#8221;721,722,719,720,718,717,714,715,716,712,713,710,709,711,707,708,705,706,703,704,702,701,700,697,698,699,696,695,693,694,691,692,690,689,687,688,686,685,684,682,683,679,680,681,678,677,675,676,674,673&#8243; hide_arrow_navigation=&#8221;true&#8221; bullet_navigation_style=&#8221;see_through&#8221; onclick=&#8221;custom_link&#8221; custom_links_target=&#8221;_self&#8221; img_size=&#8221;600&#215;400&#8243; custom_links=&#8221;#&#8221;][\/vc_column][\/vc_row][vc_row type=&#8221;full_width_background&#8221; full_screen_row_position=&#8221;middle&#8221; bg_image=&#8221;262&#8243; bg_position=&#8221;right top&#8221; bg_repeat=&#8221;no-repeat&#8221; scene_position=&#8221;center&#8221; text_color=&#8221;light&#8221; text_align=&#8221;left&#8221; overlay_strength=&#8221;0.3&#8243;][vc_column column_padding=&#8221;padding-5-percent&#8221; column_padding_position=&#8221;top-bottom&#8221; background_color_opacity=&#8221;1&#8243; background_hover_color_opacity=&#8221;1&#8243; width=&#8221;1\/2&#8243; tablet_text_alignment=&#8221;default&#8221; phone_text_alignment=&#8221;default&#8221;][divider line_type=&#8221;No Line&#8221; custom_height=&#8221;50&#8243;][vc_column_text el_class=&#8221;rediteq&#8221;]\n<h2>Rediteq Oy<\/h2>\n<p>Rediteq Oy, grundat 1991, \u00e4r ett mjukvaruf\u00f6retag inriktad p\u00e5 administration av utbildning. Vi utvecklar program f\u00f6r utbildnings-, l\u00e4roavtals- och kunskapshantering. F\u00f6r administration av l\u00e4roavtal \u00e4r vi klart marknadsledare i Finland.[\/vc_column_text][divider line_type=&#8221;No Line&#8221; custom_height=&#8221;50&#8243;][nectar_btn size=&#8221;large&#8221; button_style=&#8221;see-through-2&#8243; hover_color_override=&#8221;#ffffff&#8221; hover_text_color_override=&#8221;#000000&#8243; icon_family=&#8221;fontawesome&#8221; url=&#8221;\/sv\/foretaget\/kontaktuppgifter&#8221; text=&#8221;Kontakta oss&#8221; icon_fontawesome=&#8221;fa fa-angle-double-right&#8221;][divider line_type=&#8221;No Line&#8221; custom_height=&#8221;50&#8243;][\/vc_column][vc_column column_padding=&#8221;no-extra-padding&#8221; column_padding_position=&#8221;all&#8221; background_color_opacity=&#8221;1&#8243; background_hover_color_opacity=&#8221;1&#8243; width=&#8221;1\/2&#8243; tablet_text_alignment=&#8221;default&#8221; phone_text_alignment=&#8221;default&#8221;][\/vc_column][\/vc_row]\n","protected":false},"excerpt":{"rendered":"<p>[vc_row type=&#8221;full_width_background&#8221; full_screen_row_position=&#8221;middle&#8221; bg_image=&#8221;837&#8243; background_image_mobile_hidden=&#8221;true&#8221; bg_position=&#8221;left top&#8221; bg_repeat=&#8221;no-repeat&#8221; scene_position=&#8221;center&#8221; text_color=&#8221;dark&#8221; text_align=&#8221;left&#8221; top_padding=&#8221;100&#8243; bottom_padding=&#8221;100&#8243; overlay_strength=&#8221;0.3&#8243;][vc_column enable_animation=&#8221;true&#8221; animation=&#8221;fade-in-from-left&#8221; column_padding=&#8221;padding-6-percent&#8221; column_padding_position=&#8221;top-bottom&#8221; background_color_opacity=&#8221;1&#8243; background_hover_color_opacity=&#8221;1&#8243;&#8230;<\/p>\n","protected":false},"author":8,"featured_media":2567,"parent":0,"menu_order":0,"comment_status":"closed","ping_status":"closed","template":"","meta":{"sfsi_plus_gutenberg_text_before_share":"","sfsi_plus_gutenberg_show_text_before_share":"","sfsi_plus_gutenberg_icon_type":"","sfsi_plus_gutenberg_icon_alignemt":"","sfsi_plus_gutenburg_max_per_row":"","footnotes":""},"class_list":["post-1026","page","type-page","status-publish","has-post-thumbnail"],"featured_image_src":"https:\/\/rediteq.fi\/wp-content\/uploads\/2017\/03\/ohjelmistoraatalointi_banneri.jpg","yoast_head":"<!-- This site is optimized with the Yoast SEO plugin v26.8 - https:\/\/yoast.com\/product\/yoast-seo-wordpress\/ -->\n<title>Hem - Rediteq Oy<\/title>\n<meta name=\"robots\" content=\"index, follow, max-snippet:-1, max-image-preview:large, max-video-preview:-1\" \/>\n<link rel=\"canonical\" href=\"https:\/\/rediteq.fi\/sv\" \/>\n<meta property=\"og:locale\" content=\"sv_SE\" \/>\n<meta property=\"og:type\" content=\"article\" \/>\n<meta property=\"og:title\" content=\"Hem - Rediteq Oy\" \/>\n<meta property=\"og:description\" content=\"[vc_row type=&#8221;full_width_background&#8221; full_screen_row_position=&#8221;middle&#8221; bg_image=&#8221;837&#8243; background_image_mobile_hidden=&#8221;true&#8221; bg_position=&#8221;left top&#8221; bg_repeat=&#8221;no-repeat&#8221; scene_position=&#8221;center&#8221; text_color=&#8221;dark&#8221; text_align=&#8221;left&#8221; top_padding=&#8221;100&#8243; bottom_padding=&#8221;100&#8243; overlay_strength=&#8221;0.3&#8243;][vc_column enable_animation=&#8221;true&#8221; animation=&#8221;fade-in-from-left&#8221; column_padding=&#8221;padding-6-percent&#8221; column_padding_position=&#8221;top-bottom&#8221; background_color_opacity=&#8221;1&#8243; background_hover_color_opacity=&#8221;1&#8243;...\" \/>\n<meta property=\"og:url\" content=\"https:\/\/rediteq.fi\/sv\" \/>\n<meta property=\"og:site_name\" content=\"Rediteq Oy\" \/>\n<meta property=\"article:publisher\" content=\"https:\/\/www.facebook.com\/Rediteq\/?fref=ts\" \/>\n<meta property=\"article:modified_time\" content=\"2017-05-09T13:50:18+00:00\" \/>\n<meta name=\"twitter:card\" content=\"summary_large_image\" \/>\n<meta name=\"twitter:label1\" content=\"Ber\u00e4knad l\u00e4stid\" \/>\n\t<meta name=\"twitter:data1\" content=\"5 minuter\" \/>\n<script type=\"application\/ld+json\" class=\"yoast-schema-graph\">{\"@context\":\"https:\/\/schema.org\",\"@graph\":[{\"@type\":\"WebPage\",\"@id\":\"https:\/\/rediteq.fi\/sv\",\"url\":\"https:\/\/rediteq.fi\/sv\",\"name\":\"Hem - Rediteq Oy\",\"isPartOf\":{\"@id\":\"https:\/\/rediteq.fi\/#website\"},\"primaryImageOfPage\":{\"@id\":\"https:\/\/rediteq.fi\/sv#primaryimage\"},\"image\":{\"@id\":\"https:\/\/rediteq.fi\/sv#primaryimage\"},\"thumbnailUrl\":\"https:\/\/rediteq.fi\/wp-content\/uploads\/2017\/03\/ohjelmistoraatalointi_banneri.jpg\",\"datePublished\":\"2017-01-31T11:42:55+00:00\",\"dateModified\":\"2017-05-09T13:50:18+00:00\",\"breadcrumb\":{\"@id\":\"https:\/\/rediteq.fi\/sv#breadcrumb\"},\"inLanguage\":\"sv-SE\",\"potentialAction\":[{\"@type\":\"ReadAction\",\"target\":[\"https:\/\/rediteq.fi\/sv\"]}]},{\"@type\":\"ImageObject\",\"inLanguage\":\"sv-SE\",\"@id\":\"https:\/\/rediteq.fi\/sv#primaryimage\",\"url\":\"https:\/\/rediteq.fi\/wp-content\/uploads\/2017\/03\/ohjelmistoraatalointi_banneri.jpg\",\"contentUrl\":\"https:\/\/rediteq.fi\/wp-content\/uploads\/2017\/03\/ohjelmistoraatalointi_banneri.jpg\",\"width\":2048,\"height\":1018},{\"@type\":\"BreadcrumbList\",\"@id\":\"https:\/\/rediteq.fi\/sv#breadcrumb\",\"itemListElement\":[{\"@type\":\"ListItem\",\"position\":1,\"name\":\"Home\",\"item\":\"https:\/\/rediteq.fi\/sv\"},{\"@type\":\"ListItem\",\"position\":2,\"name\":\"Hem\"}]},{\"@type\":\"WebSite\",\"@id\":\"https:\/\/rediteq.fi\/#website\",\"url\":\"https:\/\/rediteq.fi\/\",\"name\":\"Rediteq Oy\",\"description\":\"Koulutusratkaisut yrityksille ja oppilaitoksille\",\"publisher\":{\"@id\":\"https:\/\/rediteq.fi\/#organization\"},\"potentialAction\":[{\"@type\":\"SearchAction\",\"target\":{\"@type\":\"EntryPoint\",\"urlTemplate\":\"https:\/\/rediteq.fi\/?s={search_term_string}\"},\"query-input\":{\"@type\":\"PropertyValueSpecification\",\"valueRequired\":true,\"valueName\":\"search_term_string\"}}],\"inLanguage\":\"sv-SE\"},{\"@type\":\"Organization\",\"@id\":\"https:\/\/rediteq.fi\/#organization\",\"name\":\"Rediteq Oy\",\"url\":\"https:\/\/rediteq.fi\/\",\"logo\":{\"@type\":\"ImageObject\",\"inLanguage\":\"sv-SE\",\"@id\":\"https:\/\/rediteq.fi\/#\/schema\/logo\/image\/\",\"url\":\"https:\/\/rediteq.fi\/wp-content\/uploads\/2017\/02\/rediteq_logo_png_600px.png\",\"contentUrl\":\"https:\/\/rediteq.fi\/wp-content\/uploads\/2017\/02\/rediteq_logo_png_600px.png\",\"width\":600,\"height\":140,\"caption\":\"Rediteq Oy\"},\"image\":{\"@id\":\"https:\/\/rediteq.fi\/#\/schema\/logo\/image\/\"},\"sameAs\":[\"https:\/\/www.facebook.com\/Rediteq\/?fref=ts\",\"https:\/\/www.instagram.com\/rediteqfi\/\",\"https:\/\/www.youtube.com\/channel\/UChdWBDfytwfkNSFYdMv33MA\"]}]}<\/script>\n<!-- \/ Yoast SEO plugin. -->","yoast_head_json":{"title":"Hem - Rediteq Oy","robots":{"index":"index","follow":"follow","max-snippet":"max-snippet:-1","max-image-preview":"max-image-preview:large","max-video-preview":"max-video-preview:-1"},"canonical":"https:\/\/rediteq.fi\/sv","og_locale":"sv_SE","og_type":"article","og_title":"Hem - Rediteq Oy","og_description":"[vc_row type=&#8221;full_width_background&#8221; full_screen_row_position=&#8221;middle&#8221; bg_image=&#8221;837&#8243; background_image_mobile_hidden=&#8221;true&#8221; bg_position=&#8221;left top&#8221; bg_repeat=&#8221;no-repeat&#8221; scene_position=&#8221;center&#8221; text_color=&#8221;dark&#8221; text_align=&#8221;left&#8221; top_padding=&#8221;100&#8243; bottom_padding=&#8221;100&#8243; overlay_strength=&#8221;0.3&#8243;][vc_column enable_animation=&#8221;true&#8221; animation=&#8221;fade-in-from-left&#8221; column_padding=&#8221;padding-6-percent&#8221; column_padding_position=&#8221;top-bottom&#8221; background_color_opacity=&#8221;1&#8243; background_hover_color_opacity=&#8221;1&#8243;...","og_url":"https:\/\/rediteq.fi\/sv","og_site_name":"Rediteq Oy","article_publisher":"https:\/\/www.facebook.com\/Rediteq\/?fref=ts","article_modified_time":"2017-05-09T13:50:18+00:00","twitter_card":"summary_large_image","twitter_misc":{"Ber\u00e4knad l\u00e4stid":"5 minuter"},"schema":{"@context":"https:\/\/schema.org","@graph":[{"@type":"WebPage","@id":"https:\/\/rediteq.fi\/sv","url":"https:\/\/rediteq.fi\/sv","name":"Hem - Rediteq Oy","isPartOf":{"@id":"https:\/\/rediteq.fi\/#website"},"primaryImageOfPage":{"@id":"https:\/\/rediteq.fi\/sv#primaryimage"},"image":{"@id":"https:\/\/rediteq.fi\/sv#primaryimage"},"thumbnailUrl":"https:\/\/rediteq.fi\/wp-content\/uploads\/2017\/03\/ohjelmistoraatalointi_banneri.jpg","datePublished":"2017-01-31T11:42:55+00:00","dateModified":"2017-05-09T13:50:18+00:00","breadcrumb":{"@id":"https:\/\/rediteq.fi\/sv#breadcrumb"},"inLanguage":"sv-SE","potentialAction":[{"@type":"ReadAction","target":["https:\/\/rediteq.fi\/sv"]}]},{"@type":"ImageObject","inLanguage":"sv-SE","@id":"https:\/\/rediteq.fi\/sv#primaryimage","url":"https:\/\/rediteq.fi\/wp-content\/uploads\/2017\/03\/ohjelmistoraatalointi_banneri.jpg","contentUrl":"https:\/\/rediteq.fi\/wp-content\/uploads\/2017\/03\/ohjelmistoraatalointi_banneri.jpg","width":2048,"height":1018},{"@type":"BreadcrumbList","@id":"https:\/\/rediteq.fi\/sv#breadcrumb","itemListElement":[{"@type":"ListItem","position":1,"name":"Home","item":"https:\/\/rediteq.fi\/sv"},{"@type":"ListItem","position":2,"name":"Hem"}]},{"@type":"WebSite","@id":"https:\/\/rediteq.fi\/#website","url":"https:\/\/rediteq.fi\/","name":"Rediteq Oy","description":"Koulutusratkaisut yrityksille ja oppilaitoksille","publisher":{"@id":"https:\/\/rediteq.fi\/#organization"},"potentialAction":[{"@type":"SearchAction","target":{"@type":"EntryPoint","urlTemplate":"https:\/\/rediteq.fi\/?s={search_term_string}"},"query-input":{"@type":"PropertyValueSpecification","valueRequired":true,"valueName":"search_term_string"}}],"inLanguage":"sv-SE"},{"@type":"Organization","@id":"https:\/\/rediteq.fi\/#organization","name":"Rediteq Oy","url":"https:\/\/rediteq.fi\/","logo":{"@type":"ImageObject","inLanguage":"sv-SE","@id":"https:\/\/rediteq.fi\/#\/schema\/logo\/image\/","url":"https:\/\/rediteq.fi\/wp-content\/uploads\/2017\/02\/rediteq_logo_png_600px.png","contentUrl":"https:\/\/rediteq.fi\/wp-content\/uploads\/2017\/02\/rediteq_logo_png_600px.png","width":600,"height":140,"caption":"Rediteq Oy"},"image":{"@id":"https:\/\/rediteq.fi\/#\/schema\/logo\/image\/"},"sameAs":["https:\/\/www.facebook.com\/Rediteq\/?fref=ts","https:\/\/www.instagram.com\/rediteqfi\/","https:\/\/www.youtube.com\/channel\/UChdWBDfytwfkNSFYdMv33MA"]}]}},"_links":{"self":[{"href":"https:\/\/rediteq.fi\/sv\/wp-json\/wp\/v2\/pages\/1026","targetHints":{"allow":["GET"]}}],"collection":[{"href":"https:\/\/rediteq.fi\/sv\/wp-json\/wp\/v2\/pages"}],"about":[{"href":"https:\/\/rediteq.fi\/sv\/wp-json\/wp\/v2\/types\/page"}],"author":[{"embeddable":true,"href":"https:\/\/rediteq.fi\/sv\/wp-json\/wp\/v2\/users\/8"}],"replies":[{"embeddable":true,"href":"https:\/\/rediteq.fi\/sv\/wp-json\/wp\/v2\/comments?post=1026"}],"version-history":[{"count":0,"href":"https:\/\/rediteq.fi\/sv\/wp-json\/wp\/v2\/pages\/1026\/revisions"}],"wp:featuredmedia":[{"embeddable":true,"href":"https:\/\/rediteq.fi\/sv\/wp-json\/wp\/v2\/media\/2567"}],"wp:attachment":[{"href":"https:\/\/rediteq.fi\/sv\/wp-json\/wp\/v2\/media?parent=1026"}],"curies":[{"name":"wp","href":"https:\/\/api.w.org\/{rel}","templated":true}]}}