{"id":968,"date":"2017-03-08T15:22:00","date_gmt":"2017-03-08T13:22:00","guid":{"rendered":"http:\/\/rediteq.kajahdus.fi\/rekisteriseloste"},"modified":"2024-08-01T10:58:09","modified_gmt":"2024-08-01T07:58:09","slug":"rekisteriseloste","status":"publish","type":"page","link":"https:\/\/rediteq.fi\/en\/rekisteriseloste","title":{"rendered":"Rekisteriseloste"},"content":{"rendered":"[vc_row type=&#8221;in_container&#8221; full_screen_row_position=&#8221;middle&#8221; column_margin=&#8221;default&#8221; column_direction=&#8221;default&#8221; column_direction_tablet=&#8221;default&#8221; column_direction_phone=&#8221;default&#8221; scene_position=&#8221;center&#8221; bottom_padding=&#8221;50&#8243; text_color=&#8221;dark&#8221; text_align=&#8221;left&#8221; row_border_radius=&#8221;none&#8221; row_border_radius_applies=&#8221;bg&#8221; overflow=&#8221;visible&#8221; overlay_strength=&#8221;0.3&#8243; gradient_direction=&#8221;left_to_right&#8221; shape_divider_position=&#8221;bottom&#8221; bg_image_animation=&#8221;none&#8221;][vc_column column_padding=&#8221;no-extra-padding&#8221; column_padding_tablet=&#8221;inherit&#8221; column_padding_phone=&#8221;inherit&#8221; column_padding_position=&#8221;all&#8221; column_element_direction_desktop=&#8221;default&#8221; column_element_spacing=&#8221;default&#8221; desktop_text_alignment=&#8221;default&#8221; tablet_text_alignment=&#8221;default&#8221; phone_text_alignment=&#8221;default&#8221; background_color_opacity=&#8221;1&#8243; background_hover_color_opacity=&#8221;1&#8243; column_backdrop_filter=&#8221;none&#8221; column_shadow=&#8221;none&#8221; column_border_radius=&#8221;none&#8221; column_link_target=&#8221;_self&#8221; column_position=&#8221;default&#8221; gradient_direction=&#8221;left_to_right&#8221; overlay_strength=&#8221;0.3&#8243; width=&#8221;1\/1&#8243; tablet_width_inherit=&#8221;default&#8221; animation_type=&#8221;default&#8221; bg_image_animation=&#8221;none&#8221; border_type=&#8221;simple&#8221; column_border_width=&#8221;none&#8221; column_border_style=&#8221;solid&#8221;][vc_column_text el_class=&#8221;klassi3&#8243;]\n<h3>TIETOSUOJASELOSTE ASIAKAS-\/MARKKINOINTIREKISTERI\u00c4 KOSKIEN<\/h3>\n<p>Tietosuojaseloste t\u00e4ll\u00e4 sivustolla ker\u00e4tyist\u00e4 ja k\u00e4sitellyist\u00e4 asiakastiedoista.<\/p>\n<p><strong>1. Rekisterinpit\u00e4j\u00e4<\/strong><\/p>\n<p>Rediteq Oy, Aninkaistenkatu 14 B 35, 20100 Turku, puh. 02 2828 990<\/p>\n<p><strong>2. Rekisteriasiat<\/strong><\/p>\n<p>Petri Huttunen, <a href=\"mailto:petri.huttunen@rediteq.fi\">petri.huttunen@rediteq.fi<\/a><\/p>\n<p><strong>3. Rekisterin nimi<\/strong><\/p>\n<p>Rediteq Oy:n asiakasrekisteri<\/p>\n<p><strong>4. Rekisterin peruste ja tarkoitus<\/strong> (rekisterin k\u00e4ytt\u00f6tarkoitus)<\/p>\n<p>Asiakassuhteiden hoitaminen ja kehitt\u00e4minen, markkinointitoimenpiteet, tutkimustoiminta<\/p>\n<p><strong>5. Rekisterin tietosis\u00e4lt\u00f6<\/strong><\/p>\n<p>Nimi, s\u00e4hk\u00f6postiosoite, puhelinnumero, asema\/titteli, oppilaitos\/yritys, oppilaitoksen\/yrityksen osoitetiedot<\/p>\n<p><strong>6. Rekisterin s\u00e4\u00e4nn\u00f6nmukaiset tietol\u00e4hteet<\/strong><\/p>\n<p>Rediteq Oy:n asiakastietoj\u00e4rjestelm\u00e4, yleisesti saatavilla olevat internetl\u00e4hteet, asiakkaiden t\u00e4ytt\u00e4m\u00e4t palautelomakkeet<\/p>\n<p><strong>7. Tietojen luovutus ja vastaanottajat<br \/>\n<\/strong><\/p>\n<p>Tietoja ei luovuteta<\/p>\n<p><strong>8. Tietojen s\u00e4ilytysaika<\/strong><\/p>\n<p>Tietoja voidaan poistaa asiakkaan pyynn\u00f6st\u00e4 tai asiakassuhteen loppumisen vuoksi.<\/p>\n<p><strong>9. Rekisterin suojauksen periaatteet<\/strong><\/p>\n<p>Henkil\u00f6tiedot s\u00e4ilytet\u00e4\u00e4n luottamuksellisina. Rekisteri on suojattu ulkopuolisilta tahoilta asianmukaisilla tietoteknisill\u00e4 ratkaisuilla.<\/p>\n<p><strong>10. Kielto-oikeus<\/strong><\/p>\n<p>Asiakkaalla on oikeus kielt\u00e4\u00e4 tietojensa luovuttamisen ja k\u00e4sittelyn markkinointitarkoituksiin. Asiakkaalla on lis\u00e4ksi oikeus pyyt\u00e4\u00e4 rekisteriss\u00e4 olevan v\u00e4\u00e4r\u00e4n tiedon korjaamista.[\/vc_column_text][\/vc_column][\/vc_row][vc_row type=&#8221;in_container&#8221; full_screen_row_position=&#8221;middle&#8221; column_margin=&#8221;default&#8221; column_direction=&#8221;default&#8221; column_direction_tablet=&#8221;default&#8221; column_direction_phone=&#8221;default&#8221; scene_position=&#8221;center&#8221; bottom_padding=&#8221;50&#8243; text_color=&#8221;dark&#8221; text_align=&#8221;left&#8221; row_border_radius=&#8221;none&#8221; row_border_radius_applies=&#8221;bg&#8221; overflow=&#8221;visible&#8221; overlay_strength=&#8221;0.3&#8243; gradient_direction=&#8221;left_to_right&#8221; shape_divider_position=&#8221;bottom&#8221; bg_image_animation=&#8221;none&#8221;][vc_column column_padding=&#8221;no-extra-padding&#8221; column_padding_tablet=&#8221;inherit&#8221; column_padding_phone=&#8221;inherit&#8221; column_padding_position=&#8221;all&#8221; column_element_direction_desktop=&#8221;default&#8221; column_element_spacing=&#8221;default&#8221; desktop_text_alignment=&#8221;default&#8221; tablet_text_alignment=&#8221;default&#8221; phone_text_alignment=&#8221;default&#8221; background_color_opacity=&#8221;1&#8243; background_hover_color_opacity=&#8221;1&#8243; column_backdrop_filter=&#8221;none&#8221; column_shadow=&#8221;none&#8221; column_border_radius=&#8221;none&#8221; column_link_target=&#8221;_self&#8221; column_position=&#8221;default&#8221; gradient_direction=&#8221;left_to_right&#8221; overlay_strength=&#8221;0.3&#8243; width=&#8221;1\/1&#8243; tablet_width_inherit=&#8221;default&#8221; animation_type=&#8221;default&#8221; bg_image_animation=&#8221;none&#8221; border_type=&#8221;simple&#8221; column_border_width=&#8221;none&#8221; column_border_style=&#8221;solid&#8221;][vc_column_text el_class=&#8221;klassi3&#8243;]\n<h3>TIETOSUOJASELOSTE REKRYTOINTIJ\u00c4RJESTELM\u00c4\u00c4 KOSKIEN<\/h3>\n<p>Tietosuojaseloste Rediteq Oy:n rekrytointij\u00e4rjestelm\u00e4\u00e4 koskien.<\/p>\n<p><strong>Rekisterinpit\u00e4j\u00e4<\/strong><\/p>\n<p>Rediteq Oy, Aninkaistenkatu 14 B 35, 20100 Turku, puh. 02 2828 990<\/p>\n<p><strong>Rekisteriasiat<\/strong><\/p>\n<p>Petri Huttunen, <a href=\"mailto:petri.huttunen@rediteq.fi\">petri.huttunen@rediteq.fi<\/a><\/p>\n<p><strong>Rekisterin nimi<\/strong><\/p>\n<p>Rediteq Oy:n rekrytointij\u00e4rjestelm\u00e4.<\/p>\n<p><strong>Rekisterin peruste ja tarkoitus<\/strong><\/p>\n<p>Yrityksen henkil\u00f6st\u00f6resurssien hallinnointi. Ty\u00f6ss\u00e4oppijoiden ja harjoittelijoiden hallinnointi.<\/p>\n<p><strong>Suostumus henkil\u00f6tietojen k\u00e4sittelyyn<\/strong><\/p>\n<p>Antaessasi henkil\u00f6tietosi rekrytointij\u00e4rjestelm\u00e4\u00e4n, annat suostumuksesi niiden k\u00e4sittelyyn. Voit perua suostumuksesi milloin tahansa. Rekrytointiprosessimme edellytt\u00e4\u00e4 henkil\u00f6tietojesi k\u00e4sittely\u00e4, joten suostumuksesi peruminen johtaa tilanteeseen, jossa emme voi jatkaa rekrytointiprosessia kanssasi.<\/p>\n<p>Jos aiot antaa meille tarkkoja tietoja suosittelijasta tai muusta kolmannesta osapuolesta osana CV:t\u00e4si tai ansioluetteloasi, on sinun vastuullasi hankkia lupa kyseiselt\u00e4 kolmannelta osapuolelta.<\/p>\n<p>T\u00e4m\u00e4 tietosuojaseloste kattaa kaikki henkil\u00f6tiedot, jotka annat verkkopohjaisen rekrytointij\u00e4rjestelm\u00e4mme kautta, postitse tai s\u00e4hk\u00f6postitse ty\u00f6hakemuksen tai rekrytointiprosessin osana. T\u00e4llaisia henkil\u00f6tietoja ovat esimerkiksi:<\/p>\n<p>nimi, osoite, puhelinnumero, s\u00e4hk\u00f6postiosoite, muut yhteystiedot sek\u00e4 tavat, jolla ensisijaisesti toivot sinuun otettavan yhteytt\u00e4, k\u00e4ytt\u00e4j\u00e4tunnus ja salasana sek\u00e4 muut tiedot, joita k\u00e4ytet\u00e4\u00e4n sinun tunnistamiseesi j\u00e4rjestelm\u00e4ss\u00e4, CV, ansioluettelo, saate, aikaisempi ty\u00f6kokemus, koulutus, p\u00e4tevyys ja osaaminen, paikkakunta, josta ensisijaisesti haet t\u00f6it\u00e4, halukkuus vaihtaa toimipaikkaa, palkkatoive, kanava, jonka kautta sait tiet\u00e4\u00e4 avoimesta ty\u00f6paikasta, suosituksiin liittyv\u00e4t tiedot<\/p>\n<p><strong>Rekisterin s\u00e4\u00e4nn\u00f6nmukaiset tietol\u00e4hteet<\/strong><\/p>\n<p>J\u00e4rjestelm\u00e4 ker\u00e4\u00e4 henkil\u00f6tietoja suoraan hakijoilta sek\u00e4 tietol\u00e4hteist\u00e4, jotka hakijat ovat yritykselle antaneet. Rediteq saattaa kansallisen lains\u00e4\u00e4d\u00e4nn\u00f6n puitteissa ker\u00e4t\u00e4 henkil\u00f6tietoja my\u00f6s julkisista l\u00e4hteist\u00e4 sek\u00e4 suorittaa taustatutkimuksia ja arviointeja ja tallentaa n\u00e4it\u00e4 tietoja rekrytointiprosessin aikana.<\/p>\n<p><strong>Tietojen luovutus ja vastaanottajat<br \/>\n<\/strong><\/p>\n<p>Yritys tekee yhteisty\u00f6t\u00e4 kolmansien osapuolien kanssa osana rekrytointiprosessia. Yritys luovuttaa tietoja n\u00e4ille osapuolille mm. hakijakandidaattien soveltuvuuden arvioimiseksi sek\u00e4 muissa tarkoituksissa, jotka liittyv\u00e4t rekrytointiprosessiin.<\/p>\n<p><strong>Tietojen s\u00e4ilytysaika<\/strong><\/p>\n<p>Yritys s\u00e4ilytt\u00e4\u00e4 hakijoiden henkil\u00f6tietoja niiden k\u00e4sittelyyn tarkoitetun ajan ja niin kauan kuin laki meilt\u00e4 sit\u00e4 edellytt\u00e4\u00e4 tai siihen asti, ett\u00e4 saamme poistopyynn\u00f6n. Kaikki tiedot liittyen ty\u00f6nhakuun s\u00e4ilytet\u00e4\u00e4n rekisteriss\u00e4mme 24 kuukauden ajan viimeisest\u00e4 toimenpiteest\u00e4 tai yhteydenotosta. Yrityksell\u00e4 on oikeus poistaa henkil\u00f6tietosi (kuten CV tai ansioluettelo) milloin tahansa ilman erityist\u00e4 syyt\u00e4.<\/p>\n<p><strong>Rekisterin suojauksen periaatteet<\/strong><\/p>\n<p>Henkil\u00f6tiedot s\u00e4ilytet\u00e4\u00e4n luottamuksellisina. Rekisteri on suojattu ulkopuolisilta tahoilta asianmukaisilla tietoteknisill\u00e4 ratkaisuilla.[\/vc_column_text][\/vc_column][\/vc_row][vc_row type=&#8221;in_container&#8221; full_screen_row_position=&#8221;middle&#8221; column_margin=&#8221;default&#8221; column_direction=&#8221;default&#8221; column_direction_tablet=&#8221;default&#8221; column_direction_phone=&#8221;default&#8221; scene_position=&#8221;center&#8221; bottom_padding=&#8221;50&#8243; text_color=&#8221;dark&#8221; text_align=&#8221;left&#8221; row_border_radius=&#8221;none&#8221; row_border_radius_applies=&#8221;bg&#8221; overflow=&#8221;visible&#8221; id=&#8221;soproonlinerekisteri&#8221; overlay_strength=&#8221;0.3&#8243; gradient_direction=&#8221;left_to_right&#8221; shape_divider_position=&#8221;bottom&#8221; bg_image_animation=&#8221;none&#8221; gradient_type=&#8221;default&#8221; shape_type=&#8221;&#8221;][vc_column column_padding=&#8221;no-extra-padding&#8221; column_padding_tablet=&#8221;inherit&#8221; column_padding_phone=&#8221;inherit&#8221; column_padding_position=&#8221;all&#8221; column_element_direction_desktop=&#8221;default&#8221; column_element_spacing=&#8221;default&#8221; desktop_text_alignment=&#8221;default&#8221; tablet_text_alignment=&#8221;default&#8221; phone_text_alignment=&#8221;default&#8221; background_color_opacity=&#8221;1&#8243; background_hover_color_opacity=&#8221;1&#8243; column_backdrop_filter=&#8221;none&#8221; column_shadow=&#8221;none&#8221; column_border_radius=&#8221;none&#8221; column_link_target=&#8221;_self&#8221; column_position=&#8221;default&#8221; gradient_direction=&#8221;left_to_right&#8221; overlay_strength=&#8221;0.3&#8243; width=&#8221;1\/1&#8243; tablet_width_inherit=&#8221;default&#8221; animation_type=&#8221;default&#8221; bg_image_animation=&#8221;none&#8221; border_type=&#8221;simple&#8221; column_border_width=&#8221;none&#8221; column_border_style=&#8221;solid&#8221;][vc_column_text el_class=&#8221;klassi3&#8243; text_direction=&#8221;default&#8221;]\n<h3><a href=\"https:\/\/rediteq.fi\/en\/soproonlinetietosuojaseloste-2\">SOPRO ONLINE J\u00c4RJESTELM\u00c4N REKISTERI- JA TIETOSUOJASELOSTE<\/a><span id=\"page23R_mcid27\" class=\"markedContent\"><\/span><\/h3>\n[\/vc_column_text][\/vc_column][\/vc_row]\n","protected":false},"excerpt":{"rendered":"<p>[vc_row type=&#8221;in_container&#8221; full_screen_row_position=&#8221;middle&#8221; column_margin=&#8221;default&#8221; column_direction=&#8221;default&#8221; column_direction_tablet=&#8221;default&#8221; column_direction_phone=&#8221;default&#8221; scene_position=&#8221;center&#8221; bottom_padding=&#8221;50&#8243; text_color=&#8221;dark&#8221; text_align=&#8221;left&#8221; row_border_radius=&#8221;none&#8221; row_border_radius_applies=&#8221;bg&#8221; overflow=&#8221;visible&#8221; overlay_strength=&#8221;0.3&#8243; gradient_direction=&#8221;left_to_right&#8221; shape_divider_position=&#8221;bottom&#8221; bg_image_animation=&#8221;none&#8221;][vc_column column_padding=&#8221;no-extra-padding&#8221; column_padding_tablet=&#8221;inherit&#8221;&#8230;<\/p>\n","protected":false},"author":8,"featured_media":0,"parent":0,"menu_order":0,"comment_status":"closed","ping_status":"closed","template":"","meta":{"sfsi_plus_gutenberg_text_before_share":"","sfsi_plus_gutenberg_show_text_before_share":"","sfsi_plus_gutenberg_icon_type":"","sfsi_plus_gutenberg_icon_alignemt":"","sfsi_plus_gutenburg_max_per_row":"","footnotes":""},"class_list":["post-968","page","type-page","status-publish"],"featured_image_src":null,"yoast_head":"<!-- This site is optimized with the Yoast SEO plugin v26.8 - https:\/\/yoast.com\/product\/yoast-seo-wordpress\/ -->\n<title>Rekisteriseloste - Rediteq Oy<\/title>\n<meta name=\"robots\" content=\"index, follow, max-snippet:-1, max-image-preview:large, max-video-preview:-1\" \/>\n<link rel=\"canonical\" href=\"https:\/\/rediteq.fi\/en\/rekisteriseloste\" \/>\n<meta property=\"og:locale\" content=\"en_US\" \/>\n<meta property=\"og:type\" content=\"article\" \/>\n<meta property=\"og:title\" content=\"Rekisteriseloste - Rediteq Oy\" \/>\n<meta property=\"og:description\" content=\"[vc_row type=&#8221;in_container&#8221; full_screen_row_position=&#8221;middle&#8221; column_margin=&#8221;default&#8221; column_direction=&#8221;default&#8221; column_direction_tablet=&#8221;default&#8221; column_direction_phone=&#8221;default&#8221; scene_position=&#8221;center&#8221; bottom_padding=&#8221;50&#8243; text_color=&#8221;dark&#8221; text_align=&#8221;left&#8221; row_border_radius=&#8221;none&#8221; row_border_radius_applies=&#8221;bg&#8221; overflow=&#8221;visible&#8221; overlay_strength=&#8221;0.3&#8243; gradient_direction=&#8221;left_to_right&#8221; shape_divider_position=&#8221;bottom&#8221; bg_image_animation=&#8221;none&#8221;][vc_column column_padding=&#8221;no-extra-padding&#8221; column_padding_tablet=&#8221;inherit&#8221;...\" \/>\n<meta property=\"og:url\" content=\"https:\/\/rediteq.fi\/en\/rekisteriseloste\" \/>\n<meta property=\"og:site_name\" content=\"Rediteq Oy\" \/>\n<meta property=\"article:publisher\" content=\"https:\/\/www.facebook.com\/Rediteq\/?fref=ts\" \/>\n<meta property=\"article:modified_time\" content=\"2024-08-01T07:58:09+00:00\" \/>\n<meta name=\"twitter:card\" content=\"summary_large_image\" \/>\n<meta name=\"twitter:label1\" content=\"Est. reading time\" \/>\n\t<meta name=\"twitter:data1\" content=\"3 minutes\" \/>\n<script type=\"application\/ld+json\" class=\"yoast-schema-graph\">{\"@context\":\"https:\/\/schema.org\",\"@graph\":[{\"@type\":\"WebPage\",\"@id\":\"https:\/\/rediteq.fi\/en\/rekisteriseloste\",\"url\":\"https:\/\/rediteq.fi\/en\/rekisteriseloste\",\"name\":\"Rekisteriseloste - Rediteq Oy\",\"isPartOf\":{\"@id\":\"https:\/\/rediteq.fi\/#website\"},\"datePublished\":\"2017-03-08T13:22:00+00:00\",\"dateModified\":\"2024-08-01T07:58:09+00:00\",\"breadcrumb\":{\"@id\":\"https:\/\/rediteq.fi\/en\/rekisteriseloste#breadcrumb\"},\"inLanguage\":\"en-US\",\"potentialAction\":[{\"@type\":\"ReadAction\",\"target\":[\"https:\/\/rediteq.fi\/en\/rekisteriseloste\"]}]},{\"@type\":\"BreadcrumbList\",\"@id\":\"https:\/\/rediteq.fi\/en\/rekisteriseloste#breadcrumb\",\"itemListElement\":[{\"@type\":\"ListItem\",\"position\":1,\"name\":\"Home\",\"item\":\"https:\/\/rediteq.fi\/en\"},{\"@type\":\"ListItem\",\"position\":2,\"name\":\"Rekisteriseloste\"}]},{\"@type\":\"WebSite\",\"@id\":\"https:\/\/rediteq.fi\/#website\",\"url\":\"https:\/\/rediteq.fi\/\",\"name\":\"Rediteq Oy\",\"description\":\"Koulutusratkaisut yrityksille ja oppilaitoksille\",\"publisher\":{\"@id\":\"https:\/\/rediteq.fi\/#organization\"},\"potentialAction\":[{\"@type\":\"SearchAction\",\"target\":{\"@type\":\"EntryPoint\",\"urlTemplate\":\"https:\/\/rediteq.fi\/?s={search_term_string}\"},\"query-input\":{\"@type\":\"PropertyValueSpecification\",\"valueRequired\":true,\"valueName\":\"search_term_string\"}}],\"inLanguage\":\"en-US\"},{\"@type\":\"Organization\",\"@id\":\"https:\/\/rediteq.fi\/#organization\",\"name\":\"Rediteq Oy\",\"url\":\"https:\/\/rediteq.fi\/\",\"logo\":{\"@type\":\"ImageObject\",\"inLanguage\":\"en-US\",\"@id\":\"https:\/\/rediteq.fi\/#\/schema\/logo\/image\/\",\"url\":\"https:\/\/rediteq.fi\/wp-content\/uploads\/2017\/02\/rediteq_logo_png_600px.png\",\"contentUrl\":\"https:\/\/rediteq.fi\/wp-content\/uploads\/2017\/02\/rediteq_logo_png_600px.png\",\"width\":600,\"height\":140,\"caption\":\"Rediteq Oy\"},\"image\":{\"@id\":\"https:\/\/rediteq.fi\/#\/schema\/logo\/image\/\"},\"sameAs\":[\"https:\/\/www.facebook.com\/Rediteq\/?fref=ts\",\"https:\/\/www.instagram.com\/rediteqfi\/\",\"https:\/\/www.youtube.com\/channel\/UChdWBDfytwfkNSFYdMv33MA\"]}]}<\/script>\n<!-- \/ Yoast SEO plugin. -->","yoast_head_json":{"title":"Rekisteriseloste - Rediteq Oy","robots":{"index":"index","follow":"follow","max-snippet":"max-snippet:-1","max-image-preview":"max-image-preview:large","max-video-preview":"max-video-preview:-1"},"canonical":"https:\/\/rediteq.fi\/en\/rekisteriseloste","og_locale":"en_US","og_type":"article","og_title":"Rekisteriseloste - Rediteq Oy","og_description":"[vc_row type=&#8221;in_container&#8221; full_screen_row_position=&#8221;middle&#8221; column_margin=&#8221;default&#8221; column_direction=&#8221;default&#8221; column_direction_tablet=&#8221;default&#8221; column_direction_phone=&#8221;default&#8221; scene_position=&#8221;center&#8221; bottom_padding=&#8221;50&#8243; text_color=&#8221;dark&#8221; text_align=&#8221;left&#8221; row_border_radius=&#8221;none&#8221; row_border_radius_applies=&#8221;bg&#8221; overflow=&#8221;visible&#8221; overlay_strength=&#8221;0.3&#8243; gradient_direction=&#8221;left_to_right&#8221; shape_divider_position=&#8221;bottom&#8221; bg_image_animation=&#8221;none&#8221;][vc_column column_padding=&#8221;no-extra-padding&#8221; column_padding_tablet=&#8221;inherit&#8221;...","og_url":"https:\/\/rediteq.fi\/en\/rekisteriseloste","og_site_name":"Rediteq Oy","article_publisher":"https:\/\/www.facebook.com\/Rediteq\/?fref=ts","article_modified_time":"2024-08-01T07:58:09+00:00","twitter_card":"summary_large_image","twitter_misc":{"Est. reading time":"3 minutes"},"schema":{"@context":"https:\/\/schema.org","@graph":[{"@type":"WebPage","@id":"https:\/\/rediteq.fi\/en\/rekisteriseloste","url":"https:\/\/rediteq.fi\/en\/rekisteriseloste","name":"Rekisteriseloste - Rediteq Oy","isPartOf":{"@id":"https:\/\/rediteq.fi\/#website"},"datePublished":"2017-03-08T13:22:00+00:00","dateModified":"2024-08-01T07:58:09+00:00","breadcrumb":{"@id":"https:\/\/rediteq.fi\/en\/rekisteriseloste#breadcrumb"},"inLanguage":"en-US","potentialAction":[{"@type":"ReadAction","target":["https:\/\/rediteq.fi\/en\/rekisteriseloste"]}]},{"@type":"BreadcrumbList","@id":"https:\/\/rediteq.fi\/en\/rekisteriseloste#breadcrumb","itemListElement":[{"@type":"ListItem","position":1,"name":"Home","item":"https:\/\/rediteq.fi\/en"},{"@type":"ListItem","position":2,"name":"Rekisteriseloste"}]},{"@type":"WebSite","@id":"https:\/\/rediteq.fi\/#website","url":"https:\/\/rediteq.fi\/","name":"Rediteq Oy","description":"Koulutusratkaisut yrityksille ja oppilaitoksille","publisher":{"@id":"https:\/\/rediteq.fi\/#organization"},"potentialAction":[{"@type":"SearchAction","target":{"@type":"EntryPoint","urlTemplate":"https:\/\/rediteq.fi\/?s={search_term_string}"},"query-input":{"@type":"PropertyValueSpecification","valueRequired":true,"valueName":"search_term_string"}}],"inLanguage":"en-US"},{"@type":"Organization","@id":"https:\/\/rediteq.fi\/#organization","name":"Rediteq Oy","url":"https:\/\/rediteq.fi\/","logo":{"@type":"ImageObject","inLanguage":"en-US","@id":"https:\/\/rediteq.fi\/#\/schema\/logo\/image\/","url":"https:\/\/rediteq.fi\/wp-content\/uploads\/2017\/02\/rediteq_logo_png_600px.png","contentUrl":"https:\/\/rediteq.fi\/wp-content\/uploads\/2017\/02\/rediteq_logo_png_600px.png","width":600,"height":140,"caption":"Rediteq Oy"},"image":{"@id":"https:\/\/rediteq.fi\/#\/schema\/logo\/image\/"},"sameAs":["https:\/\/www.facebook.com\/Rediteq\/?fref=ts","https:\/\/www.instagram.com\/rediteqfi\/","https:\/\/www.youtube.com\/channel\/UChdWBDfytwfkNSFYdMv33MA"]}]}},"_links":{"self":[{"href":"https:\/\/rediteq.fi\/en\/wp-json\/wp\/v2\/pages\/968","targetHints":{"allow":["GET"]}}],"collection":[{"href":"https:\/\/rediteq.fi\/en\/wp-json\/wp\/v2\/pages"}],"about":[{"href":"https:\/\/rediteq.fi\/en\/wp-json\/wp\/v2\/types\/page"}],"author":[{"embeddable":true,"href":"https:\/\/rediteq.fi\/en\/wp-json\/wp\/v2\/users\/8"}],"replies":[{"embeddable":true,"href":"https:\/\/rediteq.fi\/en\/wp-json\/wp\/v2\/comments?post=968"}],"version-history":[{"count":5,"href":"https:\/\/rediteq.fi\/en\/wp-json\/wp\/v2\/pages\/968\/revisions"}],"predecessor-version":[{"id":16171,"href":"https:\/\/rediteq.fi\/en\/wp-json\/wp\/v2\/pages\/968\/revisions\/16171"}],"wp:attachment":[{"href":"https:\/\/rediteq.fi\/en\/wp-json\/wp\/v2\/media?parent=968"}],"curies":[{"name":"wp","href":"https:\/\/api.w.org\/{rel}","templated":true}]}}